{"id":3048,"date":"2026-02-27T15:42:39","date_gmt":"2026-02-27T13:42:39","guid":{"rendered":"https:\/\/avocoop.com\/avocoop\/"},"modified":"2026-03-20T19:58:44","modified_gmt":"2026-03-20T17:58:44","slug":"avocoop","status":"publish","type":"page","link":"https:\/\/avocoop.com\/de\/avocoop\/","title":{"rendered":"Avocoop"},"content":{"rendered":"<section class=\"l-section wpb_row us_custom_19737bc8 height_medium\"><div class=\"l-section-h i-cf\"><div class=\"g-cols vc_row via_flex valign_top type_default stacking_default\"><div class=\"vc_col-sm-12 wpb_column vc_column_container\"><div class=\"vc_column-inner\"><div class=\"wpb_wrapper\"><div class=\"wpb_text_column\"><div class=\"wpb_wrapper\"><\/div><\/div><\/div><\/div><\/div><\/div><\/div><\/section><section class=\"l-section wpb_row us_custom_19737bc8 height_medium\"><div class=\"l-section-h i-cf\"><div class=\"g-cols vc_row via_flex valign_top type_default stacking_default\"><div class=\"vc_col-sm-12 wpb_column vc_column_container\"><div class=\"vc_column-inner\"><div class=\"wpb_wrapper\"><div class=\"wpb_text_column\"><div class=\"wpb_wrapper\"><\/div><\/div><\/div><\/div><\/div><\/div><\/div><\/section><section class=\"l-section wpb_row us_custom_f3f68ac4 height_medium\"><div class=\"l-section-h i-cf\"><div class=\"g-cols vc_row via_flex valign_top type_default stacking_default\"><div class=\"vc_col-sm-12 wpb_column vc_column_container\"><div class=\"vc_column-inner\"><div class=\"wpb_wrapper\"><div class=\"w-image hide_on_default hide_on_laptops align_center\"><div class=\"w-image-h\"><img decoding=\"async\" width=\"1536\" height=\"1024\" src=\"https:\/\/avocoop.com\/wp-content\/uploads\/2026\/02\/Avocoop-Imagen-Web.png\" class=\"attachment-full size-full\" alt=\"Avocoop\" loading=\"lazy\" srcset=\"https:\/\/avocoop.com\/wp-content\/uploads\/2026\/02\/Avocoop-Imagen-Web.png 1536w, https:\/\/avocoop.com\/wp-content\/uploads\/2026\/02\/Avocoop-Imagen-Web-300x200.png 300w, https:\/\/avocoop.com\/wp-content\/uploads\/2026\/02\/Avocoop-Imagen-Web-1024x683.png 1024w\" sizes=\"auto, (max-width: 1536px) 100vw, 1536px\" \/><\/div><\/div><div class=\"g-cols wpb_row blocks-animation via_flex valign_top type_default stacking_default\"><div class=\"vc_col-sm-4 wpb_column vc_column_container\"><div class=\"vc_column-inner\"><div class=\"wpb_wrapper\"><div data-us-scroll=\"{&quot;from_initial_position&quot;:&quot;0&quot;,&quot;start_position&quot;:&quot;0%&quot;,&quot;end_position&quot;:&quot;75%&quot;,&quot;delay&quot;:&quot;0.2s&quot;,&quot;translate_y_direction&quot;:&quot;up&quot;,&quot;translate_y_speed&quot;:&quot;0.2x&quot;,&quot;opacity_direction&quot;:&quot;out-in-out&quot;}\" class=\"w-vwrapper us_custom_0b050b5d has_scroll_effects has_translate_y has_opacity align_none valign_top\">[vc_custom_heading text=&#8220;Pflege und Herkunft&#8220; font_container=&#8220;tag:h3|text_align:left&#8220; use_theme_fonts=&#8220;yes&#8220; css=&#8220;%7B%22default%22%3A%7B%22font-weight%22%3A%22700%22%7D%7D&#8220;]<div class=\"wpb_text_column\"><div class=\"wpb_wrapper\"><p>Eine <a href=\"https:\/\/avocoop.com\/de\/\" target=\"_blank\" rel=\"noopener\">AVOCOOP<\/a>-Avocado wird an jedem Anbauort auf die gleiche Weise gepflegt.<br \/>\nSo bleibt der authentische Geschmack jedes Landes erhalten.<\/p>\n<\/div><\/div><\/div><\/div><\/div><\/div><div class=\"vc_col-sm-4 wpb_column vc_column_container\"><div class=\"vc_column-inner\"><div class=\"wpb_wrapper\"><div class=\"w-image us_custom_b21b2c83 hide_on_tablets hide_on_mobiles align_center\"><div class=\"w-image-h\"><img decoding=\"async\" width=\"1536\" height=\"1024\" src=\"https:\/\/avocoop.com\/wp-content\/uploads\/2026\/02\/Avocoop-Imagen-Web.png\" class=\"attachment-full size-full\" alt=\"Avocoop\" loading=\"lazy\" srcset=\"https:\/\/avocoop.com\/wp-content\/uploads\/2026\/02\/Avocoop-Imagen-Web.png 1536w, https:\/\/avocoop.com\/wp-content\/uploads\/2026\/02\/Avocoop-Imagen-Web-300x200.png 300w, https:\/\/avocoop.com\/wp-content\/uploads\/2026\/02\/Avocoop-Imagen-Web-1024x683.png 1024w\" sizes=\"auto, (max-width: 1536px) 100vw, 1536px\" \/><\/div><\/div><\/div><\/div><\/div><div class=\"vc_col-sm-4 wpb_column vc_column_container\"><div class=\"vc_column-inner\"><div class=\"wpb_wrapper\"><div data-us-scroll=\"{&quot;from_initial_position&quot;:&quot;0&quot;,&quot;start_position&quot;:&quot;20%&quot;,&quot;end_position&quot;:&quot;75%&quot;,&quot;delay&quot;:&quot;0.2s&quot;,&quot;translate_y_direction&quot;:&quot;up&quot;,&quot;translate_y_speed&quot;:&quot;0.2x&quot;,&quot;opacity_direction&quot;:&quot;out-in-out&quot;}\" class=\"w-vwrapper us_custom_0ebe1454 has_scroll_effects has_translate_y has_opacity align_none valign_top\">[vc_custom_heading text=&#8220;Der Geschmack und die Textur, die nur eine kontrollierte Herkunft bieten kann&#8220; font_container=&#8220;tag:h3|text_align:left&#8220; use_theme_fonts=&#8220;yes&#8220; css=&#8220;%7B%22default%22%3A%7B%22font-weight%22%3A%22700%22%7D%7D&#8220;]<div class=\"wpb_text_column\"><div class=\"wpb_wrapper\"><ul>\n<li>Ein weiches, gleichm\u00e4\u00dfiges und cremiges Fruchtfleisch.<\/li>\n<li>Ein intensiver, ausgewogener und buttriger Geschmack.<\/li>\n<li>Eine leichte und konsistente Textur.<\/li>\n<\/ul>\n<\/div><\/div><\/div><\/div><\/div><\/div><\/div><\/div><\/div><\/div><\/div><\/div><\/section><section class=\"l-section wpb_row us_custom_94be0cb5 height_auto width_full\"><div class=\"l-section-h i-cf\"><div class=\"g-cols vc_row via_flex valign_top type_default stacking_default\"><div class=\"vc_col-sm-12 wpb_column vc_column_container\"><div class=\"vc_column-inner us_custom_b74f6679 us_animate_this\"><div class=\"wpb_wrapper\"><div class=\"w-video align_none ratio_16x9\"><div class=\"w-video-h\"><video  preload=\"metadata\" playsinline controls autoplay loop muted><source type=\"video\/mp4\" src=\"https:\/\/avocoop.com\/wp-content\/uploads\/2026\/03\/WhatsApp-Video-2026-03-20-at-10.55.08-1.mp4\" \/><\/video><\/div><\/div><\/div><\/div><\/div><\/div><\/div><\/section>\n","protected":false},"excerpt":{"rendered":"[vc_custom_heading text=\"Pflege und Herkunft\" font_container=\"tag:h3|text_align:left\" use_theme_fonts=\"yes\" css=\"%7B%22default%22%3A%7B%22font-weight%22%3A%22700%22%7D%7D\"]Eine AVOCOOP-Avocado wird an jedem Anbauort auf die gleiche Weise gepflegt. So bleibt der authentische Geschmack jedes Landes erhalten. [vc_custom_heading text=\"Der Geschmack und die Textur, die nur eine kontrollierte Herkunft bieten kann\" font_container=\"tag:h3|text_align:left\" use_theme_fonts=\"yes\" css=\"%7B%22default%22%3A%7B%22font-weight%22%3A%22700%22%7D%7D\"] Ein weiches, gleichm\u00e4\u00dfiges und cremiges Fruchtfleisch. Ein intensiver, ausgewogener und buttriger Geschmack. Eine leichte...","protected":false},"author":1,"featured_media":0,"parent":0,"menu_order":0,"comment_status":"closed","ping_status":"closed","template":"","meta":{"_acf_changed":false,"footnotes":""},"class_list":["post-3048","page","type-page","status-publish","hentry"],"acf":[],"yoast_head":"<!-- This site is optimized with the Yoast SEO plugin v27.5 - https:\/\/yoast.com\/product\/yoast-seo-wordpress\/ -->\n<title>Standard-Avocado | Normale Avocado | Avocado kaufen<\/title>\n<meta name=\"description\" content=\"Lernen Sie Avocoop kennen, unsere Standardmarke f\u00fcr Avocados. Wenn Sie hochwertige Avocados mit gro\u00dfartigem Geschmack kaufen m\u00f6chten, k\u00f6nnen Sie sich auf uns verlassen.\" \/>\n<meta name=\"robots\" content=\"index, follow, max-snippet:-1, max-image-preview:large, max-video-preview:-1\" \/>\n<link rel=\"canonical\" href=\"https:\/\/avocoop.com\/de\/avocoop\/\" \/>\n<meta property=\"og:locale\" content=\"de_DE\" \/>\n<meta property=\"og:type\" content=\"article\" \/>\n<meta property=\"og:title\" content=\"Standard-Avocado | Normale Avocado | Avocado kaufen\" \/>\n<meta property=\"og:description\" content=\"Lernen Sie Avocoop kennen, unsere Standardmarke f\u00fcr Avocados. Wenn Sie hochwertige Avocados mit gro\u00dfartigem Geschmack kaufen m\u00f6chten, k\u00f6nnen Sie sich auf uns verlassen.\" \/>\n<meta property=\"og:url\" content=\"https:\/\/avocoop.com\/de\/avocoop\/\" \/>\n<meta property=\"og:site_name\" content=\"Avocoop\" \/>\n<meta property=\"article:modified_time\" content=\"2026-03-20T17:58:44+00:00\" \/>\n<meta name=\"twitter:card\" content=\"summary_large_image\" \/>\n<meta name=\"twitter:label1\" content=\"Gesch\u00e4tzte Lesezeit\" \/>\n\t<meta name=\"twitter:data1\" content=\"1\u00a0Minute\" \/>\n<script type=\"application\/ld+json\" class=\"yoast-schema-graph\">{\"@context\":\"https:\\\/\\\/schema.org\",\"@graph\":[{\"@type\":\"WebPage\",\"@id\":\"https:\\\/\\\/avocoop.com\\\/de\\\/avocoop\\\/\",\"url\":\"https:\\\/\\\/avocoop.com\\\/de\\\/avocoop\\\/\",\"name\":\"Standard-Avocado | Normale Avocado | Avocado kaufen\",\"isPartOf\":{\"@id\":\"https:\\\/\\\/avocoop.com\\\/de\\\/#website\"},\"datePublished\":\"2026-02-27T13:42:39+00:00\",\"dateModified\":\"2026-03-20T17:58:44+00:00\",\"description\":\"Lernen Sie Avocoop kennen, unsere Standardmarke f\u00fcr Avocados. Wenn Sie hochwertige Avocados mit gro\u00dfartigem Geschmack kaufen m\u00f6chten, k\u00f6nnen Sie sich auf uns verlassen.\",\"breadcrumb\":{\"@id\":\"https:\\\/\\\/avocoop.com\\\/de\\\/avocoop\\\/#breadcrumb\"},\"inLanguage\":\"de\",\"potentialAction\":[{\"@type\":\"ReadAction\",\"target\":[\"https:\\\/\\\/avocoop.com\\\/de\\\/avocoop\\\/\"]}]},{\"@type\":\"BreadcrumbList\",\"@id\":\"https:\\\/\\\/avocoop.com\\\/de\\\/avocoop\\\/#breadcrumb\",\"itemListElement\":[{\"@type\":\"ListItem\",\"position\":1,\"name\":\"Portada\",\"item\":\"https:\\\/\\\/avocoop.com\\\/de\\\/\"},{\"@type\":\"ListItem\",\"position\":2,\"name\":\"Avocoop\"}]},{\"@type\":\"WebSite\",\"@id\":\"https:\\\/\\\/avocoop.com\\\/de\\\/#website\",\"url\":\"https:\\\/\\\/avocoop.com\\\/de\\\/\",\"name\":\"Avocoop\",\"description\":\"\",\"publisher\":{\"@id\":\"https:\\\/\\\/avocoop.com\\\/de\\\/#organization\"},\"potentialAction\":[{\"@type\":\"SearchAction\",\"target\":{\"@type\":\"EntryPoint\",\"urlTemplate\":\"https:\\\/\\\/avocoop.com\\\/de\\\/?s={search_term_string}\"},\"query-input\":{\"@type\":\"PropertyValueSpecification\",\"valueRequired\":true,\"valueName\":\"search_term_string\"}}],\"inLanguage\":\"de\"},{\"@type\":\"Organization\",\"@id\":\"https:\\\/\\\/avocoop.com\\\/de\\\/#organization\",\"name\":\"Avocoop\",\"url\":\"https:\\\/\\\/avocoop.com\\\/de\\\/\",\"logo\":{\"@type\":\"ImageObject\",\"inLanguage\":\"de\",\"@id\":\"https:\\\/\\\/avocoop.com\\\/de\\\/#\\\/schema\\\/logo\\\/image\\\/\",\"url\":\"https:\\\/\\\/avocoop.com\\\/wp-content\\\/uploads\\\/2025\\\/09\\\/Logo-Verde-Militar.svg\",\"contentUrl\":\"https:\\\/\\\/avocoop.com\\\/wp-content\\\/uploads\\\/2025\\\/09\\\/Logo-Verde-Militar.svg\",\"width\":\"1024\",\"height\":\"1024\",\"caption\":\"Avocoop\"},\"image\":{\"@id\":\"https:\\\/\\\/avocoop.com\\\/de\\\/#\\\/schema\\\/logo\\\/image\\\/\"}}]}<\/script>\n<!-- \/ Yoast SEO plugin. -->","yoast_head_json":{"title":"Standard-Avocado | Normale Avocado | Avocado kaufen","description":"Lernen Sie Avocoop kennen, unsere Standardmarke f\u00fcr Avocados. Wenn Sie hochwertige Avocados mit gro\u00dfartigem Geschmack kaufen m\u00f6chten, k\u00f6nnen Sie sich auf uns verlassen.","robots":{"index":"index","follow":"follow","max-snippet":"max-snippet:-1","max-image-preview":"max-image-preview:large","max-video-preview":"max-video-preview:-1"},"canonical":"https:\/\/avocoop.com\/de\/avocoop\/","og_locale":"de_DE","og_type":"article","og_title":"Standard-Avocado | Normale Avocado | Avocado kaufen","og_description":"Lernen Sie Avocoop kennen, unsere Standardmarke f\u00fcr Avocados. Wenn Sie hochwertige Avocados mit gro\u00dfartigem Geschmack kaufen m\u00f6chten, k\u00f6nnen Sie sich auf uns verlassen.","og_url":"https:\/\/avocoop.com\/de\/avocoop\/","og_site_name":"Avocoop","article_modified_time":"2026-03-20T17:58:44+00:00","twitter_card":"summary_large_image","twitter_misc":{"Gesch\u00e4tzte Lesezeit":"1\u00a0Minute"},"schema":{"@context":"https:\/\/schema.org","@graph":[{"@type":"WebPage","@id":"https:\/\/avocoop.com\/de\/avocoop\/","url":"https:\/\/avocoop.com\/de\/avocoop\/","name":"Standard-Avocado | Normale Avocado | Avocado kaufen","isPartOf":{"@id":"https:\/\/avocoop.com\/de\/#website"},"datePublished":"2026-02-27T13:42:39+00:00","dateModified":"2026-03-20T17:58:44+00:00","description":"Lernen Sie Avocoop kennen, unsere Standardmarke f\u00fcr Avocados. Wenn Sie hochwertige Avocados mit gro\u00dfartigem Geschmack kaufen m\u00f6chten, k\u00f6nnen Sie sich auf uns verlassen.","breadcrumb":{"@id":"https:\/\/avocoop.com\/de\/avocoop\/#breadcrumb"},"inLanguage":"de","potentialAction":[{"@type":"ReadAction","target":["https:\/\/avocoop.com\/de\/avocoop\/"]}]},{"@type":"BreadcrumbList","@id":"https:\/\/avocoop.com\/de\/avocoop\/#breadcrumb","itemListElement":[{"@type":"ListItem","position":1,"name":"Portada","item":"https:\/\/avocoop.com\/de\/"},{"@type":"ListItem","position":2,"name":"Avocoop"}]},{"@type":"WebSite","@id":"https:\/\/avocoop.com\/de\/#website","url":"https:\/\/avocoop.com\/de\/","name":"Avocoop","description":"","publisher":{"@id":"https:\/\/avocoop.com\/de\/#organization"},"potentialAction":[{"@type":"SearchAction","target":{"@type":"EntryPoint","urlTemplate":"https:\/\/avocoop.com\/de\/?s={search_term_string}"},"query-input":{"@type":"PropertyValueSpecification","valueRequired":true,"valueName":"search_term_string"}}],"inLanguage":"de"},{"@type":"Organization","@id":"https:\/\/avocoop.com\/de\/#organization","name":"Avocoop","url":"https:\/\/avocoop.com\/de\/","logo":{"@type":"ImageObject","inLanguage":"de","@id":"https:\/\/avocoop.com\/de\/#\/schema\/logo\/image\/","url":"https:\/\/avocoop.com\/wp-content\/uploads\/2025\/09\/Logo-Verde-Militar.svg","contentUrl":"https:\/\/avocoop.com\/wp-content\/uploads\/2025\/09\/Logo-Verde-Militar.svg","width":"1024","height":"1024","caption":"Avocoop"},"image":{"@id":"https:\/\/avocoop.com\/de\/#\/schema\/logo\/image\/"}}]}},"_links":{"self":[{"href":"https:\/\/avocoop.com\/de\/wp-json\/wp\/v2\/pages\/3048","targetHints":{"allow":["GET"]}}],"collection":[{"href":"https:\/\/avocoop.com\/de\/wp-json\/wp\/v2\/pages"}],"about":[{"href":"https:\/\/avocoop.com\/de\/wp-json\/wp\/v2\/types\/page"}],"author":[{"embeddable":true,"href":"https:\/\/avocoop.com\/de\/wp-json\/wp\/v2\/users\/1"}],"replies":[{"embeddable":true,"href":"https:\/\/avocoop.com\/de\/wp-json\/wp\/v2\/comments?post=3048"}],"version-history":[{"count":8,"href":"https:\/\/avocoop.com\/de\/wp-json\/wp\/v2\/pages\/3048\/revisions"}],"predecessor-version":[{"id":3372,"href":"https:\/\/avocoop.com\/de\/wp-json\/wp\/v2\/pages\/3048\/revisions\/3372"}],"wp:attachment":[{"href":"https:\/\/avocoop.com\/de\/wp-json\/wp\/v2\/media?parent=3048"}],"curies":[{"name":"wp","href":"https:\/\/api.w.org\/{rel}","templated":true}]}}