{"id":3074,"date":"2026-02-27T13:19:09","date_gmt":"2026-02-27T11:19:09","guid":{"rendered":"https:\/\/avocoop.com\/origin5\/"},"modified":"2026-04-06T20:46:43","modified_gmt":"2026-04-06T18:46:43","slug":"origin5","status":"publish","type":"page","link":"https:\/\/avocoop.com\/de\/origin5\/","title":{"rendered":"Origin5"},"content":{"rendered":"<section class=\"l-section wpb_row us_custom_19737bc8 height_medium\"><div class=\"l-section-h i-cf\"><div class=\"g-cols vc_row via_flex valign_top type_default stacking_default\"><div class=\"vc_col-sm-12 wpb_column vc_column_container\"><div class=\"vc_column-inner\"><div class=\"wpb_wrapper\"><div class=\"w-image align_center\"><div class=\"w-image-h\"><img decoding=\"async\" width=\"692\" height=\"236\" src=\"https:\/\/avocoop.com\/wp-content\/uploads\/2026\/02\/Logo-Origin5.png\" class=\"attachment-large size-large\" alt=\"Origin5\" loading=\"lazy\" srcset=\"https:\/\/avocoop.com\/wp-content\/uploads\/2026\/02\/Logo-Origin5.png 692w, https:\/\/avocoop.com\/wp-content\/uploads\/2026\/02\/Logo-Origin5-300x102.png 300w\" sizes=\"auto, (max-width: 692px) 100vw, 692px\" \/><\/div><\/div><\/div><\/div><\/div><\/div><\/div><\/section><section class=\"l-section wpb_row height_auto\"><div class=\"l-section-h i-cf\"><div class=\"g-cols vc_row via_flex valign_top type_default stacking_default\"><div class=\"vc_col-sm-12 wpb_column vc_column_container\"><div class=\"vc_column-inner\"><div class=\"wpb_wrapper\"><div class=\"w-hwrapper valign_middle align_center\" style=\"--hwrapper-gap:0px\"><div data-reveal-offset=\"0.1\" class=\"w-image us_custom_bbdbd1e3 reveal-up has_height align_center\"><div class=\"w-image-h\"><img decoding=\"async\" width=\"864\" height=\"925\" src=\"https:\/\/avocoop.com\/wp-content\/uploads\/2026\/02\/Crecimiento-planta-Origin5-con-flores-e1772193510324.png\" class=\"attachment-full size-full\" alt=\"Crecimiento planta\" loading=\"lazy\" srcset=\"https:\/\/avocoop.com\/wp-content\/uploads\/2026\/02\/Crecimiento-planta-Origin5-con-flores-e1772193510324.png 864w, https:\/\/avocoop.com\/wp-content\/uploads\/2026\/02\/Crecimiento-planta-Origin5-con-flores-e1772193510324-280x300.png 280w\" sizes=\"auto, (max-width: 864px) 100vw, 864px\" \/><\/div><\/div><\/div><\/div><\/div><\/div><\/div><\/div><\/section><section class=\"l-section wpb_row us_custom_f3f68ac4 height_medium\"><div class=\"l-section-h i-cf\"><div class=\"g-cols vc_row via_flex valign_top type_default stacking_default\"><div class=\"vc_col-sm-12 wpb_column vc_column_container\"><div class=\"vc_column-inner\"><div class=\"wpb_wrapper\"><div class=\"w-separator size_medium\"><\/div><div class=\"w-image hide_on_default hide_on_laptops align_center\"><div class=\"w-image-h\"><img decoding=\"async\" width=\"1536\" height=\"1024\" src=\"https:\/\/avocoop.com\/wp-content\/uploads\/2026\/03\/ChatGPT-Image-24-mar-2026-14_38_15-3.png\" class=\"attachment-full size-full\" alt=\"origin5\" loading=\"lazy\" srcset=\"https:\/\/avocoop.com\/wp-content\/uploads\/2026\/03\/ChatGPT-Image-24-mar-2026-14_38_15-3.png 1536w, https:\/\/avocoop.com\/wp-content\/uploads\/2026\/03\/ChatGPT-Image-24-mar-2026-14_38_15-3-300x200.png 300w, https:\/\/avocoop.com\/wp-content\/uploads\/2026\/03\/ChatGPT-Image-24-mar-2026-14_38_15-3-1024x683.png 1024w\" sizes=\"auto, (max-width: 1536px) 100vw, 1536px\" \/><\/div><\/div><div class=\"g-cols wpb_row blocks-animation via_flex valign_top type_default stacking_default\"><div class=\"vc_col-sm-4 wpb_column vc_column_container\"><div class=\"vc_column-inner\"><div class=\"wpb_wrapper\"><div data-us-scroll=\"{&quot;from_initial_position&quot;:&quot;0&quot;,&quot;start_position&quot;:&quot;0%&quot;,&quot;end_position&quot;:&quot;75%&quot;,&quot;delay&quot;:&quot;0.2s&quot;,&quot;translate_y_direction&quot;:&quot;up&quot;,&quot;translate_y_speed&quot;:&quot;0.2x&quot;,&quot;opacity_direction&quot;:&quot;out-in-out&quot;}\" class=\"w-vwrapper us_custom_0b050b5d has_scroll_effects has_translate_y has_opacity align_none valign_top\"><div class=\"wpb_text_column\"><div class=\"wpb_wrapper\"><h3><strong><span class=\"anio-grande\">23% <\/span>Der genaue Punkt<\/strong><\/h3>\n<\/div><\/div><div class=\"wpb_text_column\"><div class=\"wpb_wrapper\"><p>Nicht alle Avocados werden zu einer <strong>ORIGIN5<\/strong>.<\/p>\n<p>Es werden nur diejenigen ausgew\u00e4hlt, die zum Zeitpunkt der Ernte einen <strong>Mindestgehalt von 23 % Trockenmasse<\/strong> aufweisen.<\/p>\n<p>Das ist eine Zahl.<br \/>\nAber auch eine Entscheidung.<br \/>\nEs ist der genaue Moment, in dem Natur und Zeit zusammenkommen.<\/p>\n<\/div><\/div><\/div><\/div><\/div><\/div><div class=\"vc_col-sm-4 wpb_column vc_column_container\"><div class=\"vc_column-inner\"><div class=\"wpb_wrapper\"><div class=\"w-image us_custom_b21b2c83 hide_on_tablets hide_on_mobiles align_center\"><div class=\"w-image-h\"><img decoding=\"async\" width=\"1536\" height=\"1024\" src=\"https:\/\/avocoop.com\/wp-content\/uploads\/2026\/03\/ChatGPT-Image-24-mar-2026-14_38_15-3.png\" class=\"attachment-full size-full\" alt=\"origin5\" loading=\"lazy\" srcset=\"https:\/\/avocoop.com\/wp-content\/uploads\/2026\/03\/ChatGPT-Image-24-mar-2026-14_38_15-3.png 1536w, https:\/\/avocoop.com\/wp-content\/uploads\/2026\/03\/ChatGPT-Image-24-mar-2026-14_38_15-3-300x200.png 300w, https:\/\/avocoop.com\/wp-content\/uploads\/2026\/03\/ChatGPT-Image-24-mar-2026-14_38_15-3-1024x683.png 1024w\" sizes=\"auto, (max-width: 1536px) 100vw, 1536px\" \/><\/div><\/div><\/div><\/div><\/div><div class=\"vc_col-sm-4 wpb_column vc_column_container\"><div class=\"vc_column-inner\"><div class=\"wpb_wrapper\"><div data-us-scroll=\"{&quot;from_initial_position&quot;:&quot;0&quot;,&quot;start_position&quot;:&quot;20%&quot;,&quot;end_position&quot;:&quot;75%&quot;,&quot;delay&quot;:&quot;0.2s&quot;,&quot;translate_y_direction&quot;:&quot;up&quot;,&quot;translate_y_speed&quot;:&quot;0.2x&quot;,&quot;opacity_direction&quot;:&quot;out-in-out&quot;}\" class=\"w-vwrapper us_custom_0ebe1454 has_scroll_effects has_translate_y has_opacity align_none valign_top\">[vc_custom_heading text=&#8220;Pr\u00e4zise Auswahl&#8220; font_container=&#8220;tag:h3|text_align:left&#8220; use_theme_fonts=&#8220;yes&#8220; css=&#8220;%7B%22default%22%3A%7B%22font-weight%22%3A%22700%22%7D%7D&#8220;]<div class=\"wpb_text_column\"><div class=\"wpb_wrapper\"><p>Hinter diesen 23% stehen agronomische Kontrollen, \u00dcberwachung auf dem Feld und Ernte zum genau richtigen Zeitpunkt.<\/p>\n<p>Dabei wird der nat\u00fcrliche Rhythmus jeder Herkunft respektiert.<\/p>\n<\/div><\/div><\/div><\/div><\/div><\/div><\/div><\/div><\/div><\/div><\/div><\/div><\/section><section class=\"l-section wpb_row us_custom_19737bc8 height_small width_full\"><div class=\"l-section-h i-cf\"><div class=\"g-cols vc_row via_flex valign_top type_default stacking_default\"><div class=\"vc_col-sm-12 wpb_column vc_column_container\"><div class=\"vc_column-inner\"><div class=\"wpb_wrapper\"><div class=\"wpb_text_column\"><div class=\"wpb_wrapper\"><div style=\"height: 12px; background: repeating-linear-gradient( 90deg, #0d0d0d 0px, #0d0d0d 18px, #C8973A 18px, #C8973A 30px );\"><\/div>\n<\/div><\/div><div class=\"w-separator size_small\"><\/div><\/div><\/div><\/div><\/div><\/div><\/section><section class=\"l-section wpb_row us_custom_043e4852 height_medium\"><div class=\"l-section-h i-cf\"><div class=\"g-cols vc_row via_flex valign_middle type_default stacking_default\"><div class=\"vc_col-sm-6 wpb_column vc_column_container\"><div class=\"vc_column-inner us_custom_b74f6679 us_animate_this\"><div class=\"wpb_wrapper\">[vc_custom_heading text=&#8220;DER PERFEKTE MOMENT&#8220; use_theme_fonts=&#8220;yes&#8220; css=&#8220;%7B%22default%22%3A%7B%22font-size%22%3A%223.226rem%22%2C%22line-height%22%3A%221.05%22%2C%22letter-spacing%22%3A%220px%22%2C%22font-weight%22%3A%22600%22%7D%7D&#8220;]<div class=\"wpb_text_column us_custom_ea76afbe\"><div class=\"wpb_wrapper\"><p style=\"text-align: center;\">Wenn das Fruchtfleisch fest nachgibt.<br \/>\nWenn die Textur dicht, seidig und perfekt cremig ist.<\/p>\n<p style=\"text-align: center;\">An diesem Punkt hat das nat\u00fcrliche \u00d6l sein perfektes Gleichgewicht erreicht.<br \/>\nDer Geschmack ist tief, rein, mild und anhaltend.<br \/>\nDas Erlebnis wird zu etwas Besonderem.<\/p>\n<\/div><\/div><\/div><\/div><\/div><div class=\"vc_col-sm-6 wpb_column vc_column_container has_bg_color stretched\"><div class=\"vc_column-inner us_custom_770836b2\"><div class=\"wpb_wrapper\"><\/div><\/div><\/div><\/div><\/div><\/section><section class=\"l-section wpb_row height_medium\"><div class=\"l-section-h i-cf\"><div class=\"g-cols vc_row via_flex valign_top type_default stacking_default\"><div class=\"vc_col-sm-12 wpb_column vc_column_container\"><div class=\"vc_column-inner\"><div class=\"wpb_wrapper\"><div class=\"w-html\"><div style=\"background:#0d0d0d; padding:40px 48px; border-left:4px solid #C8973A; margin:24px 0;\">\n  <p style=\"font-size:42px; font-weight:700; letter-spacing:.1em; text-transform:uppercase; color:#C8973A; margin:0 0 20px; text-align:center;\">\u00abDAS IST DER ORIGIN5-STANDARD\u00bb<\/p>\n  <p style=\"font-size:32px; color:rgba(255,255,255,0.85); line-height:1.6; margin:0; text-align:center;\">Bei 23% erreicht die Avocado ihren vollendeten Charakter und ihre perfekte Ausgewogenheit. Der optimale Gehalt an nat\u00fcrlichem \u00d6l verleiht ihr jene umh\u00fcllende Cremigkeit, die sie auszeichnet.<\/p>\n<\/div><\/div><\/div><\/div><\/div><\/div><\/div><\/section>\n","protected":false},"excerpt":{"rendered":"23% Der genaue Punkt Nicht alle Avocados werden zu einer ORIGIN5. Es werden nur diejenigen ausgew\u00e4hlt, die zum Zeitpunkt der Ernte einen Mindestgehalt von 23 % Trockenmasse aufweisen. Das ist eine Zahl. Aber auch eine Entscheidung. Es ist der genaue Moment, in dem Natur und Zeit zusammenkommen. [vc_custom_heading text=\"Pr\u00e4zise Auswahl\" font_container=\"tag:h3|text_align:left\" use_theme_fonts=\"yes\" css=\"%7B%22default%22%3A%7B%22font-weight%22%3A%22700%22%7D%7D\"]Hinter diesen 23%...","protected":false},"author":1,"featured_media":0,"parent":0,"menu_order":0,"comment_status":"closed","ping_status":"closed","template":"","meta":{"_acf_changed":false,"footnotes":""},"class_list":["post-3074","page","type-page","status-publish","hentry"],"acf":[],"yoast_head":"<!-- This site is optimized with the Yoast SEO plugin v27.4 - https:\/\/yoast.com\/product\/yoast-seo-wordpress\/ -->\n<title>Premium-Avocados direkt vom Erzeuger | Extra- und Boutique-Avocados<\/title>\n<meta name=\"description\" content=\"Entdecken Sie ORIGIN5, unsere Premium-Avocados aus Spanien, Peru, Kolumbien, Chile und der Dominikanischen Republik. Lernen Sie unsere Boutique-Avocados kennen.\" \/>\n<meta name=\"robots\" content=\"index, follow, max-snippet:-1, max-image-preview:large, max-video-preview:-1\" \/>\n<link rel=\"canonical\" href=\"https:\/\/avocoop.com\/de\/origin5\/\" \/>\n<meta property=\"og:locale\" content=\"de_DE\" \/>\n<meta property=\"og:type\" content=\"article\" \/>\n<meta property=\"og:title\" content=\"Premium-Avocados direkt vom Erzeuger | Extra- und Boutique-Avocados\" \/>\n<meta property=\"og:description\" content=\"Entdecken Sie ORIGIN5, unsere Premium-Avocados aus Spanien, Peru, Kolumbien, Chile und der Dominikanischen Republik. Lernen Sie unsere Boutique-Avocados kennen.\" \/>\n<meta property=\"og:url\" content=\"https:\/\/avocoop.com\/de\/origin5\/\" \/>\n<meta property=\"og:site_name\" content=\"Avocoop\" \/>\n<meta property=\"article:modified_time\" content=\"2026-04-06T18:46:43+00:00\" \/>\n<meta name=\"twitter:card\" content=\"summary_large_image\" \/>\n<meta name=\"twitter:label1\" content=\"Gesch\u00e4tzte Lesezeit\" \/>\n\t<meta name=\"twitter:data1\" content=\"1\u00a0Minute\" \/>\n<script type=\"application\/ld+json\" class=\"yoast-schema-graph\">{\"@context\":\"https:\\\/\\\/schema.org\",\"@graph\":[{\"@type\":\"WebPage\",\"@id\":\"https:\\\/\\\/avocoop.com\\\/de\\\/origin5\\\/\",\"url\":\"https:\\\/\\\/avocoop.com\\\/de\\\/origin5\\\/\",\"name\":\"Premium-Avocados direkt vom Erzeuger | Extra- und Boutique-Avocados\",\"isPartOf\":{\"@id\":\"https:\\\/\\\/avocoop.com\\\/de\\\/#website\"},\"datePublished\":\"2026-02-27T11:19:09+00:00\",\"dateModified\":\"2026-04-06T18:46:43+00:00\",\"description\":\"Entdecken Sie ORIGIN5, unsere Premium-Avocados aus Spanien, Peru, Kolumbien, Chile und der Dominikanischen Republik. Lernen Sie unsere Boutique-Avocados kennen.\",\"breadcrumb\":{\"@id\":\"https:\\\/\\\/avocoop.com\\\/de\\\/origin5\\\/#breadcrumb\"},\"inLanguage\":\"de\",\"potentialAction\":[{\"@type\":\"ReadAction\",\"target\":[\"https:\\\/\\\/avocoop.com\\\/de\\\/origin5\\\/\"]}]},{\"@type\":\"BreadcrumbList\",\"@id\":\"https:\\\/\\\/avocoop.com\\\/de\\\/origin5\\\/#breadcrumb\",\"itemListElement\":[{\"@type\":\"ListItem\",\"position\":1,\"name\":\"Portada\",\"item\":\"https:\\\/\\\/avocoop.com\\\/de\\\/\"},{\"@type\":\"ListItem\",\"position\":2,\"name\":\"Origin5\"}]},{\"@type\":\"WebSite\",\"@id\":\"https:\\\/\\\/avocoop.com\\\/de\\\/#website\",\"url\":\"https:\\\/\\\/avocoop.com\\\/de\\\/\",\"name\":\"Avocoop\",\"description\":\"\",\"publisher\":{\"@id\":\"https:\\\/\\\/avocoop.com\\\/de\\\/#organization\"},\"potentialAction\":[{\"@type\":\"SearchAction\",\"target\":{\"@type\":\"EntryPoint\",\"urlTemplate\":\"https:\\\/\\\/avocoop.com\\\/de\\\/?s={search_term_string}\"},\"query-input\":{\"@type\":\"PropertyValueSpecification\",\"valueRequired\":true,\"valueName\":\"search_term_string\"}}],\"inLanguage\":\"de\"},{\"@type\":\"Organization\",\"@id\":\"https:\\\/\\\/avocoop.com\\\/de\\\/#organization\",\"name\":\"Avocoop\",\"url\":\"https:\\\/\\\/avocoop.com\\\/de\\\/\",\"logo\":{\"@type\":\"ImageObject\",\"inLanguage\":\"de\",\"@id\":\"https:\\\/\\\/avocoop.com\\\/de\\\/#\\\/schema\\\/logo\\\/image\\\/\",\"url\":\"https:\\\/\\\/avocoop.com\\\/wp-content\\\/uploads\\\/2025\\\/09\\\/Logo-Verde-Militar.svg\",\"contentUrl\":\"https:\\\/\\\/avocoop.com\\\/wp-content\\\/uploads\\\/2025\\\/09\\\/Logo-Verde-Militar.svg\",\"width\":\"1024\",\"height\":\"1024\",\"caption\":\"Avocoop\"},\"image\":{\"@id\":\"https:\\\/\\\/avocoop.com\\\/de\\\/#\\\/schema\\\/logo\\\/image\\\/\"}}]}<\/script>\n<!-- \/ Yoast SEO plugin. -->","yoast_head_json":{"title":"Premium-Avocados direkt vom Erzeuger | Extra- und Boutique-Avocados","description":"Entdecken Sie ORIGIN5, unsere Premium-Avocados aus Spanien, Peru, Kolumbien, Chile und der Dominikanischen Republik. Lernen Sie unsere Boutique-Avocados kennen.","robots":{"index":"index","follow":"follow","max-snippet":"max-snippet:-1","max-image-preview":"max-image-preview:large","max-video-preview":"max-video-preview:-1"},"canonical":"https:\/\/avocoop.com\/de\/origin5\/","og_locale":"de_DE","og_type":"article","og_title":"Premium-Avocados direkt vom Erzeuger | Extra- und Boutique-Avocados","og_description":"Entdecken Sie ORIGIN5, unsere Premium-Avocados aus Spanien, Peru, Kolumbien, Chile und der Dominikanischen Republik. Lernen Sie unsere Boutique-Avocados kennen.","og_url":"https:\/\/avocoop.com\/de\/origin5\/","og_site_name":"Avocoop","article_modified_time":"2026-04-06T18:46:43+00:00","twitter_card":"summary_large_image","twitter_misc":{"Gesch\u00e4tzte Lesezeit":"1\u00a0Minute"},"schema":{"@context":"https:\/\/schema.org","@graph":[{"@type":"WebPage","@id":"https:\/\/avocoop.com\/de\/origin5\/","url":"https:\/\/avocoop.com\/de\/origin5\/","name":"Premium-Avocados direkt vom Erzeuger | Extra- und Boutique-Avocados","isPartOf":{"@id":"https:\/\/avocoop.com\/de\/#website"},"datePublished":"2026-02-27T11:19:09+00:00","dateModified":"2026-04-06T18:46:43+00:00","description":"Entdecken Sie ORIGIN5, unsere Premium-Avocados aus Spanien, Peru, Kolumbien, Chile und der Dominikanischen Republik. Lernen Sie unsere Boutique-Avocados kennen.","breadcrumb":{"@id":"https:\/\/avocoop.com\/de\/origin5\/#breadcrumb"},"inLanguage":"de","potentialAction":[{"@type":"ReadAction","target":["https:\/\/avocoop.com\/de\/origin5\/"]}]},{"@type":"BreadcrumbList","@id":"https:\/\/avocoop.com\/de\/origin5\/#breadcrumb","itemListElement":[{"@type":"ListItem","position":1,"name":"Portada","item":"https:\/\/avocoop.com\/de\/"},{"@type":"ListItem","position":2,"name":"Origin5"}]},{"@type":"WebSite","@id":"https:\/\/avocoop.com\/de\/#website","url":"https:\/\/avocoop.com\/de\/","name":"Avocoop","description":"","publisher":{"@id":"https:\/\/avocoop.com\/de\/#organization"},"potentialAction":[{"@type":"SearchAction","target":{"@type":"EntryPoint","urlTemplate":"https:\/\/avocoop.com\/de\/?s={search_term_string}"},"query-input":{"@type":"PropertyValueSpecification","valueRequired":true,"valueName":"search_term_string"}}],"inLanguage":"de"},{"@type":"Organization","@id":"https:\/\/avocoop.com\/de\/#organization","name":"Avocoop","url":"https:\/\/avocoop.com\/de\/","logo":{"@type":"ImageObject","inLanguage":"de","@id":"https:\/\/avocoop.com\/de\/#\/schema\/logo\/image\/","url":"https:\/\/avocoop.com\/wp-content\/uploads\/2025\/09\/Logo-Verde-Militar.svg","contentUrl":"https:\/\/avocoop.com\/wp-content\/uploads\/2025\/09\/Logo-Verde-Militar.svg","width":"1024","height":"1024","caption":"Avocoop"},"image":{"@id":"https:\/\/avocoop.com\/de\/#\/schema\/logo\/image\/"}}]}},"_links":{"self":[{"href":"https:\/\/avocoop.com\/de\/wp-json\/wp\/v2\/pages\/3074","targetHints":{"allow":["GET"]}}],"collection":[{"href":"https:\/\/avocoop.com\/de\/wp-json\/wp\/v2\/pages"}],"about":[{"href":"https:\/\/avocoop.com\/de\/wp-json\/wp\/v2\/types\/page"}],"author":[{"embeddable":true,"href":"https:\/\/avocoop.com\/de\/wp-json\/wp\/v2\/users\/1"}],"replies":[{"embeddable":true,"href":"https:\/\/avocoop.com\/de\/wp-json\/wp\/v2\/comments?post=3074"}],"version-history":[{"count":6,"href":"https:\/\/avocoop.com\/de\/wp-json\/wp\/v2\/pages\/3074\/revisions"}],"predecessor-version":[{"id":3509,"href":"https:\/\/avocoop.com\/de\/wp-json\/wp\/v2\/pages\/3074\/revisions\/3509"}],"wp:attachment":[{"href":"https:\/\/avocoop.com\/de\/wp-json\/wp\/v2\/media?parent=3074"}],"curies":[{"name":"wp","href":"https:\/\/api.w.org\/{rel}","templated":true}]}}