{"id":570,"date":"2022-09-30T13:26:09","date_gmt":"2022-09-30T11:26:09","guid":{"rendered":"https:\/\/avocoop.com\/kontakt\/"},"modified":"2026-03-27T15:35:13","modified_gmt":"2026-03-27T13:35:13","slug":"kontakt","status":"publish","type":"page","link":"https:\/\/avocoop.com\/de\/kontakt\/","title":{"rendered":"Kontakt"},"content":{"rendered":"<section class=\"l-section wpb_row us_custom_a23e3ca4 height_huge\"><div class=\"l-section-h i-cf\"><div class=\"g-cols vc_row via_flex valign_top type_default stacking_default\"><div class=\"vc_col-sm-12 wpb_column vc_column_container\"><div class=\"vc_column-inner\"><div class=\"wpb_wrapper\">[vc_custom_heading text=&#8220;Kontaktiere uns&#8220; font_container=&#8220;tag:h1|text_align:left&#8220; use_theme_fonts=&#8220;yes&#8220; css=&#8220;%7B%22default%22%3A%7B%22color%22%3A%22%23ffffff%22%7D%7D&#8220;]<\/div><\/div><\/div><\/div><\/div><\/section><section class=\"l-section wpb_row height_medium\"><div class=\"l-section-h i-cf\"><div class=\"g-cols vc_row via_flex valign_top type_default stacking_default\"><div class=\"vc_col-sm-12 wpb_column vc_column_container\"><div class=\"vc_column-inner us_custom_df46ae8a us_animate_this\"><div class=\"wpb_wrapper\">\n<div class=\"wpcf7 no-js\" id=\"wpcf7-f523-o1\" lang=\"de-DE\" dir=\"ltr\" data-wpcf7-id=\"523\">\n<div class=\"screen-reader-response\"><p role=\"status\" aria-live=\"polite\" aria-atomic=\"true\"><\/p> <ul><\/ul><\/div>\n<form action=\"\/de\/wp-json\/wp\/v2\/pages\/570#wpcf7-f523-o1\" method=\"post\" class=\"wpcf7-form init wpcf7-acceptance-as-validation\" aria-label=\"Kontaktformular\" novalidate=\"novalidate\" data-status=\"init\">\n<fieldset class=\"hidden-fields-container\"><input type=\"hidden\" name=\"_wpcf7\" value=\"523\" \/><input type=\"hidden\" name=\"_wpcf7_version\" value=\"6.1.5\" \/><input type=\"hidden\" name=\"_wpcf7_locale\" value=\"de_DE\" \/><input type=\"hidden\" name=\"_wpcf7_unit_tag\" value=\"wpcf7-f523-o1\" \/><input type=\"hidden\" name=\"_wpcf7_container_post\" value=\"0\" \/><input type=\"hidden\" name=\"_wpcf7_posted_data_hash\" value=\"\" \/><input type=\"hidden\" name=\"_wpcf7_recaptcha_response\" value=\"\" \/>\n<\/fieldset>\n<div class=\"row\">\n<div class=\"col-xs-12\"><div class=\"form-group\"><label for=\"nombre\"><span class=\"label\">Vollst\u00e4ndiger Name<\/span><span class=\"wpcf7-form-control-wrap\" data-name=\"nombre\"><input size=\"40\" maxlength=\"400\" class=\"wpcf7-form-control wpcf7-text wpcf7-validates-as-required\" id=\"nombre\" aria-required=\"true\" aria-invalid=\"false\" placeholder=\"Vollst\u00e4ndiger Name*\" value=\"\" type=\"text\" name=\"nombre\" \/><\/span><\/label><\/div><\/div>\n<\/div>\n<div class=\"row\">\n<div class=\"col-xs-6\"><div class=\"form-group\"><label for=\"email\"><span class=\"label\">E-Mail<\/span><span class=\"wpcf7-form-control-wrap\" data-name=\"email\"><input size=\"40\" maxlength=\"400\" class=\"wpcf7-form-control wpcf7-email wpcf7-validates-as-required wpcf7-text wpcf7-validates-as-email\" id=\"email\" aria-required=\"true\" aria-invalid=\"false\" placeholder=\"E-Mail*\" value=\"\" type=\"email\" name=\"email\" \/><\/span><\/label><\/div><\/div>\n<div class=\"col-xs-6\"><div class=\"form-group\"><label for=\"telefono\"><span class=\"label\">Telefon<\/span><span class=\"wpcf7-form-control-wrap\" data-name=\"telefono\"><input size=\"40\" maxlength=\"400\" class=\"wpcf7-form-control wpcf7-tel wpcf7-text wpcf7-validates-as-tel\" id=\"telefono\" aria-invalid=\"false\" placeholder=\"Telefon\" value=\"\" type=\"tel\" name=\"telefono\" \/><\/span><\/label><\/div><\/div>\n<\/div>\n<div class=\"row\">\n<div class=\"col-xs-12\"><div class=\"form-group\"><label for=\"mensaje\"><span class=\"label\">Nachricht<\/span><span class=\"wpcf7-form-control-wrap\" data-name=\"mensaje\"><textarea cols=\"40\" rows=\"10\" maxlength=\"2000\" class=\"wpcf7-form-control wpcf7-textarea wpcf7-validates-as-required\" id=\"mensaje\" aria-required=\"true\" aria-invalid=\"false\" placeholder=\"Nachricht*\" name=\"mensaje\"><\/textarea><\/span><\/label><\/div><\/div>\n<\/div>\n<div class=\"row\">\n<div class=\"col-xs-12\"><div class=\"form-group\"><label for=\"legal\"><span class=\"wpcf7-form-control-wrap\" data-name=\"legal\"><span class=\"wpcf7-form-control wpcf7-acceptance\"><span class=\"wpcf7-list-item\"><label><input type=\"checkbox\" name=\"legal\" value=\"1\" id=\"legal\" aria-invalid=\"false\" \/><span class=\"wpcf7-list-item-label\">Ich habe die <a target=\"_blank\" rel=\"nofollow\" href=\"https:\/\/catbeleren.com\/politica-de-privacidad\/\">Datenschutzbestimmungen<\/a> gelesen und akzeptiere sie.<\/span><\/label><\/span><\/span><\/span><\/label><\/div><\/div>\n<\/div>\n<div class=\"block-submit\"><input class=\"wpcf7-form-control wpcf7-submit has-spinner\" id=\"form-contact\" type=\"submit\" value=\"Senden\" \/><\/div><div class=\"wpcf7-response-output\" aria-hidden=\"true\"><\/div>\n<\/form>\n<\/div>\n<div class=\"w-separator size_small\"><\/div><div class=\"w-tabs style_default switch_click accordion has_scrolling\" style=\"--sections-title-size:inherit\"><div class=\"w-tabs-sections titles-align_none icon_chevron cpos_right\"><div class=\"w-tabs-section\" id=\"f88a\"><button class=\"w-tabs-section-header\" aria-controls=\"content-f88a\" aria-expanded=\"false\"><div class=\"w-tabs-section-title\">Spanien<\/div><div class=\"w-tabs-section-control\"><\/div><\/button><div  class=\"w-tabs-section-content\" id=\"content-f88a\"><div class=\"w-tabs-section-content-h i-cf\"><div class=\"wpb_text_column\"><div class=\"wpb_wrapper\"><p><i class=\"fas fa-phone\"><\/i> <a href=\"tel:+34 951 204 049\" target=\"_blank\" rel=\"noopener\"><span>+34 951 204 049<\/span><\/a><\/p>\n<p><i class=\"fas fa-envelope\"><\/i> <a href=\"mailto:info@avocoop.com\" target=\"_blank\" rel=\"noopener\"><span>info@avocoop.com<\/span><\/a><\/p>\n<p><i class=\"fas fa-map-marker-alt\"><\/i> <span>C\/ Juan Cabanilles, 11, 309, 29018, M\u00e1laga<\/span><\/p>\n<p><iframe style=\"width: 100%; height: 450px; border: 0;\" src=\"https:\/\/www.google.com\/maps\/embed?pb=!1m18!1m12!1m3!1d12788.951925767322!2d-4.376998571866807!3d36.74085840498335!2m3!1f0!2f0!3f0!3m2!1i1024!2i768!4f13.1!3m3!1m2!1s0xd72586695d49dc3%3A0xef49be78bd5e870b!2sC.%20Juan%20Cabanilles%2C%2011%2C%20309%2C%20M%C3%A1laga-Este%2C%2029018%20M%C3%A1laga!5e0!3m2!1sen!2ses!4v1759139390774!5m2!1sen!2ses\" allowfullscreen=\"allowfullscreen\"><\/iframe><\/p>\n<\/div><\/div><\/div><\/div><\/div><\/div><\/div><div class=\"w-tabs style_default switch_click accordion has_scrolling\" style=\"--sections-title-size:inherit\"><div class=\"w-tabs-sections titles-align_none icon_chevron cpos_right\"><div class=\"w-tabs-section\" id=\"z08a\"><button class=\"w-tabs-section-header\" aria-controls=\"content-z08a\" aria-expanded=\"false\"><div class=\"w-tabs-section-title\">Peru<\/div><div class=\"w-tabs-section-control\"><\/div><\/button><div  class=\"w-tabs-section-content\" id=\"content-z08a\"><div class=\"w-tabs-section-content-h i-cf\"><div class=\"wpb_text_column\"><div class=\"wpb_wrapper\"><p><i class=\"fas fa-phone\"><\/i><a href=\"tel:+51 1 688 61 45\" target=\"_blank\" rel=\"noopener\"> +51 1 688 61 45<\/a><\/p>\n<p><i class=\"fas fa-envelope\"><\/i><a href=\"mailto:info.peru@avocoop.com\" target=\"_blank\" rel=\"noopener\"> info.peru@avocoop.com<\/a><\/p>\n<p><i class=\"fas fa-map-marker-alt\"><\/i> B\u00fcro Lima: Juli\u00e1n Arce, 341 Urbanizaci\u00f3n Santa Catalina La Victoria, Lima, Peru<\/p>\n<p><iframe loading=\"lazy\" style=\"border: 0;\" src=\"https:\/\/www.google.com\/maps\/embed?pb=!1m18!1m12!1m3!1d6939.206180406327!2d-77.0226892!3d-12.0848487!2m3!1f0!2f0!3f0!3m2!1i1024!2i768!4f13.1!3m3!1m2!1s0x9105c8881cc762c7%3A0x4beab545698525b1!2sEurofresh%20Per%C3%BA!5e1!3m2!1ses!2ses!4v1770827216557!5m2!1ses!2ses\" width=\"100%\" height=\"450\" allowfullscreen=\"allowfullscreen\"><\/iframe><\/p>\n<p><i class=\"fas fa-map-marker-alt\"><\/i> Werk Chancay: CPWM+9J4, Chancay 15131, Peru<br \/>\n<iframe loading=\"lazy\" style=\"border: 0;\" src=\"https:\/\/www.google.com\/maps\/embed?pb=!1m14!1m8!1m3!1d6952.6703862234135!2d-77.2685028!3d-11.5541219!3m2!1i1024!2i768!4f13.1!3m3!1m2!1s0x91068930eecd9f55%3A0x8d010b70e175b53a!2sEUROFRESH%20PERU!5e1!3m2!1ses!2ses!4v1770827132342!5m2!1ses!2ses\" width=\"100%\" height=\"450\" allowfullscreen=\"allowfullscreen\"><\/iframe><\/p>\n<\/div><\/div><\/div><\/div><\/div><\/div><\/div><div class=\"w-tabs style_default switch_click accordion has_scrolling\" style=\"--sections-title-size:inherit\"><div class=\"w-tabs-sections titles-align_none icon_chevron cpos_right\"><div class=\"w-tabs-section\" id=\"p84a\"><button class=\"w-tabs-section-header\" aria-controls=\"content-p84a\" aria-expanded=\"false\"><div class=\"w-tabs-section-title\">Chile<\/div><div class=\"w-tabs-section-control\"><\/div><\/button><div  class=\"w-tabs-section-content\" id=\"content-p84a\"><div class=\"w-tabs-section-content-h i-cf\"><div class=\"wpb_text_column\"><div class=\"wpb_wrapper\"><p><i class=\"fas fa-phone\"><\/i><a href=\"tel:+56 993 24 43 21\" target=\"_blank\" rel=\"noopener\"> +56 993 24 43 21<\/a><\/p>\n<p><i class=\"fas fa-envelope\"><\/i><a href=\"mailto:info.chile@avocoop.com\" target=\"_blank\" rel=\"noopener\"> info.chile@avocoop.com<\/a><\/p>\n<p><i class=\"fas fa-map-marker-alt\"><\/i> Av. Apoquindo 6550, B\u00fcro 1803, Las Condes Santiago \u2013 Chile<\/p>\n<p><iframe loading=\"lazy\" style=\"border: 0;\" src=\"https:\/\/www.google.com\/maps\/embed?pb=!1m18!1m12!1m3!1d5923.961157478567!2d-70.56607762266204!3d-33.40754937340656!2m3!1f0!2f0!3f0!3m2!1i1024!2i768!4f13.1!3m3!1m2!1s0x9662cedd207d20db%3A0x10c480a00ae51a35!2sAv.%20Apoquindo%206550%2C%20Of.%201803%2C%207560903%20Las%20Condes%2C%20Regi%C3%B3n%20Metropolitana%2C%20Chile!5e1!3m2!1ses!2ses!4v1770827493740!5m2!1ses!2ses\" width=\"100%\" height=\"450\" allowfullscreen=\"allowfullscreen\"><\/iframe><\/p>\n<\/div><\/div><\/div><\/div><\/div><\/div><\/div><div class=\"w-tabs style_default switch_click accordion has_scrolling\" style=\"--sections-title-size:inherit\"><div class=\"w-tabs-sections titles-align_none icon_chevron cpos_right\"><div class=\"w-tabs-section\" id=\"xeb6\"><button class=\"w-tabs-section-header\" aria-controls=\"content-xeb6\" aria-expanded=\"false\"><div class=\"w-tabs-section-title\">Kolumbien<\/div><div class=\"w-tabs-section-control\"><\/div><\/button><div  class=\"w-tabs-section-content\" id=\"content-xeb6\"><div class=\"w-tabs-section-content-h i-cf\"><div class=\"wpb_text_column\"><div class=\"wpb_wrapper\"><p><i class=\"fas fa-phone\"><\/i> <a href=\"tel:+57 313 799 22 77\" target=\"_blank\" rel=\"noopener\"><span>+57 313 799 22 77<\/span><\/a><\/p>\n<p><i class=\"fas fa-envelope\"><\/i> <a href=\"mailto:info.colombia@avocoop.com\" target=\"_blank\" rel=\"noopener\"><span>info.colombia@avocoop.com<\/span><\/a><\/p>\n<p><i class=\"fas fa-map-marker-alt\"><\/i> <span>KM 13 Stra\u00dfe nach Magdalena B\u00f3dega, 1 Manizales, Caldas, Kolumbien<\/span><\/p>\n<p><iframe loading=\"lazy\" style=\"border: 0;\" src=\"https:\/\/www.google.com\/maps\/embed?pb=!1m18!1m12!1m3!1d7069.057272407952!2d-75.4456426!3d5.0380436999999985!2m3!1f0!2f0!3f0!3m2!1i1024!2i768!4f13.1!3m3!1m2!1s0x8e47650c6832631b%3A0xa11328d0dddf03bb!2sEUROFRESH!5e1!3m2!1ses!2ses!4v1770827823669!5m2!1ses!2ses\" width=\"100%\" height=\"450\" allowfullscreen=\"allowfullscreen\"><\/iframe><\/p>\n<\/div><\/div><\/div><\/div><\/div><\/div><\/div><div class=\"w-tabs style_default switch_click accordion has_scrolling\" style=\"--sections-title-size:inherit\"><div class=\"w-tabs-sections titles-align_none icon_chevron cpos_right\"><div class=\"w-tabs-section\" id=\"q409\"><button class=\"w-tabs-section-header\" aria-controls=\"content-q409\" aria-expanded=\"false\"><div class=\"w-tabs-section-title\">Dominikanische Republik<\/div><div class=\"w-tabs-section-control\"><\/div><\/button><div  class=\"w-tabs-section-content\" id=\"content-q409\"><div class=\"w-tabs-section-content-h i-cf\"><div class=\"wpb_text_column\"><div class=\"wpb_wrapper\"><p><i class=\"fas fa-phone\"><\/i> <a href=\"tel:+1 809 522 02 43\" target=\"_blank\" rel=\"noopener\"><span>+1 809 522 02 43<\/span><\/a><\/p>\n<p><a href=\"mailto:info.rdominicana@avocoop.com\" target=\"_blank\" rel=\"noopener\">info.rdominicana@avocoop.com<\/a><\/p>\n<p><i class=\"fas fa-map-marker-alt\"><\/i> <span>ZN Freihandelszone Banileja Nr. 27 Matanzas<\/span><\/p>\n<p><iframe loading=\"lazy\" style=\"border: 0;\" src=\"https:\/\/www.google.com\/maps\/embed?pb=!1m17!1m12!1m3!1d5140.804924175854!2d-70.40727612481476!3d18.255813582787177!2m3!1f0!2f0!3f0!3m2!1i1024!2i768!4f13.1!3m2!1m1!2zMTjCsDE1JzIwLjkiTiA3MMKwMjQnMTYuOSJX!5e1!3m2!1ses!2ses!4v1770828082308!5m2!1ses!2ses\" width=\"100%\" height=\"450\" allowfullscreen=\"allowfullscreen\"><\/iframe><\/p>\n<\/div><\/div><\/div><\/div><\/div><\/div><\/div><\/div><\/div><\/div><\/div><\/div><\/section>\n","protected":false},"excerpt":{"rendered":"[vc_custom_heading text=\"Kontaktiere uns\" font_container=\"tag:h1|text_align:left\" use_theme_fonts=\"yes\" css=\"%7B%22default%22%3A%7B%22color%22%3A%22%23ffffff%22%7D%7D\"] Vollst\u00e4ndiger Name E-Mail Telefon Nachricht Ich habe die Datenschutzbestimmungen gelesen und akzeptiere sie. Spanien +34 951 204 049 info@avocoop.com C\/ Juan Cabanilles, 11, 309, 29018, M\u00e1laga Peru +51 1 688 61 45 info.peru@avocoop.com B\u00fcro Lima: Juli\u00e1n Arce, 341 Urbanizaci\u00f3n Santa Catalina La Victoria, Lima, Peru Werk Chancay: CPWM+9J4, Chancay...","protected":false},"author":1,"featured_media":0,"parent":0,"menu_order":0,"comment_status":"closed","ping_status":"closed","template":"","meta":{"_acf_changed":false,"footnotes":""},"class_list":["post-570","page","type-page","status-publish","hentry"],"acf":[],"yoast_head":"<!-- This site is optimized with the Yoast SEO plugin v27.4 - https:\/\/yoast.com\/product\/yoast-seo-wordpress\/ -->\n<title>Kontakt: Avocado-Experten am Ursprungsort | Avocoop<\/title>\n<meta name=\"description\" content=\"Als Experten f\u00fcr Avocados am Ursprungsort laden wir Sie ein, unsere Produktion in Spanien, Peru, Kolumbien, Chile und der Dominikanischen Republik.\" \/>\n<meta name=\"robots\" content=\"index, follow, max-snippet:-1, max-image-preview:large, max-video-preview:-1\" \/>\n<link rel=\"canonical\" href=\"https:\/\/avocoop.com\/de\/kontakt\/\" \/>\n<meta property=\"og:locale\" content=\"de_DE\" \/>\n<meta property=\"og:type\" content=\"article\" \/>\n<meta property=\"og:title\" content=\"Kontakt: Avocado-Experten am Ursprungsort | Avocoop\" \/>\n<meta property=\"og:description\" content=\"Als Experten f\u00fcr Avocados am Ursprungsort laden wir Sie ein, unsere Produktion in Spanien, Peru, Kolumbien, Chile und der Dominikanischen Republik.\" \/>\n<meta property=\"og:url\" content=\"https:\/\/avocoop.com\/de\/kontakt\/\" \/>\n<meta property=\"og:site_name\" content=\"Avocoop\" \/>\n<meta property=\"article:modified_time\" content=\"2026-03-27T13:35:13+00:00\" \/>\n<meta name=\"twitter:card\" content=\"summary_large_image\" \/>\n<meta name=\"twitter:label1\" content=\"Gesch\u00e4tzte Lesezeit\" \/>\n\t<meta name=\"twitter:data1\" content=\"1\u00a0Minute\" \/>\n<script type=\"application\/ld+json\" class=\"yoast-schema-graph\">{\"@context\":\"https:\\\/\\\/schema.org\",\"@graph\":[{\"@type\":\"WebPage\",\"@id\":\"https:\\\/\\\/avocoop.com\\\/de\\\/kontakt\\\/\",\"url\":\"https:\\\/\\\/avocoop.com\\\/de\\\/kontakt\\\/\",\"name\":\"Kontakt: Avocado-Experten am Ursprungsort | Avocoop\",\"isPartOf\":{\"@id\":\"https:\\\/\\\/avocoop.com\\\/de\\\/#website\"},\"datePublished\":\"2022-09-30T11:26:09+00:00\",\"dateModified\":\"2026-03-27T13:35:13+00:00\",\"description\":\"Als Experten f\u00fcr Avocados am Ursprungsort laden wir Sie ein, unsere Produktion in Spanien, Peru, Kolumbien, Chile und der Dominikanischen Republik.\",\"breadcrumb\":{\"@id\":\"https:\\\/\\\/avocoop.com\\\/de\\\/kontakt\\\/#breadcrumb\"},\"inLanguage\":\"de\",\"potentialAction\":[{\"@type\":\"ReadAction\",\"target\":[\"https:\\\/\\\/avocoop.com\\\/de\\\/kontakt\\\/\"]}]},{\"@type\":\"BreadcrumbList\",\"@id\":\"https:\\\/\\\/avocoop.com\\\/de\\\/kontakt\\\/#breadcrumb\",\"itemListElement\":[{\"@type\":\"ListItem\",\"position\":1,\"name\":\"Portada\",\"item\":\"https:\\\/\\\/avocoop.com\\\/de\\\/\"},{\"@type\":\"ListItem\",\"position\":2,\"name\":\"Kontakt\"}]},{\"@type\":\"WebSite\",\"@id\":\"https:\\\/\\\/avocoop.com\\\/de\\\/#website\",\"url\":\"https:\\\/\\\/avocoop.com\\\/de\\\/\",\"name\":\"Avocoop\",\"description\":\"\",\"publisher\":{\"@id\":\"https:\\\/\\\/avocoop.com\\\/de\\\/#organization\"},\"potentialAction\":[{\"@type\":\"SearchAction\",\"target\":{\"@type\":\"EntryPoint\",\"urlTemplate\":\"https:\\\/\\\/avocoop.com\\\/de\\\/?s={search_term_string}\"},\"query-input\":{\"@type\":\"PropertyValueSpecification\",\"valueRequired\":true,\"valueName\":\"search_term_string\"}}],\"inLanguage\":\"de\"},{\"@type\":\"Organization\",\"@id\":\"https:\\\/\\\/avocoop.com\\\/de\\\/#organization\",\"name\":\"Avocoop\",\"url\":\"https:\\\/\\\/avocoop.com\\\/de\\\/\",\"logo\":{\"@type\":\"ImageObject\",\"inLanguage\":\"de\",\"@id\":\"https:\\\/\\\/avocoop.com\\\/de\\\/#\\\/schema\\\/logo\\\/image\\\/\",\"url\":\"https:\\\/\\\/avocoop.com\\\/wp-content\\\/uploads\\\/2025\\\/09\\\/Logo-Verde-Militar.svg\",\"contentUrl\":\"https:\\\/\\\/avocoop.com\\\/wp-content\\\/uploads\\\/2025\\\/09\\\/Logo-Verde-Militar.svg\",\"width\":\"1024\",\"height\":\"1024\",\"caption\":\"Avocoop\"},\"image\":{\"@id\":\"https:\\\/\\\/avocoop.com\\\/de\\\/#\\\/schema\\\/logo\\\/image\\\/\"}}]}<\/script>\n<!-- \/ Yoast SEO plugin. -->","yoast_head_json":{"title":"Kontakt: Avocado-Experten am Ursprungsort | Avocoop","description":"Als Experten f\u00fcr Avocados am Ursprungsort laden wir Sie ein, unsere Produktion in Spanien, Peru, Kolumbien, Chile und der Dominikanischen Republik.","robots":{"index":"index","follow":"follow","max-snippet":"max-snippet:-1","max-image-preview":"max-image-preview:large","max-video-preview":"max-video-preview:-1"},"canonical":"https:\/\/avocoop.com\/de\/kontakt\/","og_locale":"de_DE","og_type":"article","og_title":"Kontakt: Avocado-Experten am Ursprungsort | Avocoop","og_description":"Als Experten f\u00fcr Avocados am Ursprungsort laden wir Sie ein, unsere Produktion in Spanien, Peru, Kolumbien, Chile und der Dominikanischen Republik.","og_url":"https:\/\/avocoop.com\/de\/kontakt\/","og_site_name":"Avocoop","article_modified_time":"2026-03-27T13:35:13+00:00","twitter_card":"summary_large_image","twitter_misc":{"Gesch\u00e4tzte Lesezeit":"1\u00a0Minute"},"schema":{"@context":"https:\/\/schema.org","@graph":[{"@type":"WebPage","@id":"https:\/\/avocoop.com\/de\/kontakt\/","url":"https:\/\/avocoop.com\/de\/kontakt\/","name":"Kontakt: Avocado-Experten am Ursprungsort | Avocoop","isPartOf":{"@id":"https:\/\/avocoop.com\/de\/#website"},"datePublished":"2022-09-30T11:26:09+00:00","dateModified":"2026-03-27T13:35:13+00:00","description":"Als Experten f\u00fcr Avocados am Ursprungsort laden wir Sie ein, unsere Produktion in Spanien, Peru, Kolumbien, Chile und der Dominikanischen Republik.","breadcrumb":{"@id":"https:\/\/avocoop.com\/de\/kontakt\/#breadcrumb"},"inLanguage":"de","potentialAction":[{"@type":"ReadAction","target":["https:\/\/avocoop.com\/de\/kontakt\/"]}]},{"@type":"BreadcrumbList","@id":"https:\/\/avocoop.com\/de\/kontakt\/#breadcrumb","itemListElement":[{"@type":"ListItem","position":1,"name":"Portada","item":"https:\/\/avocoop.com\/de\/"},{"@type":"ListItem","position":2,"name":"Kontakt"}]},{"@type":"WebSite","@id":"https:\/\/avocoop.com\/de\/#website","url":"https:\/\/avocoop.com\/de\/","name":"Avocoop","description":"","publisher":{"@id":"https:\/\/avocoop.com\/de\/#organization"},"potentialAction":[{"@type":"SearchAction","target":{"@type":"EntryPoint","urlTemplate":"https:\/\/avocoop.com\/de\/?s={search_term_string}"},"query-input":{"@type":"PropertyValueSpecification","valueRequired":true,"valueName":"search_term_string"}}],"inLanguage":"de"},{"@type":"Organization","@id":"https:\/\/avocoop.com\/de\/#organization","name":"Avocoop","url":"https:\/\/avocoop.com\/de\/","logo":{"@type":"ImageObject","inLanguage":"de","@id":"https:\/\/avocoop.com\/de\/#\/schema\/logo\/image\/","url":"https:\/\/avocoop.com\/wp-content\/uploads\/2025\/09\/Logo-Verde-Militar.svg","contentUrl":"https:\/\/avocoop.com\/wp-content\/uploads\/2025\/09\/Logo-Verde-Militar.svg","width":"1024","height":"1024","caption":"Avocoop"},"image":{"@id":"https:\/\/avocoop.com\/de\/#\/schema\/logo\/image\/"}}]}},"_links":{"self":[{"href":"https:\/\/avocoop.com\/de\/wp-json\/wp\/v2\/pages\/570","targetHints":{"allow":["GET"]}}],"collection":[{"href":"https:\/\/avocoop.com\/de\/wp-json\/wp\/v2\/pages"}],"about":[{"href":"https:\/\/avocoop.com\/de\/wp-json\/wp\/v2\/types\/page"}],"author":[{"embeddable":true,"href":"https:\/\/avocoop.com\/de\/wp-json\/wp\/v2\/users\/1"}],"replies":[{"embeddable":true,"href":"https:\/\/avocoop.com\/de\/wp-json\/wp\/v2\/comments?post=570"}],"version-history":[{"count":25,"href":"https:\/\/avocoop.com\/de\/wp-json\/wp\/v2\/pages\/570\/revisions"}],"predecessor-version":[{"id":3451,"href":"https:\/\/avocoop.com\/de\/wp-json\/wp\/v2\/pages\/570\/revisions\/3451"}],"wp:attachment":[{"href":"https:\/\/avocoop.com\/de\/wp-json\/wp\/v2\/media?parent=570"}],"curies":[{"name":"wp","href":"https:\/\/api.w.org\/{rel}","templated":true}]}}