{"id":3062,"date":"2026-02-27T13:19:09","date_gmt":"2026-02-27T11:19:09","guid":{"rendered":"https:\/\/avocoop.com\/origin5\/"},"modified":"2026-04-06T20:49:06","modified_gmt":"2026-04-06T18:49:06","slug":"origin5","status":"publish","type":"page","link":"https:\/\/avocoop.com\/en\/origin5\/","title":{"rendered":"Origin5"},"content":{"rendered":"<section class=\"l-section wpb_row us_custom_19737bc8 height_medium\"><div class=\"l-section-h i-cf\"><div class=\"g-cols vc_row via_flex valign_top type_default stacking_default\"><div class=\"vc_col-sm-12 wpb_column vc_column_container\"><div class=\"vc_column-inner\"><div class=\"wpb_wrapper\"><div class=\"w-image align_center\"><div class=\"w-image-h\"><img decoding=\"async\" width=\"692\" height=\"236\" src=\"https:\/\/avocoop.com\/wp-content\/uploads\/2026\/02\/Logo-Origin5.png\" class=\"attachment-large size-large\" alt=\"Origin5\" loading=\"lazy\" srcset=\"https:\/\/avocoop.com\/wp-content\/uploads\/2026\/02\/Logo-Origin5.png 692w, https:\/\/avocoop.com\/wp-content\/uploads\/2026\/02\/Logo-Origin5-300x102.png 300w\" sizes=\"auto, (max-width: 692px) 100vw, 692px\" \/><\/div><\/div><\/div><\/div><\/div><\/div><\/div><\/section><section class=\"l-section wpb_row height_auto\"><div class=\"l-section-h i-cf\"><div class=\"g-cols vc_row via_flex valign_top type_default stacking_default\"><div class=\"vc_col-sm-12 wpb_column vc_column_container\"><div class=\"vc_column-inner\"><div class=\"wpb_wrapper\"><div class=\"w-hwrapper valign_middle align_center\" style=\"--hwrapper-gap:0px\"><div data-reveal-offset=\"0.1\" class=\"w-image us_custom_bbdbd1e3 reveal-up has_height align_center\"><div class=\"w-image-h\"><img decoding=\"async\" width=\"864\" height=\"925\" src=\"https:\/\/avocoop.com\/wp-content\/uploads\/2026\/02\/Crecimiento-planta-Origin5-con-flores-e1772193510324.png\" class=\"attachment-full size-full\" alt=\"Crecimiento planta\" loading=\"lazy\" srcset=\"https:\/\/avocoop.com\/wp-content\/uploads\/2026\/02\/Crecimiento-planta-Origin5-con-flores-e1772193510324.png 864w, https:\/\/avocoop.com\/wp-content\/uploads\/2026\/02\/Crecimiento-planta-Origin5-con-flores-e1772193510324-280x300.png 280w\" sizes=\"auto, (max-width: 864px) 100vw, 864px\" \/><\/div><\/div><\/div><\/div><\/div><\/div><\/div><\/div><\/section><section class=\"l-section wpb_row us_custom_f3f68ac4 height_medium\"><div class=\"l-section-h i-cf\"><div class=\"g-cols vc_row via_flex valign_top type_default stacking_default\"><div class=\"vc_col-sm-12 wpb_column vc_column_container\"><div class=\"vc_column-inner\"><div class=\"wpb_wrapper\"><div class=\"w-separator size_medium\"><\/div><div class=\"w-image hide_on_default hide_on_laptops align_center\"><div class=\"w-image-h\"><img decoding=\"async\" width=\"1536\" height=\"1024\" src=\"https:\/\/avocoop.com\/wp-content\/uploads\/2026\/03\/ChatGPT-Image-24-mar-2026-14_38_15-1.png\" class=\"attachment-full size-full\" alt=\"origin5\" loading=\"lazy\" srcset=\"https:\/\/avocoop.com\/wp-content\/uploads\/2026\/03\/ChatGPT-Image-24-mar-2026-14_38_15-1.png 1536w, https:\/\/avocoop.com\/wp-content\/uploads\/2026\/03\/ChatGPT-Image-24-mar-2026-14_38_15-1-300x200.png 300w, https:\/\/avocoop.com\/wp-content\/uploads\/2026\/03\/ChatGPT-Image-24-mar-2026-14_38_15-1-1024x683.png 1024w\" sizes=\"auto, (max-width: 1536px) 100vw, 1536px\" \/><\/div><\/div><div class=\"g-cols wpb_row blocks-animation via_flex valign_top type_default stacking_default\"><div class=\"vc_col-sm-4 wpb_column vc_column_container\"><div class=\"vc_column-inner\"><div class=\"wpb_wrapper\"><div data-us-scroll=\"{&quot;from_initial_position&quot;:&quot;0&quot;,&quot;start_position&quot;:&quot;0%&quot;,&quot;end_position&quot;:&quot;75%&quot;,&quot;delay&quot;:&quot;0.2s&quot;,&quot;translate_y_direction&quot;:&quot;up&quot;,&quot;translate_y_speed&quot;:&quot;0.2x&quot;,&quot;opacity_direction&quot;:&quot;out-in-out&quot;}\" class=\"w-vwrapper us_custom_0b050b5d has_scroll_effects has_translate_y has_opacity align_none valign_top\"><div class=\"wpb_text_column\"><div class=\"wpb_wrapper\"><h3><strong><span class=\"anio-grande\">23% <\/span>The exact point<\/strong><\/h3>\n<\/div><\/div><div class=\"wpb_text_column\"><div class=\"wpb_wrapper\"><p>Not all avocados become <strong>ORIGIN5<\/strong>.<\/p>\n<p>Only those that reach a <strong>minimum of 23% dry matter<\/strong> at the time of harvest are selected.<\/p>\n<p>It&#8217;s a number.<br \/>\nBut it&#8217;s also a decision.<br \/>\nIt&#8217;s the exact moment when nature and time align.<\/p>\n<\/div><\/div><\/div><\/div><\/div><\/div><div class=\"vc_col-sm-4 wpb_column vc_column_container\"><div class=\"vc_column-inner\"><div class=\"wpb_wrapper\"><div class=\"w-image us_custom_b21b2c83 hide_on_tablets hide_on_mobiles align_center\"><div class=\"w-image-h\"><img decoding=\"async\" width=\"1536\" height=\"1024\" src=\"https:\/\/avocoop.com\/wp-content\/uploads\/2026\/03\/ChatGPT-Image-24-mar-2026-14_38_15-1.png\" class=\"attachment-full size-full\" alt=\"origin5\" loading=\"lazy\" srcset=\"https:\/\/avocoop.com\/wp-content\/uploads\/2026\/03\/ChatGPT-Image-24-mar-2026-14_38_15-1.png 1536w, https:\/\/avocoop.com\/wp-content\/uploads\/2026\/03\/ChatGPT-Image-24-mar-2026-14_38_15-1-300x200.png 300w, https:\/\/avocoop.com\/wp-content\/uploads\/2026\/03\/ChatGPT-Image-24-mar-2026-14_38_15-1-1024x683.png 1024w\" sizes=\"auto, (max-width: 1536px) 100vw, 1536px\" \/><\/div><\/div><\/div><\/div><\/div><div class=\"vc_col-sm-4 wpb_column vc_column_container\"><div class=\"vc_column-inner\"><div class=\"wpb_wrapper\"><div data-us-scroll=\"{&quot;from_initial_position&quot;:&quot;0&quot;,&quot;start_position&quot;:&quot;20%&quot;,&quot;end_position&quot;:&quot;75%&quot;,&quot;delay&quot;:&quot;0.2s&quot;,&quot;translate_y_direction&quot;:&quot;up&quot;,&quot;translate_y_speed&quot;:&quot;0.2x&quot;,&quot;opacity_direction&quot;:&quot;out-in-out&quot;}\" class=\"w-vwrapper us_custom_0ebe1454 has_scroll_effects has_translate_y has_opacity align_none valign_top\">[vc_custom_heading text=&#8221;Precise selection&#8221; font_container=&#8221;tag:h3|text_align:left&#8221; use_theme_fonts=&#8221;yes&#8221; css=&#8221;%7B%22default%22%3A%7B%22font-weight%22%3A%22700%22%7D%7D&#8221;]<div class=\"wpb_text_column\"><div class=\"wpb_wrapper\"><p>Behind the 23% is agronomic control, field monitoring, and harvesting at exactly the right moment.<\/p>\n<p>Respecting the natural rhythm of each Origin.<\/p>\n<\/div><\/div><\/div><\/div><\/div><\/div><\/div><\/div><\/div><\/div><\/div><\/div><\/section><section class=\"l-section wpb_row us_custom_19737bc8 height_small width_full\"><div class=\"l-section-h i-cf\"><div class=\"g-cols vc_row via_flex valign_top type_default stacking_default\"><div class=\"vc_col-sm-12 wpb_column vc_column_container\"><div class=\"vc_column-inner\"><div class=\"wpb_wrapper\"><div class=\"wpb_text_column\"><div class=\"wpb_wrapper\"><div style=\"height: 12px; background: repeating-linear-gradient( 90deg, #0d0d0d 0px, #0d0d0d 18px, #C8973A 18px, #C8973A 30px );\"><\/div>\n<\/div><\/div><div class=\"w-separator size_small\"><\/div><\/div><\/div><\/div><\/div><\/div><\/section><section class=\"l-section wpb_row us_custom_043e4852 height_medium\"><div class=\"l-section-h i-cf\"><div class=\"g-cols vc_row via_flex valign_middle type_default stacking_default\"><div class=\"vc_col-sm-6 wpb_column vc_column_container\"><div class=\"vc_column-inner us_custom_b74f6679 us_animate_this\"><div class=\"wpb_wrapper\">[vc_custom_heading text=&#8221;THE PERFECT MOMENT&#8221; use_theme_fonts=&#8221;yes&#8221; css=&#8221;%7B%22default%22%3A%7B%22font-size%22%3A%223.226rem%22%2C%22line-height%22%3A%221.05%22%2C%22letter-spacing%22%3A%220px%22%2C%22font-weight%22%3A%22600%22%7D%7D&#8221;]<div class=\"wpb_text_column us_custom_ea76afbe\"><div class=\"wpb_wrapper\"><p style=\"text-align: center;\">When the pulp yields firmly.<br \/>\nWhen the texture reveals itself to be dense, silky, and perfectly creamy.<\/p>\n<p style=\"text-align: center;\">At this point, the natural oil has reached its perfect balance.<br \/>\nThe flavor is deep, clean, smooth, and persistent.<br \/>\nThe experience is elevated.<\/p>\n<\/div><\/div><div class=\"w-html\"><div style=\"background:#0d0d0d; padding:40px 48px; border-left:4px solid #C8973A; margin:24px 0;\">\n  <p style=\"font-size:42px; font-weight:700; letter-spacing:.1em; text-transform:uppercase; color:#C8973A; margin:0 0 20px; text-align:center;\">\u00abTHAT IS THE ORIGIN5 STANDARD\u00bb<\/p>\n  <p style=\"font-size:32px; color:rgba(255,255,255,0.85); line-height:1.6; margin:0; text-align:center;\">At 23%, the avocado reaches its maximum character and balance. The optimal natural oil content provides the enveloping creaminess that defines its identity.<\/p>\n<\/div><\/div><\/div><\/div><\/div><div class=\"vc_col-sm-6 wpb_column vc_column_container has_bg_color stretched\"><div class=\"vc_column-inner us_custom_770836b2\"><div class=\"wpb_wrapper\"><\/div><\/div><\/div><\/div><\/div><\/section>\n","protected":false},"excerpt":{"rendered":"23% The exact point Not all avocados become ORIGIN5. Only those that reach a minimum of 23% dry matter at the time of harvest are selected. It&#8217;s a number. But it&#8217;s also a decision. It&#8217;s the exact moment when nature and time align. [vc_custom_heading text=\"Precise selection\" font_container=\"tag:h3|text_align:left\" use_theme_fonts=\"yes\" css=\"%7B%22default%22%3A%7B%22font-weight%22%3A%22700%22%7D%7D\"]Behind the 23% is agronomic control, field...","protected":false},"author":1,"featured_media":0,"parent":0,"menu_order":0,"comment_status":"closed","ping_status":"closed","template":"","meta":{"_acf_changed":false,"footnotes":""},"class_list":["post-3062","page","type-page","status-publish","hentry"],"acf":[],"yoast_head":"<!-- This site is optimized with the Yoast SEO plugin v27.5 - https:\/\/yoast.com\/product\/yoast-seo-wordpress\/ -->\n<title>Premium avocados at source | Extra and boutique avocados<\/title>\n<meta name=\"description\" content=\"Descubre ORIGIN5, nuestro aguacate premium en origen en Espa\u00f1a, Per\u00fa, Colombia, Chile y Rep\u00fablica Dominicana. Conoce nuestro aguacate boutique.\" \/>\n<meta name=\"robots\" content=\"index, follow, max-snippet:-1, max-image-preview:large, max-video-preview:-1\" \/>\n<link rel=\"canonical\" href=\"https:\/\/avocoop.com\/en\/origin5\/\" \/>\n<meta property=\"og:locale\" content=\"en_US\" \/>\n<meta property=\"og:type\" content=\"article\" \/>\n<meta property=\"og:title\" content=\"Premium avocados at source | Extra and boutique avocados\" \/>\n<meta property=\"og:description\" content=\"Descubre ORIGIN5, nuestro aguacate premium en origen en Espa\u00f1a, Per\u00fa, Colombia, Chile y Rep\u00fablica Dominicana. Conoce nuestro aguacate boutique.\" \/>\n<meta property=\"og:url\" content=\"https:\/\/avocoop.com\/en\/origin5\/\" \/>\n<meta property=\"og:site_name\" content=\"Avocoop\" \/>\n<meta property=\"article:modified_time\" content=\"2026-04-06T18:49:06+00:00\" \/>\n<meta name=\"twitter:card\" content=\"summary_large_image\" \/>\n<meta name=\"twitter:label1\" content=\"Est. reading time\" \/>\n\t<meta name=\"twitter:data1\" content=\"1 minute\" \/>\n<script type=\"application\/ld+json\" class=\"yoast-schema-graph\">{\"@context\":\"https:\\\/\\\/schema.org\",\"@graph\":[{\"@type\":\"WebPage\",\"@id\":\"https:\\\/\\\/avocoop.com\\\/en\\\/origin5\\\/\",\"url\":\"https:\\\/\\\/avocoop.com\\\/en\\\/origin5\\\/\",\"name\":\"Premium avocados at source | Extra and boutique avocados\",\"isPartOf\":{\"@id\":\"https:\\\/\\\/avocoop.com\\\/en\\\/#website\"},\"datePublished\":\"2026-02-27T11:19:09+00:00\",\"dateModified\":\"2026-04-06T18:49:06+00:00\",\"description\":\"Descubre ORIGIN5, nuestro aguacate premium en origen en Espa\u00f1a, Per\u00fa, Colombia, Chile y Rep\u00fablica Dominicana. Conoce nuestro aguacate boutique.\",\"breadcrumb\":{\"@id\":\"https:\\\/\\\/avocoop.com\\\/en\\\/origin5\\\/#breadcrumb\"},\"inLanguage\":\"en-US\",\"potentialAction\":[{\"@type\":\"ReadAction\",\"target\":[\"https:\\\/\\\/avocoop.com\\\/en\\\/origin5\\\/\"]}]},{\"@type\":\"BreadcrumbList\",\"@id\":\"https:\\\/\\\/avocoop.com\\\/en\\\/origin5\\\/#breadcrumb\",\"itemListElement\":[{\"@type\":\"ListItem\",\"position\":1,\"name\":\"Portada\",\"item\":\"https:\\\/\\\/avocoop.com\\\/en\\\/\"},{\"@type\":\"ListItem\",\"position\":2,\"name\":\"Origin5\"}]},{\"@type\":\"WebSite\",\"@id\":\"https:\\\/\\\/avocoop.com\\\/en\\\/#website\",\"url\":\"https:\\\/\\\/avocoop.com\\\/en\\\/\",\"name\":\"Avocoop\",\"description\":\"\",\"publisher\":{\"@id\":\"https:\\\/\\\/avocoop.com\\\/en\\\/#organization\"},\"potentialAction\":[{\"@type\":\"SearchAction\",\"target\":{\"@type\":\"EntryPoint\",\"urlTemplate\":\"https:\\\/\\\/avocoop.com\\\/en\\\/?s={search_term_string}\"},\"query-input\":{\"@type\":\"PropertyValueSpecification\",\"valueRequired\":true,\"valueName\":\"search_term_string\"}}],\"inLanguage\":\"en-US\"},{\"@type\":\"Organization\",\"@id\":\"https:\\\/\\\/avocoop.com\\\/en\\\/#organization\",\"name\":\"Avocoop\",\"url\":\"https:\\\/\\\/avocoop.com\\\/en\\\/\",\"logo\":{\"@type\":\"ImageObject\",\"inLanguage\":\"en-US\",\"@id\":\"https:\\\/\\\/avocoop.com\\\/en\\\/#\\\/schema\\\/logo\\\/image\\\/\",\"url\":\"https:\\\/\\\/avocoop.com\\\/wp-content\\\/uploads\\\/2025\\\/09\\\/Logo-Verde-Militar.svg\",\"contentUrl\":\"https:\\\/\\\/avocoop.com\\\/wp-content\\\/uploads\\\/2025\\\/09\\\/Logo-Verde-Militar.svg\",\"width\":\"1024\",\"height\":\"1024\",\"caption\":\"Avocoop\"},\"image\":{\"@id\":\"https:\\\/\\\/avocoop.com\\\/en\\\/#\\\/schema\\\/logo\\\/image\\\/\"}}]}<\/script>\n<!-- \/ Yoast SEO plugin. -->","yoast_head_json":{"title":"Premium avocados at source | Extra and boutique avocados","description":"Descubre ORIGIN5, nuestro aguacate premium en origen en Espa\u00f1a, Per\u00fa, Colombia, Chile y Rep\u00fablica Dominicana. Conoce nuestro aguacate boutique.","robots":{"index":"index","follow":"follow","max-snippet":"max-snippet:-1","max-image-preview":"max-image-preview:large","max-video-preview":"max-video-preview:-1"},"canonical":"https:\/\/avocoop.com\/en\/origin5\/","og_locale":"en_US","og_type":"article","og_title":"Premium avocados at source | Extra and boutique avocados","og_description":"Descubre ORIGIN5, nuestro aguacate premium en origen en Espa\u00f1a, Per\u00fa, Colombia, Chile y Rep\u00fablica Dominicana. Conoce nuestro aguacate boutique.","og_url":"https:\/\/avocoop.com\/en\/origin5\/","og_site_name":"Avocoop","article_modified_time":"2026-04-06T18:49:06+00:00","twitter_card":"summary_large_image","twitter_misc":{"Est. reading time":"1 minute"},"schema":{"@context":"https:\/\/schema.org","@graph":[{"@type":"WebPage","@id":"https:\/\/avocoop.com\/en\/origin5\/","url":"https:\/\/avocoop.com\/en\/origin5\/","name":"Premium avocados at source | Extra and boutique avocados","isPartOf":{"@id":"https:\/\/avocoop.com\/en\/#website"},"datePublished":"2026-02-27T11:19:09+00:00","dateModified":"2026-04-06T18:49:06+00:00","description":"Descubre ORIGIN5, nuestro aguacate premium en origen en Espa\u00f1a, Per\u00fa, Colombia, Chile y Rep\u00fablica Dominicana. Conoce nuestro aguacate boutique.","breadcrumb":{"@id":"https:\/\/avocoop.com\/en\/origin5\/#breadcrumb"},"inLanguage":"en-US","potentialAction":[{"@type":"ReadAction","target":["https:\/\/avocoop.com\/en\/origin5\/"]}]},{"@type":"BreadcrumbList","@id":"https:\/\/avocoop.com\/en\/origin5\/#breadcrumb","itemListElement":[{"@type":"ListItem","position":1,"name":"Portada","item":"https:\/\/avocoop.com\/en\/"},{"@type":"ListItem","position":2,"name":"Origin5"}]},{"@type":"WebSite","@id":"https:\/\/avocoop.com\/en\/#website","url":"https:\/\/avocoop.com\/en\/","name":"Avocoop","description":"","publisher":{"@id":"https:\/\/avocoop.com\/en\/#organization"},"potentialAction":[{"@type":"SearchAction","target":{"@type":"EntryPoint","urlTemplate":"https:\/\/avocoop.com\/en\/?s={search_term_string}"},"query-input":{"@type":"PropertyValueSpecification","valueRequired":true,"valueName":"search_term_string"}}],"inLanguage":"en-US"},{"@type":"Organization","@id":"https:\/\/avocoop.com\/en\/#organization","name":"Avocoop","url":"https:\/\/avocoop.com\/en\/","logo":{"@type":"ImageObject","inLanguage":"en-US","@id":"https:\/\/avocoop.com\/en\/#\/schema\/logo\/image\/","url":"https:\/\/avocoop.com\/wp-content\/uploads\/2025\/09\/Logo-Verde-Militar.svg","contentUrl":"https:\/\/avocoop.com\/wp-content\/uploads\/2025\/09\/Logo-Verde-Militar.svg","width":"1024","height":"1024","caption":"Avocoop"},"image":{"@id":"https:\/\/avocoop.com\/en\/#\/schema\/logo\/image\/"}}]}},"_links":{"self":[{"href":"https:\/\/avocoop.com\/en\/wp-json\/wp\/v2\/pages\/3062","targetHints":{"allow":["GET"]}}],"collection":[{"href":"https:\/\/avocoop.com\/en\/wp-json\/wp\/v2\/pages"}],"about":[{"href":"https:\/\/avocoop.com\/en\/wp-json\/wp\/v2\/types\/page"}],"author":[{"embeddable":true,"href":"https:\/\/avocoop.com\/en\/wp-json\/wp\/v2\/users\/1"}],"replies":[{"embeddable":true,"href":"https:\/\/avocoop.com\/en\/wp-json\/wp\/v2\/comments?post=3062"}],"version-history":[{"count":9,"href":"https:\/\/avocoop.com\/en\/wp-json\/wp\/v2\/pages\/3062\/revisions"}],"predecessor-version":[{"id":3511,"href":"https:\/\/avocoop.com\/en\/wp-json\/wp\/v2\/pages\/3062\/revisions\/3511"}],"wp:attachment":[{"href":"https:\/\/avocoop.com\/en\/wp-json\/wp\/v2\/media?parent=3062"}],"curies":[{"name":"wp","href":"https:\/\/api.w.org\/{rel}","templated":true}]}}