{"id":1039,"date":"2022-09-30T13:44:00","date_gmt":"2022-09-30T11:44:00","guid":{"rendered":"https:\/\/avocoop.com\/mentions-legales\/"},"modified":"2026-02-26T19:15:01","modified_gmt":"2026-02-26T17:15:01","slug":"mentions-legales","status":"publish","type":"page","link":"https:\/\/avocoop.com\/fr\/mentions-legales\/","title":{"rendered":"Mentions l\u00e9gales"},"content":{"rendered":"<section class=\"l-section wpb_row height_medium\"><div class=\"l-section-h i-cf\"><div class=\"g-cols vc_row via_flex valign_top type_default stacking_default\"><div class=\"vc_col-sm-12 wpb_column vc_column_container\"><div class=\"vc_column-inner\"><div class=\"wpb_wrapper\">[vc_custom_heading text=\u00a0\u00bbMentions l\u00e9gales\u00a0\u00bb font_container=\u00a0\u00bbtag:h1|text_align:left\u00a0\u00bb use_theme_fonts=\u00a0\u00bbyes\u00a0\u00bb]<div class=\"wpb_text_column\"><div class=\"wpb_wrapper\"><p>Conform\u00e9ment aux dispositions de la loi 34\/2002 du 11 juillet, relative aux services de la soci\u00e9t\u00e9 de l&rsquo;information et au commerce \u00e9lectronique (LSSICE), les informations g\u00e9n\u00e9rales du site web sont indiqu\u00e9es ci-dessous<a href=\"https:\/\/avocoop.com\/fr\/\"> https:\/\/avocoop.com.<\/a><\/p>\n<h2><b>1. Entit\u00e9<\/b><\/h2>\n<p><b>AVOCOOP SL<\/b><br \/>NIF&nbsp;: B67754119<br \/>T\u00e9l\u00e9phone&nbsp;: <a href=\"t\u00e9l.&nbsp;:(+34)%20951%2020%2040%2049\" target=\"_blank\" rel=\"noopener\">(+34) 951 20 40 49<br \/>\n<\/a>Adresse&nbsp;: Calle Juan Cabanilles, 11, 29018, M\u00e1laga, Espagne<br \/>E-mail&nbsp;: <a href=\"mailto:info@avocoop.com\" target=\"_blank\" rel=\"noopener\">info@avocoop.com<\/a><\/p>\n<h2><b>2. Utilisation du site web<\/b><\/h2>\n<p>Le site web est propos\u00e9 \u00e0 des fins informatives et promotionnelles, dans le but de faire conna\u00eetre l\u2019activit\u00e9 d\u2019AVOCOOP SL, une entreprise d\u00e9di\u00e9e \u00e0 la commercialisation, \u00e0 la production, \u00e0 l\u2019achat, au conditionnement, \u00e0 la vente, \u00e0 la fabrication, \u00e0 l\u2019exportation, \u00e0 l\u2019importation et \u00e0 la distribution de produits agricoles et horticoles, ainsi qu\u2019\u00e0 d\u2019autres activit\u00e9s li\u00e9es \u00e0 l\u2019industrie agroalimentaire.<\/p>\n<p>AVOCOOP SL pourra cesser de proposer les informations contenues sur ce site web sans qu\u2019il soit n\u00e9cessaire d\u2019en informer pr\u00e9alablement l\u2019utilisateur, sans que cela n\u2019implique une quelconque responsabilit\u00e9 envers des tiers.<\/p>\n<h2><b>3. Confidentialit\u00e9<\/b><\/h2>\n<p>Les informations qu\u2019AVOCOOP SL peut collecter aupr\u00e8s des utilisateurs de ce site web seront utilis\u00e9es exclusivement pour fournir, \u00e0 ceux qui le demandent, des informations sur ses services et activit\u00e9s, ou pour r\u00e9pondre aux questions pos\u00e9es par les utilisateurs.<\/p>\n<p>Pour plus d\u2019informations, consultez notre <a href=\"https:\/\/avocoop.com\/fr\/politique-de-confidentialite\/\" target=\"_blank\" rel=\"noopener\">Politique de confidentialit\u00e9<\/a>.<\/p>\n<h2><b>4. Liens vers des tiers<\/b><\/h2>\n<p>Si ce site web contient des liens vers des sites web de tiers, l\u2019utilisateur sera r\u00e9gi par les conditions d\u2019utilisation et la politique de confidentialit\u00e9 du nouveau site. AVOCOOP SL n\u2019est pas responsable et n\u2019a aucune obligation l\u00e9gale concernant l\u2019utilisation de ces sites web. <\/p>\n<h2><b>5. Propri\u00e9t\u00e9 intellectuelle<\/b><\/h2>\n<p>AVOCOOP SL, par elle-m\u00eame ou en tant que cessionnaire ou licenci\u00e9e, est titulaire de tous les droits de propri\u00e9t\u00e9 intellectuelle et industrielle des contenus de ce site web (y compris, mais sans s\u2019y limiter, les images, les logos, les marques telles que <b>EUROFRESH<\/b>, les textes, les dessins et mod\u00e8les et le code source), tous les droits \u00e9tant r\u00e9serv\u00e9s.<\/p>\n<p>La reproduction, la distribution et la communication publique, y compris la mise \u00e0 disposition, de tout ou partie du contenu de ce site web \u00e0 des fins commerciales, sans l\u2019autorisation pr\u00e9alable d\u2019AVOCOOP SL, conform\u00e9ment aux dispositions des articles&nbsp;8 et&nbsp;21 de la loi sur la propri\u00e9t\u00e9 intellectuelle, sont express\u00e9ment interdites.<\/p>\n<p>L\u2019utilisateur pourra visualiser, imprimer, stocker ou copier le contenu de ce site web exclusivement pour son usage personnel et priv\u00e9.<\/p>\n<h2><b>6. Conditions d\u2019utilisation et responsabilit\u00e9<\/b><\/h2>\n<p>L\u2019utilisateur s\u2019engage \u00e0 utiliser le site web d\u2019AVOCOOP SL conform\u00e9ment \u00e0 la l\u00e9gislation en vigueur, \u00e0 la morale et \u00e0 l\u2019ordre public.<\/p>\n<p>En particulier, l\u2019utilisateur s\u2019abstiendra de&nbsp;:<\/p>\n<ul>\n<li>Faire une utilisation non autoris\u00e9e ou \u00e0 des fins frauduleuses du site web.&nbsp;<\/li>\n<li>Tenter d\u2019acc\u00e9der \u00e0 des ressources restreintes sans autorisation.&nbsp;<\/li>\n<li>Utiliser le site web \u00e0 des fins illicites ou pr\u00e9judiciables pour AVOCOOP SL ou des tiers.&nbsp;<\/li>\n<li>Endommager les syst\u00e8mes physiques ou logiques du site web ou introduire des virus informatiques ou d\u2019autres syst\u00e8mes susceptibles de provoquer des alt\u00e9rations.&nbsp;<\/li>\n<\/ul>\n<p>AVOCOOP SL sera responsable uniquement du contenu cr\u00e9\u00e9 directement par elle. Elle n\u2019est pas responsable des liens publi\u00e9s par des tiers ou du contenu externe qui \u00e9chappe \u00e0 son contr\u00f4le. <\/p>\n<p>AVOCOOP SL se r\u00e9serve le droit d\u2019effectuer, sans pr\u00e9avis, des modifications sur le contenu ou les services propos\u00e9s, ainsi que de supprimer ou d\u2019approuver le contenu ajout\u00e9 par des tiers lorsqu\u2019elle le juge opportun.<\/p>\n<h2><b>7. Modifications des conditions d\u2019utilisation<\/b><\/h2>\n<p>AVOCOOP SL se r\u00e9serve le droit de modifier les conditions d\u2019utilisation et la politique de confidentialit\u00e9 lorsqu\u2019elle le juge opportun. L\u2019utilisateur doit consulter ces textes p\u00e9riodiquement, car ils peuvent \u00eatre modifi\u00e9s sans pr\u00e9avis. L\u2019utilisation continue du site web implique l\u2019acceptation de ces conditions.  <\/p>\n<h2><b>8. Loi applicable et juridiction<\/b><\/h2>\n<p>La loi applicable pour r\u00e9soudre tout conflit ou divergence dans l\u2019interpr\u00e9tation de cet avis juridique sera la loi espagnole.<\/p>\n<p>En cas de conflit, les parties se soumettront aux tribunaux de la ville de <b>M\u00e1laga<\/b>, en renon\u00e7ant \u00e0 toute autre juridiction qui pourrait leur correspondre.<\/p>\n<\/div><\/div><\/div><\/div><\/div><\/div><\/div><\/section>\n","protected":false},"excerpt":{"rendered":"[vc_custom_heading text=\"Mentions l\u00e9gales\" font_container=\"tag:h1|text_align:left\" use_theme_fonts=\"yes\"]Conform\u00e9ment aux dispositions de la loi 34\/2002 du 11 juillet, relative aux services de la soci\u00e9t\u00e9 de l&rsquo;information et au commerce \u00e9lectronique (LSSICE), les informations g\u00e9n\u00e9rales du site web sont indiqu\u00e9es ci-dessous https:\/\/avocoop.com. 1. Entit\u00e9 AVOCOOP SLNIF&nbsp;: B67754119T\u00e9l\u00e9phone&nbsp;: (+34) 951 20 40 49 Adresse&nbsp;: Calle Juan Cabanilles, 11, 29018, M\u00e1laga, EspagneE-mail&nbsp;:...","protected":false},"author":1,"featured_media":0,"parent":0,"menu_order":0,"comment_status":"closed","ping_status":"open","template":"","meta":{"_acf_changed":false,"footnotes":""},"class_list":["post-1039","page","type-page","status-publish","hentry"],"acf":[],"yoast_head":"<!-- This site is optimized with the Yoast SEO plugin v27.4 - https:\/\/yoast.com\/product\/yoast-seo-wordpress\/ -->\n<title>Mentions l\u00e9gales | Avocoop<\/title>\n<meta name=\"robots\" content=\"noindex, nofollow\" \/>\n<meta property=\"og:locale\" content=\"fr_FR\" \/>\n<meta property=\"og:type\" content=\"article\" \/>\n<meta property=\"og:title\" content=\"Mentions l\u00e9gales | Avocoop\" \/>\n<meta property=\"og:url\" content=\"https:\/\/avocoop.com\/fr\/mentions-legales\/\" \/>\n<meta property=\"og:site_name\" content=\"Avocoop\" \/>\n<meta property=\"article:modified_time\" content=\"2026-02-26T17:15:01+00:00\" \/>\n<meta name=\"twitter:card\" content=\"summary_large_image\" \/>\n<meta name=\"twitter:label1\" content=\"Dur\u00e9e de lecture estim\u00e9e\" \/>\n\t<meta name=\"twitter:data1\" content=\"3 minutes\" \/>\n<script type=\"application\/ld+json\" class=\"yoast-schema-graph\">{\"@context\":\"https:\\\/\\\/schema.org\",\"@graph\":[{\"@type\":\"WebPage\",\"@id\":\"https:\\\/\\\/avocoop.com\\\/fr\\\/mentions-legales\\\/\",\"url\":\"https:\\\/\\\/avocoop.com\\\/fr\\\/mentions-legales\\\/\",\"name\":\"Mentions l\u00e9gales | Avocoop\",\"isPartOf\":{\"@id\":\"https:\\\/\\\/avocoop.com\\\/fr\\\/#website\"},\"datePublished\":\"2022-09-30T11:44:00+00:00\",\"dateModified\":\"2026-02-26T17:15:01+00:00\",\"breadcrumb\":{\"@id\":\"https:\\\/\\\/avocoop.com\\\/fr\\\/mentions-legales\\\/#breadcrumb\"},\"inLanguage\":\"fr-FR\",\"potentialAction\":[{\"@type\":\"ReadAction\",\"target\":[\"https:\\\/\\\/avocoop.com\\\/fr\\\/mentions-legales\\\/\"]}]},{\"@type\":\"BreadcrumbList\",\"@id\":\"https:\\\/\\\/avocoop.com\\\/fr\\\/mentions-legales\\\/#breadcrumb\",\"itemListElement\":[{\"@type\":\"ListItem\",\"position\":1,\"name\":\"Portada\",\"item\":\"https:\\\/\\\/avocoop.com\\\/fr\\\/\"},{\"@type\":\"ListItem\",\"position\":2,\"name\":\"Mentions l\u00e9gales\"}]},{\"@type\":\"WebSite\",\"@id\":\"https:\\\/\\\/avocoop.com\\\/fr\\\/#website\",\"url\":\"https:\\\/\\\/avocoop.com\\\/fr\\\/\",\"name\":\"Avocoop\",\"description\":\"\",\"publisher\":{\"@id\":\"https:\\\/\\\/avocoop.com\\\/fr\\\/#organization\"},\"potentialAction\":[{\"@type\":\"SearchAction\",\"target\":{\"@type\":\"EntryPoint\",\"urlTemplate\":\"https:\\\/\\\/avocoop.com\\\/fr\\\/?s={search_term_string}\"},\"query-input\":{\"@type\":\"PropertyValueSpecification\",\"valueRequired\":true,\"valueName\":\"search_term_string\"}}],\"inLanguage\":\"fr-FR\"},{\"@type\":\"Organization\",\"@id\":\"https:\\\/\\\/avocoop.com\\\/fr\\\/#organization\",\"name\":\"Avocoop\",\"url\":\"https:\\\/\\\/avocoop.com\\\/fr\\\/\",\"logo\":{\"@type\":\"ImageObject\",\"inLanguage\":\"fr-FR\",\"@id\":\"https:\\\/\\\/avocoop.com\\\/fr\\\/#\\\/schema\\\/logo\\\/image\\\/\",\"url\":\"https:\\\/\\\/avocoop.com\\\/wp-content\\\/uploads\\\/2025\\\/09\\\/Logo-Verde-Militar.svg\",\"contentUrl\":\"https:\\\/\\\/avocoop.com\\\/wp-content\\\/uploads\\\/2025\\\/09\\\/Logo-Verde-Militar.svg\",\"width\":\"1024\",\"height\":\"1024\",\"caption\":\"Avocoop\"},\"image\":{\"@id\":\"https:\\\/\\\/avocoop.com\\\/fr\\\/#\\\/schema\\\/logo\\\/image\\\/\"}}]}<\/script>\n<!-- \/ Yoast SEO plugin. -->","yoast_head_json":{"title":"Mentions l\u00e9gales | Avocoop","robots":{"index":"noindex","follow":"nofollow"},"og_locale":"fr_FR","og_type":"article","og_title":"Mentions l\u00e9gales | Avocoop","og_url":"https:\/\/avocoop.com\/fr\/mentions-legales\/","og_site_name":"Avocoop","article_modified_time":"2026-02-26T17:15:01+00:00","twitter_card":"summary_large_image","twitter_misc":{"Dur\u00e9e de lecture estim\u00e9e":"3 minutes"},"schema":{"@context":"https:\/\/schema.org","@graph":[{"@type":"WebPage","@id":"https:\/\/avocoop.com\/fr\/mentions-legales\/","url":"https:\/\/avocoop.com\/fr\/mentions-legales\/","name":"Mentions l\u00e9gales | Avocoop","isPartOf":{"@id":"https:\/\/avocoop.com\/fr\/#website"},"datePublished":"2022-09-30T11:44:00+00:00","dateModified":"2026-02-26T17:15:01+00:00","breadcrumb":{"@id":"https:\/\/avocoop.com\/fr\/mentions-legales\/#breadcrumb"},"inLanguage":"fr-FR","potentialAction":[{"@type":"ReadAction","target":["https:\/\/avocoop.com\/fr\/mentions-legales\/"]}]},{"@type":"BreadcrumbList","@id":"https:\/\/avocoop.com\/fr\/mentions-legales\/#breadcrumb","itemListElement":[{"@type":"ListItem","position":1,"name":"Portada","item":"https:\/\/avocoop.com\/fr\/"},{"@type":"ListItem","position":2,"name":"Mentions l\u00e9gales"}]},{"@type":"WebSite","@id":"https:\/\/avocoop.com\/fr\/#website","url":"https:\/\/avocoop.com\/fr\/","name":"Avocoop","description":"","publisher":{"@id":"https:\/\/avocoop.com\/fr\/#organization"},"potentialAction":[{"@type":"SearchAction","target":{"@type":"EntryPoint","urlTemplate":"https:\/\/avocoop.com\/fr\/?s={search_term_string}"},"query-input":{"@type":"PropertyValueSpecification","valueRequired":true,"valueName":"search_term_string"}}],"inLanguage":"fr-FR"},{"@type":"Organization","@id":"https:\/\/avocoop.com\/fr\/#organization","name":"Avocoop","url":"https:\/\/avocoop.com\/fr\/","logo":{"@type":"ImageObject","inLanguage":"fr-FR","@id":"https:\/\/avocoop.com\/fr\/#\/schema\/logo\/image\/","url":"https:\/\/avocoop.com\/wp-content\/uploads\/2025\/09\/Logo-Verde-Militar.svg","contentUrl":"https:\/\/avocoop.com\/wp-content\/uploads\/2025\/09\/Logo-Verde-Militar.svg","width":"1024","height":"1024","caption":"Avocoop"},"image":{"@id":"https:\/\/avocoop.com\/fr\/#\/schema\/logo\/image\/"}}]}},"_links":{"self":[{"href":"https:\/\/avocoop.com\/fr\/wp-json\/wp\/v2\/pages\/1039","targetHints":{"allow":["GET"]}}],"collection":[{"href":"https:\/\/avocoop.com\/fr\/wp-json\/wp\/v2\/pages"}],"about":[{"href":"https:\/\/avocoop.com\/fr\/wp-json\/wp\/v2\/types\/page"}],"author":[{"embeddable":true,"href":"https:\/\/avocoop.com\/fr\/wp-json\/wp\/v2\/users\/1"}],"replies":[{"embeddable":true,"href":"https:\/\/avocoop.com\/fr\/wp-json\/wp\/v2\/comments?post=1039"}],"version-history":[{"count":7,"href":"https:\/\/avocoop.com\/fr\/wp-json\/wp\/v2\/pages\/1039\/revisions"}],"predecessor-version":[{"id":2853,"href":"https:\/\/avocoop.com\/fr\/wp-json\/wp\/v2\/pages\/1039\/revisions\/2853"}],"wp:attachment":[{"href":"https:\/\/avocoop.com\/fr\/wp-json\/wp\/v2\/media?parent=1039"}],"curies":[{"name":"wp","href":"https:\/\/api.w.org\/{rel}","templated":true}]}}