{"id":1065,"date":"2025-11-04T10:52:58","date_gmt":"2025-11-04T08:52:58","guid":{"rendered":"https:\/\/avocoop.com\/origines\/"},"modified":"2026-02-26T18:53:28","modified_gmt":"2026-02-26T16:53:28","slug":"origines","status":"publish","type":"page","link":"https:\/\/avocoop.com\/fr\/origines\/","title":{"rendered":"Origines"},"content":{"rendered":"<section class=\"l-section wpb_row us_custom_87ccac64 height_medium full_height valign_center\"><div class=\"l-section-overlay\" style=\"background:rgba(0,0,0,0.2)\"><\/div><div class=\"l-section-h i-cf\"><div class=\"g-cols vc_row via_flex valign_middle type_default stacking_default\"><div class=\"vc_col-sm-12 wpb_column vc_column_container\"><div class=\"vc_column-inner\"><div class=\"wpb_wrapper\">[vc_custom_heading text=\u00a0\u00bbOrigines\u00a0\u00bb font_container=\u00a0\u00bbtag:h1|text_align:center\u00a0\u00bb use_theme_fonts=\u00a0\u00bbyes\u00a0\u00bb css=\u00a0\u00bb%7B%22default%22%3A%7B%22color%22%3A%22%23ffffff%22%2C%22font-size%22%3A%222.2rem%22%7D%7D\u00a0\u00bb]<\/div><\/div><\/div><\/div><\/div><\/section><section class=\"l-section wpb_row us_custom_19737bc8 height_large\"><div class=\"l-section-h i-cf\"><div class=\"g-cols vc_row via_flex valign_top type_default stacking_default\"><div class=\"vc_col-sm-12 wpb_column vc_column_container\"><div class=\"vc_column-inner us_custom_b74f6679 us_animate_this\"><div class=\"wpb_wrapper\"><div class=\"g-cols wpb_row via_flex valign_top type_default stacking_default\"><div class=\"vc_col-sm-7 wpb_column vc_column_container\"><div class=\"vc_column-inner\"><div class=\"wpb_wrapper\"><div class=\"w-image align_none\"><div class=\"w-image-h\"><img decoding=\"async\" width=\"1024\" height=\"819\" src=\"https:\/\/avocoop.com\/wp-content\/uploads\/2026\/01\/aguacate-en-origen-1-1024x819.jpg\" class=\"attachment-large size-large\" alt=\"aguacate en origen\" loading=\"lazy\" srcset=\"https:\/\/avocoop.com\/wp-content\/uploads\/2026\/01\/aguacate-en-origen-1-1024x819.jpg 1024w, https:\/\/avocoop.com\/wp-content\/uploads\/2026\/01\/aguacate-en-origen-1-300x240.jpg 300w, https:\/\/avocoop.com\/wp-content\/uploads\/2026\/01\/aguacate-en-origen-1-scaled.jpg 1920w\" sizes=\"auto, (max-width: 1024px) 100vw, 1024px\" \/><\/div><\/div><\/div><\/div><\/div><div class=\"vc_col-sm-5 wpb_column vc_column_container\"><div class=\"vc_column-inner\"><div class=\"wpb_wrapper\"><div class=\"wpb_text_column us_custom_465b4145\"><div class=\"wpb_wrapper\"><p><span>L\u2019avocat est <strong>tr\u00e8s demand\u00e9 dans le monde entier<\/strong> gr\u00e2ce \u00e0 ses propri\u00e9t\u00e9s nutritionnelles et \u00e0 sa polyvalence en cuisine. Notre <strong>avocat d\u2019origine<\/strong> provient de cinq pays cl\u00e9s : <strong>l\u2019Espagne, le P\u00e9rou, la Colombie, le Chili et la R\u00e9publique Dominicaine<\/strong>.\u00a0<\/span><\/p>\n<\/div><\/div><\/div><\/div><\/div><\/div><\/div><\/div><\/div><\/div><\/div><\/section><section class=\"l-section wpb_row us_custom_10c4342a height_large width_full\"><div class=\"l-section-h i-cf\"><div class=\"g-cols vc_row via_flex valign_top type_default stacking_default\"><div class=\"vc_col-sm-12 wpb_column vc_column_container\"><div class=\"vc_column-inner us_custom_b74f6679 us_animate_this\"><div class=\"wpb_wrapper\"><div class=\"g-cols wpb_row via_flex valign_top type_default stacking_default\"><div class=\"vc_col-sm-12 wpb_column vc_column_container\"><div class=\"vc_column-inner\"><div class=\"wpb_wrapper\"><div class=\"w-image has_ratio align_none\"><div class=\"w-image-h\"><div style=\"padding-bottom:38.0952%\"><\/div><img decoding=\"async\" width=\"1920\" height=\"830\" src=\"https:\/\/avocoop.com\/wp-content\/uploads\/2025\/09\/9afa31660827894a29d58802227d91f83d0a451e-1.webp\" class=\"attachment-full size-full\" alt=\"producci\u00f3n de aguacate\" loading=\"lazy\" \/><\/div><\/div><div class=\"w-separator size_small\"><\/div><div class=\"w-text us_custom_a304579b\"><a href=\"https:\/\/avocoop.com\/fr\/origen\/espagne\/\" class=\"w-text-h\"><span class=\"w-text-value\">Espagne<\/span><\/a><\/div><\/div><\/div><\/div><\/div><div class=\"w-separator size_medium\"><\/div><div class=\"g-cols wpb_row via_flex valign_top type_default stacking_default\"><div class=\"vc_col-sm-12 wpb_column vc_column_container\"><div class=\"vc_column-inner\"><div class=\"wpb_wrapper\"><div class=\"w-image has_ratio align_none\"><div class=\"w-image-h\"><div style=\"padding-bottom:38.0952%\"><\/div><img decoding=\"async\" width=\"1920\" height=\"811\" src=\"https:\/\/avocoop.com\/wp-content\/uploads\/2025\/11\/Origen-Peru-1-scaled.jpg\" class=\"attachment-full size-full\" alt=\"producci\u00f3n de aguacate en per\u00fa\" loading=\"lazy\" \/><\/div><\/div><div class=\"w-separator size_small\"><\/div><div class=\"w-text us_custom_a304579b\"><a href=\"https:\/\/avocoop.com\/fr\/origen\/perou\/\" class=\"w-text-h\"><span class=\"w-text-value\">P\u00e9rou<\/span><\/a><\/div><\/div><\/div><\/div><\/div><div class=\"w-separator size_medium\"><\/div><div class=\"g-cols wpb_row via_flex valign_top type_default stacking_default\"><div class=\"vc_col-sm-12 wpb_column vc_column_container\"><div class=\"vc_column-inner\"><div class=\"wpb_wrapper\"><div class=\"w-image has_ratio align_none\"><div class=\"w-image-h\"><div style=\"padding-bottom:38.0952%\"><\/div><img decoding=\"async\" width=\"1920\" height=\"655\" src=\"https:\/\/avocoop.com\/wp-content\/uploads\/2025\/09\/377b5fa77b2b40db02a6340857f3c8745a6b43bb-1.webp\" class=\"attachment-full size-full\" alt=\"distribuidores de aguacate\" loading=\"lazy\" \/><\/div><\/div><div class=\"w-separator size_small\"><\/div><div class=\"w-text us_custom_a304579b\"><a href=\"https:\/\/avocoop.com\/fr\/origen\/colombie\/\" class=\"w-text-h\"><span class=\"w-text-value\">Colombie<\/span><\/a><\/div><\/div><\/div><\/div><\/div><div class=\"w-separator size_medium\"><\/div><div class=\"g-cols wpb_row via_flex valign_top type_default stacking_default\"><div class=\"vc_col-sm-12 wpb_column vc_column_container\"><div class=\"vc_column-inner\"><div class=\"wpb_wrapper\"><div class=\"w-image has_ratio align_none\"><div class=\"w-image-h\"><div style=\"padding-bottom:38.0952%\"><\/div><img decoding=\"async\" width=\"1920\" height=\"1440\" src=\"https:\/\/avocoop.com\/wp-content\/uploads\/2025\/09\/b752fb9e6c6641a5ae2e1f89833aabb1acd64bc1-1.webp\" class=\"attachment-full size-full\" alt=\"producci\u00f3n de aguacate\" loading=\"lazy\" \/><\/div><\/div><div class=\"w-separator size_small\"><\/div><div class=\"w-text us_custom_a304579b\"><a href=\"https:\/\/avocoop.com\/fr\/origen\/chili\/\" class=\"w-text-h\"><span class=\"w-text-value\">Chili<\/span><\/a><\/div><\/div><\/div><\/div><\/div><div class=\"w-separator size_medium\"><\/div><div class=\"g-cols wpb_row via_flex valign_top type_default stacking_default\"><div class=\"vc_col-sm-12 wpb_column vc_column_container\"><div class=\"vc_column-inner\"><div class=\"wpb_wrapper\"><div class=\"w-image has_ratio align_none\"><div class=\"w-image-h\"><div style=\"padding-bottom:38.0952%\"><\/div><img decoding=\"async\" width=\"1495\" height=\"837\" src=\"https:\/\/avocoop.com\/wp-content\/uploads\/2025\/11\/Republica-Dominicana-1.jpg\" class=\"attachment-full size-full\" alt=\"productores de aguacate en rep\u00fablica dominicana\" loading=\"lazy\" \/><\/div><\/div><div class=\"w-separator size_small\"><\/div><div class=\"w-text us_custom_a304579b\"><a href=\"https:\/\/avocoop.com\/fr\/origen\/republique-dominicaine\/\" class=\"w-text-h\"><span class=\"w-text-value\">R\u00e9publique Dominicaine<\/span><\/a><\/div><\/div><\/div><\/div><\/div><\/div><\/div><\/div><\/div><\/div><\/section><section class=\"l-section wpb_row height_medium\"><div class=\"l-section-h i-cf\"><div class=\"g-cols vc_row via_flex valign_top type_default stacking_default\"><div class=\"vc_col-sm-12 wpb_column vc_column_container\"><div class=\"vc_column-inner us_custom_df46ae8a us_animate_this\"><div class=\"wpb_wrapper\"><section class=\"l-section wpb_row us_custom_02eda70d contact height_auto\"><div class=\"l-section-h i-cf\"><div class=\"g-cols vc_row via_flex valign_middle type_boxes stacking_default\"><div class=\"vc_col-sm-6 wpb_column vc_column_container\"><div class=\"vc_column-inner\"><div class=\"wpb_wrapper\"><div class=\"w-iconbox iconpos_left style_default color_primary align_none no_text icontype_img\"><a href=\"tel:+34951204049\" class=\"w-iconbox-link\" aria-label=\"+34 951 204 049\"><div class=\"w-iconbox-icon\" style=\"font-size:2rem;\"><img loading=\"lazy\" decoding=\"async\" width=\"50\" height=\"50\" src=\"https:\/\/avocoop.com\/wp-content\/uploads\/2025\/09\/phone-call_9351127-1.png\" class=\"attachment-full size-full\" alt=\"productores de aguacate m\u00e1laga\" \/><\/div><\/a><div class=\"w-iconbox-meta\"><p class=\"w-iconbox-title\"><a href=\"tel:+34951204049\" class=\"w-iconbox-link\" aria-label=\"+34 951 204 049\">+34 951 204 049<\/a><\/p><\/div><\/div><div class=\"w-separator size_small\"><\/div><div class=\"w-iconbox iconpos_left style_default color_primary align_none no_text icontype_img\"><a href=\"mailto:info@avocoop.com\" class=\"w-iconbox-link\" aria-label=\"info@avocoop.com\"><div class=\"w-iconbox-icon\" style=\"font-size:2rem;\"><img loading=\"lazy\" decoding=\"async\" width=\"58\" height=\"58\" src=\"https:\/\/avocoop.com\/wp-content\/uploads\/2025\/09\/message_10190298-1.png\" class=\"attachment-full size-full\" alt=\"distribuidores de aguacate\" \/><\/div><\/a><div class=\"w-iconbox-meta\"><p class=\"w-iconbox-title\"><a href=\"mailto:info@avocoop.com\" class=\"w-iconbox-link\" aria-label=\"info@avocoop.com\">info@avocoop.com<\/a><\/p><\/div><\/div><div class=\"w-separator size_small\"><\/div><div class=\"w-iconbox iconpos_left style_default color_primary align_none no_text icontype_img\"><a target=\"_blank\" rel=\"nofollow\" href=\"https:\/\/maps.app.goo.gl\/udDX1DfTo6Mxtjpc9\" class=\"w-iconbox-link\" aria-label=\"C\/ Juan Cabanilles, 11, 309, 29018, M\u00e1laga\"><div class=\"w-iconbox-icon\" style=\"font-size:2rem;\"><img loading=\"lazy\" decoding=\"async\" width=\"58\" height=\"58\" src=\"https:\/\/avocoop.com\/wp-content\/uploads\/2025\/09\/placeholder_230979-1.png\" class=\"attachment-full size-full\" alt=\"proveedores de aguacate\" \/><\/div><\/a><div class=\"w-iconbox-meta\"><p class=\"w-iconbox-title\"><a target=\"_blank\" rel=\"nofollow\" href=\"https:\/\/maps.app.goo.gl\/udDX1DfTo6Mxtjpc9\" class=\"w-iconbox-link\" aria-label=\"C\/ Juan Cabanilles, 11, 309, 29018, M\u00e1laga\">C\/ Juan Cabanilles, 11, 309, 29018, M\u00e1laga<\/a><\/p><\/div><\/div><\/div><\/div><\/div><div class=\"vc_col-sm-6 wpb_column vc_column_container\"><div class=\"vc_column-inner us_custom_b6a72ce1\"><div class=\"wpb_wrapper\">\n<div class=\"wpcf7 no-js us_custom_64c25257\" id=\"wpcf7-f524-o1\" lang=\"fr-FR\" dir=\"ltr\" data-wpcf7-id=\"524\">\n<div class=\"screen-reader-response\"><p role=\"status\" aria-live=\"polite\" aria-atomic=\"true\"><\/p> <ul><\/ul><\/div>\n<form action=\"\/fr\/wp-json\/wp\/v2\/pages\/1065#wpcf7-f524-o1\" method=\"post\" class=\"wpcf7-form init wpcf7-acceptance-as-validation\" aria-label=\"Formulaire de contact\" novalidate=\"novalidate\" data-status=\"init\">\n<fieldset class=\"hidden-fields-container\"><input type=\"hidden\" name=\"_wpcf7\" value=\"524\" \/><input type=\"hidden\" name=\"_wpcf7_version\" value=\"6.1.5\" \/><input type=\"hidden\" name=\"_wpcf7_locale\" value=\"fr_FR\" \/><input type=\"hidden\" name=\"_wpcf7_unit_tag\" value=\"wpcf7-f524-o1\" \/><input type=\"hidden\" name=\"_wpcf7_container_post\" value=\"0\" \/><input type=\"hidden\" name=\"_wpcf7_posted_data_hash\" value=\"\" \/><input type=\"hidden\" name=\"_wpcf7_recaptcha_response\" value=\"\" \/>\n<\/fieldset>\n<div class=\"row\">\n<div class=\"col-xs-12\"><div class=\"form-group\"><label for=\"nombre\"><span class=\"label\">Nom complet<\/span><span class=\"wpcf7-form-control-wrap\" data-name=\"nombre\"><input size=\"40\" maxlength=\"400\" class=\"wpcf7-form-control wpcf7-text wpcf7-validates-as-required\" id=\"nombre\" aria-required=\"true\" aria-invalid=\"false\" placeholder=\"Nom complet*\" value=\"\" type=\"text\" name=\"nombre\" \/><\/span><\/label><\/div><\/div>\n<\/div>\n<div class=\"row\">\n<div class=\"col-xs-6\"><div class=\"form-group\"><label for=\"email\"><span class=\"label\">Email<\/span><span class=\"wpcf7-form-control-wrap\" data-name=\"email\"><input size=\"40\" maxlength=\"400\" class=\"wpcf7-form-control wpcf7-email wpcf7-validates-as-required wpcf7-text wpcf7-validates-as-email\" id=\"email\" aria-required=\"true\" aria-invalid=\"false\" placeholder=\"Email*\" value=\"\" type=\"email\" name=\"email\" \/><\/span><\/label><\/div><\/div>\n<div class=\"col-xs-6\"><div class=\"form-group\"><label for=\"telefono\"><span class=\"label\">T\u00e9l\u00e9phone<\/span><span class=\"wpcf7-form-control-wrap\" data-name=\"telefono\"><input size=\"40\" maxlength=\"400\" class=\"wpcf7-form-control wpcf7-tel wpcf7-text wpcf7-validates-as-tel\" id=\"telefono\" aria-invalid=\"false\" placeholder=\"T\u00e9l\u00e9phone\" value=\"\" type=\"tel\" name=\"telefono\" \/><\/span><\/label><\/div><\/div>\n<\/div>\n<div class=\"row\">\n<div class=\"col-xs-12\"><div class=\"form-group\"><label for=\"mensaje\"><span class=\"label\">Message<\/span><span class=\"wpcf7-form-control-wrap\" data-name=\"mensaje\"><textarea cols=\"40\" rows=\"10\" maxlength=\"2000\" class=\"wpcf7-form-control wpcf7-textarea wpcf7-validates-as-required\" id=\"mensaje\" aria-required=\"true\" aria-invalid=\"false\" placeholder=\"Message*\" name=\"mensaje\"><\/textarea><\/span><\/label><\/div><\/div>\n<\/div>\n<div class=\"row\">\n<div class=\"col-xs-12\"><div class=\"form-group\"><label for=\"legal\"><span class=\"wpcf7-form-control-wrap\" data-name=\"legal\"><span class=\"wpcf7-form-control wpcf7-acceptance\"><span class=\"wpcf7-list-item\"><label><input type=\"checkbox\" name=\"legal\" value=\"1\" id=\"legal\" aria-invalid=\"false\" \/><span class=\"wpcf7-list-item-label\">J'ai lu et j'accepte la <a target=\"_blank\" rel=\"nofollow\" href=\"https:\/\/catbeleren.com\/politica-de-privacidad\/\">politique de confidentialit\u00e9<\/a>.<\/span><\/label><\/span><\/span><\/span><\/label><\/div><\/div>\n<\/div>\n<div class=\"block-submit\"><input class=\"wpcf7-form-control wpcf7-submit has-spinner\" id=\"form-contact\" type=\"submit\" value=\"Envoyer\" \/><\/div><div class=\"wpcf7-response-output\" aria-hidden=\"true\"><\/div>\n<\/form>\n<\/div>\n<\/div><\/div><\/div><\/div><\/div><\/section>\n<\/div><\/div><\/div><\/div><\/div><\/section>\n","protected":false},"excerpt":{"rendered":"[vc_custom_heading text=\"Origines\" font_container=\"tag:h1|text_align:center\" use_theme_fonts=\"yes\" css=\"%7B%22default%22%3A%7B%22color%22%3A%22%23ffffff%22%2C%22font-size%22%3A%222.2rem%22%7D%7D\"]L\u2019avocat est tr\u00e8s demand\u00e9 dans le monde entier gr\u00e2ce \u00e0 ses propri\u00e9t\u00e9s nutritionnelles et \u00e0 sa polyvalence en cuisine. Notre avocat d\u2019origine provient de cinq pays cl\u00e9s : l\u2019Espagne, le P\u00e9rou, la Colombie, le Chili et la R\u00e9publique Dominicaine.\u00a0 EspagneP\u00e9rouColombieChiliR\u00e9publique Dominicaine+34 951 204 049info@avocoop.comC\/ Juan Cabanilles, 11, 309, 29018, M\u00e1laga Nom...","protected":false},"author":1,"featured_media":0,"parent":0,"menu_order":0,"comment_status":"closed","ping_status":"closed","template":"","meta":{"_acf_changed":false,"footnotes":""},"class_list":["post-1065","page","type-page","status-publish","hentry"],"acf":[],"yoast_head":"<!-- This site is optimized with the Yoast SEO plugin v27.4 - https:\/\/yoast.com\/product\/yoast-seo-wordpress\/ -->\n<title>Avocat d&#039;origine | Producteur d&#039;avocats | Avocoop<\/title>\n<meta name=\"description\" content=\"Chez Avocoop, nous avons des avocats d&#039;origine en Espagne, au P\u00e9rou, en Colombie, au Chili et en R\u00e9publique dominicaine. Faites confiance \u00e0 notre qualit\u00e9 et \u00e0 notre exp\u00e9rience.\" \/>\n<meta name=\"robots\" content=\"index, follow, max-snippet:-1, max-image-preview:large, max-video-preview:-1\" \/>\n<link rel=\"canonical\" href=\"https:\/\/avocoop.com\/fr\/origines\/\" \/>\n<meta property=\"og:locale\" content=\"fr_FR\" \/>\n<meta property=\"og:type\" content=\"article\" \/>\n<meta property=\"og:title\" content=\"Avocat d&#039;origine | Producteur d&#039;avocats | Avocoop\" \/>\n<meta property=\"og:description\" content=\"Chez Avocoop, nous avons des avocats d&#039;origine en Espagne, au P\u00e9rou, en Colombie, au Chili et en R\u00e9publique dominicaine. Faites confiance \u00e0 notre qualit\u00e9 et \u00e0 notre exp\u00e9rience.\" \/>\n<meta property=\"og:url\" content=\"https:\/\/avocoop.com\/fr\/origines\/\" \/>\n<meta property=\"og:site_name\" content=\"Avocoop\" \/>\n<meta property=\"article:modified_time\" content=\"2026-02-26T16:53:28+00:00\" \/>\n<meta name=\"twitter:card\" content=\"summary_large_image\" \/>\n<meta name=\"twitter:label1\" content=\"Dur\u00e9e de lecture estim\u00e9e\" \/>\n\t<meta name=\"twitter:data1\" content=\"1 minute\" \/>\n<script type=\"application\/ld+json\" class=\"yoast-schema-graph\">{\"@context\":\"https:\\\/\\\/schema.org\",\"@graph\":[{\"@type\":\"WebPage\",\"@id\":\"https:\\\/\\\/avocoop.com\\\/fr\\\/origines\\\/\",\"url\":\"https:\\\/\\\/avocoop.com\\\/fr\\\/origines\\\/\",\"name\":\"Avocat d'origine | Producteur d'avocats | Avocoop\",\"isPartOf\":{\"@id\":\"https:\\\/\\\/avocoop.com\\\/fr\\\/#website\"},\"datePublished\":\"2025-11-04T08:52:58+00:00\",\"dateModified\":\"2026-02-26T16:53:28+00:00\",\"description\":\"Chez Avocoop, nous avons des avocats d'origine en Espagne, au P\u00e9rou, en Colombie, au Chili et en R\u00e9publique dominicaine. Faites confiance \u00e0 notre qualit\u00e9 et \u00e0 notre exp\u00e9rience.\",\"breadcrumb\":{\"@id\":\"https:\\\/\\\/avocoop.com\\\/fr\\\/origines\\\/#breadcrumb\"},\"inLanguage\":\"fr-FR\",\"potentialAction\":[{\"@type\":\"ReadAction\",\"target\":[\"https:\\\/\\\/avocoop.com\\\/fr\\\/origines\\\/\"]}]},{\"@type\":\"BreadcrumbList\",\"@id\":\"https:\\\/\\\/avocoop.com\\\/fr\\\/origines\\\/#breadcrumb\",\"itemListElement\":[{\"@type\":\"ListItem\",\"position\":1,\"name\":\"Portada\",\"item\":\"https:\\\/\\\/avocoop.com\\\/fr\\\/\"},{\"@type\":\"ListItem\",\"position\":2,\"name\":\"Origines\"}]},{\"@type\":\"WebSite\",\"@id\":\"https:\\\/\\\/avocoop.com\\\/fr\\\/#website\",\"url\":\"https:\\\/\\\/avocoop.com\\\/fr\\\/\",\"name\":\"Avocoop\",\"description\":\"\",\"publisher\":{\"@id\":\"https:\\\/\\\/avocoop.com\\\/fr\\\/#organization\"},\"potentialAction\":[{\"@type\":\"SearchAction\",\"target\":{\"@type\":\"EntryPoint\",\"urlTemplate\":\"https:\\\/\\\/avocoop.com\\\/fr\\\/?s={search_term_string}\"},\"query-input\":{\"@type\":\"PropertyValueSpecification\",\"valueRequired\":true,\"valueName\":\"search_term_string\"}}],\"inLanguage\":\"fr-FR\"},{\"@type\":\"Organization\",\"@id\":\"https:\\\/\\\/avocoop.com\\\/fr\\\/#organization\",\"name\":\"Avocoop\",\"url\":\"https:\\\/\\\/avocoop.com\\\/fr\\\/\",\"logo\":{\"@type\":\"ImageObject\",\"inLanguage\":\"fr-FR\",\"@id\":\"https:\\\/\\\/avocoop.com\\\/fr\\\/#\\\/schema\\\/logo\\\/image\\\/\",\"url\":\"https:\\\/\\\/avocoop.com\\\/wp-content\\\/uploads\\\/2025\\\/09\\\/Logo-Verde-Militar.svg\",\"contentUrl\":\"https:\\\/\\\/avocoop.com\\\/wp-content\\\/uploads\\\/2025\\\/09\\\/Logo-Verde-Militar.svg\",\"width\":\"1024\",\"height\":\"1024\",\"caption\":\"Avocoop\"},\"image\":{\"@id\":\"https:\\\/\\\/avocoop.com\\\/fr\\\/#\\\/schema\\\/logo\\\/image\\\/\"}}]}<\/script>\n<!-- \/ Yoast SEO plugin. -->","yoast_head_json":{"title":"Avocat d'origine | Producteur d'avocats | Avocoop","description":"Chez Avocoop, nous avons des avocats d'origine en Espagne, au P\u00e9rou, en Colombie, au Chili et en R\u00e9publique dominicaine. Faites confiance \u00e0 notre qualit\u00e9 et \u00e0 notre exp\u00e9rience.","robots":{"index":"index","follow":"follow","max-snippet":"max-snippet:-1","max-image-preview":"max-image-preview:large","max-video-preview":"max-video-preview:-1"},"canonical":"https:\/\/avocoop.com\/fr\/origines\/","og_locale":"fr_FR","og_type":"article","og_title":"Avocat d'origine | Producteur d'avocats | Avocoop","og_description":"Chez Avocoop, nous avons des avocats d'origine en Espagne, au P\u00e9rou, en Colombie, au Chili et en R\u00e9publique dominicaine. Faites confiance \u00e0 notre qualit\u00e9 et \u00e0 notre exp\u00e9rience.","og_url":"https:\/\/avocoop.com\/fr\/origines\/","og_site_name":"Avocoop","article_modified_time":"2026-02-26T16:53:28+00:00","twitter_card":"summary_large_image","twitter_misc":{"Dur\u00e9e de lecture estim\u00e9e":"1 minute"},"schema":{"@context":"https:\/\/schema.org","@graph":[{"@type":"WebPage","@id":"https:\/\/avocoop.com\/fr\/origines\/","url":"https:\/\/avocoop.com\/fr\/origines\/","name":"Avocat d'origine | Producteur d'avocats | Avocoop","isPartOf":{"@id":"https:\/\/avocoop.com\/fr\/#website"},"datePublished":"2025-11-04T08:52:58+00:00","dateModified":"2026-02-26T16:53:28+00:00","description":"Chez Avocoop, nous avons des avocats d'origine en Espagne, au P\u00e9rou, en Colombie, au Chili et en R\u00e9publique dominicaine. Faites confiance \u00e0 notre qualit\u00e9 et \u00e0 notre exp\u00e9rience.","breadcrumb":{"@id":"https:\/\/avocoop.com\/fr\/origines\/#breadcrumb"},"inLanguage":"fr-FR","potentialAction":[{"@type":"ReadAction","target":["https:\/\/avocoop.com\/fr\/origines\/"]}]},{"@type":"BreadcrumbList","@id":"https:\/\/avocoop.com\/fr\/origines\/#breadcrumb","itemListElement":[{"@type":"ListItem","position":1,"name":"Portada","item":"https:\/\/avocoop.com\/fr\/"},{"@type":"ListItem","position":2,"name":"Origines"}]},{"@type":"WebSite","@id":"https:\/\/avocoop.com\/fr\/#website","url":"https:\/\/avocoop.com\/fr\/","name":"Avocoop","description":"","publisher":{"@id":"https:\/\/avocoop.com\/fr\/#organization"},"potentialAction":[{"@type":"SearchAction","target":{"@type":"EntryPoint","urlTemplate":"https:\/\/avocoop.com\/fr\/?s={search_term_string}"},"query-input":{"@type":"PropertyValueSpecification","valueRequired":true,"valueName":"search_term_string"}}],"inLanguage":"fr-FR"},{"@type":"Organization","@id":"https:\/\/avocoop.com\/fr\/#organization","name":"Avocoop","url":"https:\/\/avocoop.com\/fr\/","logo":{"@type":"ImageObject","inLanguage":"fr-FR","@id":"https:\/\/avocoop.com\/fr\/#\/schema\/logo\/image\/","url":"https:\/\/avocoop.com\/wp-content\/uploads\/2025\/09\/Logo-Verde-Militar.svg","contentUrl":"https:\/\/avocoop.com\/wp-content\/uploads\/2025\/09\/Logo-Verde-Militar.svg","width":"1024","height":"1024","caption":"Avocoop"},"image":{"@id":"https:\/\/avocoop.com\/fr\/#\/schema\/logo\/image\/"}}]}},"_links":{"self":[{"href":"https:\/\/avocoop.com\/fr\/wp-json\/wp\/v2\/pages\/1065","targetHints":{"allow":["GET"]}}],"collection":[{"href":"https:\/\/avocoop.com\/fr\/wp-json\/wp\/v2\/pages"}],"about":[{"href":"https:\/\/avocoop.com\/fr\/wp-json\/wp\/v2\/types\/page"}],"author":[{"embeddable":true,"href":"https:\/\/avocoop.com\/fr\/wp-json\/wp\/v2\/users\/1"}],"replies":[{"embeddable":true,"href":"https:\/\/avocoop.com\/fr\/wp-json\/wp\/v2\/comments?post=1065"}],"version-history":[{"count":14,"href":"https:\/\/avocoop.com\/fr\/wp-json\/wp\/v2\/pages\/1065\/revisions"}],"predecessor-version":[{"id":2832,"href":"https:\/\/avocoop.com\/fr\/wp-json\/wp\/v2\/pages\/1065\/revisions\/2832"}],"wp:attachment":[{"href":"https:\/\/avocoop.com\/fr\/wp-json\/wp\/v2\/media?parent=1065"}],"curies":[{"name":"wp","href":"https:\/\/api.w.org\/{rel}","templated":true}]}}