{"id":1177,"date":"2022-09-30T13:48:17","date_gmt":"2022-09-30T11:48:17","guid":{"rendered":"https:\/\/avocoop.com\/politique-en-matiere-de-cookies\/"},"modified":"2026-02-26T19:26:12","modified_gmt":"2026-02-26T17:26:12","slug":"politique-en-matiere-de-cookies","status":"publish","type":"page","link":"https:\/\/avocoop.com\/fr\/politique-en-matiere-de-cookies\/","title":{"rendered":"Politique en mati\u00e8re de cookies"},"content":{"rendered":"<section class=\"l-section wpb_row height_medium\"><div class=\"l-section-h i-cf\"><div class=\"g-cols vc_row via_flex valign_top type_default stacking_default\"><div class=\"vc_col-sm-12 wpb_column vc_column_container\"><div class=\"vc_column-inner\"><div class=\"wpb_wrapper\">[vc_custom_heading text=\u00a0\u00bbPolitique en mati\u00e8re de cookies\u00a0\u00bb font_container=\u00a0\u00bbtag:h1|text_align:left\u00a0\u00bb use_theme_fonts=\u00a0\u00bbyes\u00a0\u00bb]<div class=\"wpb_text_column\"><div class=\"wpb_wrapper\"><p>Cette politique de cookies a \u00e9t\u00e9 mise \u00e0 jour pour la derni\u00e8re fois le 1 ao\u00fbt 2025 et s\u2019applique aux citoyens et aux r\u00e9sidents permanents l\u00e9gaux de l\u2019Espace \u00e9conomique europ\u00e9en et de la Suisse.<\/p>\n<h2>1. Introduction<\/h2>\n<p>Notre site web, <a href=\"https:\/\/avocoop.com\/fr\/\" target=\"_new\" rel=\"noopener\">https:\/\/avocoop.com<\/a> (ci-apr\u00e8s : \u00ab le site web \u00bb), utilise des cookies et d\u2019autres technologies similaires (pour plus de commodit\u00e9, toutes ces technologies sont d\u00e9sign\u00e9es par le terme \u00ab cookies \u00bb). Des cookies sont \u00e9galement plac\u00e9s par des tiers que nous avons engag\u00e9s. Dans le document ci-dessous, nous t\u2019informons de l\u2019utilisation des cookies sur notre site web.<\/p>\n<h2>2. Que sont les cookies ?<\/h2>\n<p>Un cookie est un petit fichier envoy\u00e9 avec les pages de ce site web et que ton navigateur enregistre sur le disque dur de ton ordinateur ou d\u2019un autre appareil. Les informations stock\u00e9es peuvent \u00eatre renvoy\u00e9es \u00e0 nos serveurs ou aux serveurs de tiers concern\u00e9s lors d\u2019une visite ult\u00e9rieure.<\/p>\n<h2>3. Que sont les scripts ?<\/h2>\n<p>Un script est un fragment de code utilis\u00e9 pour faire fonctionner correctement et de mani\u00e8re interactive notre site web. Ce code est ex\u00e9cut\u00e9 sur notre serveur ou sur ton appareil.<\/p>\n<h2>4. Qu\u2019est-ce qu\u2019une balise web ?<\/h2>\n<p>Une balise web (ou pixel espion) est un petit \u00e9l\u00e9ment de texte ou une image invisible sur un site web, utilis\u00e9 pour surveiller le trafic sur ce site. Plusieurs donn\u00e9es te concernant sont stock\u00e9es via ces balises web.<\/p>\n<h2>5. Cookies<\/h2>\n<\/p>\n<h3>5.1 Cookies techniques ou fonctionnels<\/h3>\n<p>Certains cookies permettent d\u2019assurer le bon fonctionnement de certaines parties du site web et de m\u00e9moriser tes pr\u00e9f\u00e9rences utilisateur. En pla\u00e7ant des cookies fonctionnels, nous facilitons ta visite sur notre site. Ainsi, tu n\u2019as pas besoin de saisir plusieurs fois les m\u00eames informations lorsque tu visites notre site web. Nous pouvons placer ces cookies sans ton consentement.<\/p>\n<h3>5.2 Cookies statistiques<\/h3>\n<p>Nous utilisons des cookies statistiques pour optimiser l\u2019exp\u00e9rience utilisateur sur notre site. Gr\u00e2ce \u00e0 ces cookies statistiques, nous obtenons des informations sur l\u2019utilisation de notre site web. Nous te demandons ta permission pour placer ces cookies statistiques.<\/p>\n<h3>5.3 Cookies marketing \/ de suivi<\/h3>\n<p>Les cookies marketing\/de suivi sont des cookies ou d\u2019autres formes de stockage local utilis\u00e9s pour cr\u00e9er des profils d\u2019utilisateurs afin d\u2019afficher de la publicit\u00e9 ou pour suivre l\u2019utilisateur sur ce site ou sur plusieurs sites \u00e0 des fins marketing similaires.<\/p>\n<h3>5.4 R\u00e9seaux sociaux<\/h3>\n<p>Nous avons int\u00e9gr\u00e9 sur notre site web du contenu de Facebook pour promouvoir des pages web (par ex. : \u00ab J\u2019aime \u00bb, \u00ab \u00c9pingler \u00bb) ou les partager (par ex. : \u00ab tweeter \u00bb) sur des r\u00e9seaux sociaux tels que Facebook. Ce contenu est int\u00e9gr\u00e9 au moyen d\u2019un code provenant de Facebook et d\u00e9pose des cookies. Ce contenu peut traiter certaines informations pour des annonces personnalis\u00e9es.<br \/>Veuillez lire la politique de confidentialit\u00e9 de ces r\u00e9seaux sociaux (qui peut changer fr\u00e9quemment) afin de savoir ce qu\u2019ils font de vos donn\u00e9es (personnelles) qu\u2019ils traitent via ces cookies. Les donn\u00e9es qu\u2019ils re\u00e7oivent sont rendues aussi anonymes que possible. Facebook est situ\u00e9 aux \u00c9tats-Unis.<\/p>\n<h2>6. Cookies utilis\u00e9s<\/h2>\n<\/p>\n<ul>\n<li>\nWordPress : Fonctionnel\n<\/li>\n<li>\nGoogle Analytics : Statistiques\n<\/li>\n<li>\nGoogle Adsense : Marketing\n<\/li>\n<li>\nMicrosoft Clarity : Marketing\n<\/li>\n<li>\nGoogle Fonts : Finalit\u00e9 en cours d\u2019enqu\u00eate\n<\/li>\n<li>\nGoogle reCAPTCHA : Finalit\u00e9 en cours d\u2019enqu\u00eate\n<\/li>\n<li>\nGoogle Maps : Finalit\u00e9 en cours d\u2019enqu\u00eate\n<\/li>\n<li>\nFacebook : Finalit\u00e9 en cours d\u2019enqu\u00eate\n<\/li>\n<li>\nDivers : Finalit\u00e9 en cours d\u2019enqu\u00eate\n<\/li>\n<\/ul>\n<h2>7. Consentement<\/h2>\n<p>Lorsque tu visites notre site web pour la premi\u00e8re fois, nous t\u2019affichons une fen\u00eatre contextuelle avec une explication sur les cookies. D\u00e8s que tu cliques sur \u00ab Enregistrer les pr\u00e9f\u00e9rences \u00bb, tu consens \u00e0 l\u2019utilisation des cat\u00e9gories de cookies et de plugins que tu as s\u00e9lectionn\u00e9es dans la fen\u00eatre contextuelle, comme d\u00e9crit dans cette politique de cookies. Tu peux d\u00e9sactiver l\u2019utilisation des cookies via ton navigateur, mais note que notre site web pourrait cesser de fonctionner correctement.<\/p>\n<h3>7.1 G\u00e9rer tes param\u00e8tres de consentement<\/h3>\n<\/p>\n<ul>\n<li>\nFonctionnel : Toujours actif\n<\/li>\n<li>\nStatistiques\n<\/li>\n<li>\nMarketing\n<\/li>\n<\/ul>\n<h2>8. Activation\/d\u00e9sactivation et suppression des cookies<\/h2>\n<p>Tu peux utiliser ton navigateur Internet pour supprimer automatiquement ou manuellement les cookies. Tu peux \u00e9galement sp\u00e9cifier que certains cookies ne doivent pas \u00eatre plac\u00e9s. Une autre option consiste \u00e0 modifier les param\u00e8tres de ton navigateur afin qu\u2019un message soit affich\u00e9 chaque fois qu\u2019un cookie est plac\u00e9. Pour plus d\u2019informations sur ces options, consulte les instructions dans la section \u00ab Aide \u00bb de ton navigateur.<br \/>Note que notre site web peut ne pas fonctionner correctement si tous les cookies sont d\u00e9sactiv\u00e9s. Si tu supprimes les cookies de ton navigateur, ils seront replac\u00e9s apr\u00e8s ton consentement lors de ta prochaine visite sur notre site web.<\/p>\n<h2>9. Tes droits concernant les donn\u00e9es personnelles<\/h2>\n<p>Tu disposes des droits suivants concernant tes donn\u00e9es personnelles :<\/p>\n<ul>\n<li>\nTu as le droit de savoir pourquoi tes donn\u00e9es personnelles sont n\u00e9cessaires, ce qu\u2019il adviendra d\u2019elles et pendant combien de temps elles seront conserv\u00e9es.\n<\/li>\n<li>\nDroit d\u2019acc\u00e8s : tu as le droit d\u2019acc\u00e9der \u00e0 tes donn\u00e9es personnelles que nous connaissons.\n<\/li>\n<li>\nDroit de rectification : tu as le droit de compl\u00e9ter, corriger, supprimer ou bloquer tes donn\u00e9es personnelles quand tu le souhaites.\n<\/li>\n<li>\nSi tu nous donnes ton consentement pour traiter tes donn\u00e9es, tu as le droit de retirer ce consentement et de faire supprimer tes donn\u00e9es personnelles.\n<\/li>\n<li>\nDroit \u00e0 la portabilit\u00e9 : tu as le droit de demander toutes tes donn\u00e9es personnelles au responsable du traitement et de les transf\u00e9rer int\u00e9gralement \u00e0 un autre responsable du traitement.\n<\/li>\n<li>\nDroit d\u2019opposition : tu peux t\u2019opposer au traitement de tes donn\u00e9es. Nous y r\u00e9pondrons, \u00e0 moins qu\u2019il n\u2019existe des motifs l\u00e9gitimes pour ce traitement.\n<\/li>\n<\/ul>\n<p>Pour exercer ces droits, contacte-nous s\u2019il te pla\u00eet. Si tu as une plainte sur la fa\u00e7on dont nous traitons tes donn\u00e9es, nous aimerions en \u00eatre inform\u00e9s, mais tu as \u00e9galement le droit de d\u00e9poser une plainte aupr\u00e8s de l\u2019autorit\u00e9 de contr\u00f4le (l\u2019autorit\u00e9 de protection des donn\u00e9es).<\/p>\n<h2>10. Coordonn\u00e9es<\/h2>\n<p>Pour toute question et\/ou commentaire concernant notre politique de cookies et cette d\u00e9claration, contacte-nous via les coordonn\u00e9es suivantes :<\/p>\n<p><strong>AVOCOOP SL<\/strong><br \/>Calle Juan Cabanilles, 11, 29018, M\u00e1laga<br \/>Espagne<br \/>Site web : <a href=\"https:\/\/avocoop.com\/fr\/\" target=\"_new\" rel=\"noopener\">https:\/\/avocoop.com\/<\/a><br \/>E-mail : <a url=\"mailto:info@avocoop.com\" rel=\"noopener\">info@avocoop.com<\/a><br \/>T\u00e9l\u00e9phone : (+34) 951 20 40 49<\/p>\n<p>Cette politique de cookies a \u00e9t\u00e9 synchronis\u00e9e avec cookiedatabase.org le 1 ao\u00fbt 2025.<\/p>\n<\/div><\/div><\/div><\/div><\/div><\/div><\/div><\/section>\n","protected":false},"excerpt":{"rendered":"[vc_custom_heading text=\"Politique en mati\u00e8re de cookies\" font_container=\"tag:h1|text_align:left\" use_theme_fonts=\"yes\"]Cette politique de cookies a \u00e9t\u00e9 mise \u00e0 jour pour la derni\u00e8re fois le 1 ao\u00fbt 2025 et s\u2019applique aux citoyens et aux r\u00e9sidents permanents l\u00e9gaux de l\u2019Espace \u00e9conomique europ\u00e9en et de la Suisse. 1. Introduction Notre site web, https:\/\/avocoop.com (ci-apr\u00e8s : \u00ab le site web \u00bb), utilise...","protected":false},"author":1,"featured_media":0,"parent":0,"menu_order":0,"comment_status":"closed","ping_status":"open","template":"","meta":{"_acf_changed":false,"footnotes":""},"class_list":["post-1177","page","type-page","status-publish","hentry"],"acf":[],"yoast_head":"<!-- This site is optimized with the Yoast SEO plugin v27.4 - https:\/\/yoast.com\/product\/yoast-seo-wordpress\/ -->\n<title>Politique en mati\u00e8re de cookies | Avocoop<\/title>\n<meta name=\"robots\" content=\"noindex, nofollow\" \/>\n<meta property=\"og:locale\" content=\"fr_FR\" \/>\n<meta property=\"og:type\" content=\"article\" \/>\n<meta property=\"og:title\" content=\"Politique en mati\u00e8re de cookies | Avocoop\" \/>\n<meta property=\"og:url\" content=\"https:\/\/avocoop.com\/fr\/politique-en-matiere-de-cookies\/\" \/>\n<meta property=\"og:site_name\" content=\"Avocoop\" \/>\n<meta property=\"article:modified_time\" content=\"2026-02-26T17:26:12+00:00\" \/>\n<meta name=\"twitter:card\" content=\"summary_large_image\" \/>\n<meta name=\"twitter:label1\" content=\"Dur\u00e9e de lecture estim\u00e9e\" \/>\n\t<meta name=\"twitter:data1\" content=\"6 minutes\" \/>\n<script type=\"application\/ld+json\" class=\"yoast-schema-graph\">{\"@context\":\"https:\\\/\\\/schema.org\",\"@graph\":[{\"@type\":\"WebPage\",\"@id\":\"https:\\\/\\\/avocoop.com\\\/fr\\\/politique-en-matiere-de-cookies\\\/\",\"url\":\"https:\\\/\\\/avocoop.com\\\/fr\\\/politique-en-matiere-de-cookies\\\/\",\"name\":\"Politique en mati\u00e8re de cookies | Avocoop\",\"isPartOf\":{\"@id\":\"https:\\\/\\\/avocoop.com\\\/fr\\\/#website\"},\"datePublished\":\"2022-09-30T11:48:17+00:00\",\"dateModified\":\"2026-02-26T17:26:12+00:00\",\"breadcrumb\":{\"@id\":\"https:\\\/\\\/avocoop.com\\\/fr\\\/politique-en-matiere-de-cookies\\\/#breadcrumb\"},\"inLanguage\":\"fr-FR\",\"potentialAction\":[{\"@type\":\"ReadAction\",\"target\":[\"https:\\\/\\\/avocoop.com\\\/fr\\\/politique-en-matiere-de-cookies\\\/\"]}]},{\"@type\":\"BreadcrumbList\",\"@id\":\"https:\\\/\\\/avocoop.com\\\/fr\\\/politique-en-matiere-de-cookies\\\/#breadcrumb\",\"itemListElement\":[{\"@type\":\"ListItem\",\"position\":1,\"name\":\"Portada\",\"item\":\"https:\\\/\\\/avocoop.com\\\/fr\\\/\"},{\"@type\":\"ListItem\",\"position\":2,\"name\":\"Politique en mati\u00e8re de cookies\"}]},{\"@type\":\"WebSite\",\"@id\":\"https:\\\/\\\/avocoop.com\\\/fr\\\/#website\",\"url\":\"https:\\\/\\\/avocoop.com\\\/fr\\\/\",\"name\":\"Avocoop\",\"description\":\"\",\"publisher\":{\"@id\":\"https:\\\/\\\/avocoop.com\\\/fr\\\/#organization\"},\"potentialAction\":[{\"@type\":\"SearchAction\",\"target\":{\"@type\":\"EntryPoint\",\"urlTemplate\":\"https:\\\/\\\/avocoop.com\\\/fr\\\/?s={search_term_string}\"},\"query-input\":{\"@type\":\"PropertyValueSpecification\",\"valueRequired\":true,\"valueName\":\"search_term_string\"}}],\"inLanguage\":\"fr-FR\"},{\"@type\":\"Organization\",\"@id\":\"https:\\\/\\\/avocoop.com\\\/fr\\\/#organization\",\"name\":\"Avocoop\",\"url\":\"https:\\\/\\\/avocoop.com\\\/fr\\\/\",\"logo\":{\"@type\":\"ImageObject\",\"inLanguage\":\"fr-FR\",\"@id\":\"https:\\\/\\\/avocoop.com\\\/fr\\\/#\\\/schema\\\/logo\\\/image\\\/\",\"url\":\"https:\\\/\\\/avocoop.com\\\/wp-content\\\/uploads\\\/2025\\\/09\\\/Logo-Verde-Militar.svg\",\"contentUrl\":\"https:\\\/\\\/avocoop.com\\\/wp-content\\\/uploads\\\/2025\\\/09\\\/Logo-Verde-Militar.svg\",\"width\":\"1024\",\"height\":\"1024\",\"caption\":\"Avocoop\"},\"image\":{\"@id\":\"https:\\\/\\\/avocoop.com\\\/fr\\\/#\\\/schema\\\/logo\\\/image\\\/\"}}]}<\/script>\n<!-- \/ Yoast SEO plugin. -->","yoast_head_json":{"title":"Politique en mati\u00e8re de cookies | Avocoop","robots":{"index":"noindex","follow":"nofollow"},"og_locale":"fr_FR","og_type":"article","og_title":"Politique en mati\u00e8re de cookies | Avocoop","og_url":"https:\/\/avocoop.com\/fr\/politique-en-matiere-de-cookies\/","og_site_name":"Avocoop","article_modified_time":"2026-02-26T17:26:12+00:00","twitter_card":"summary_large_image","twitter_misc":{"Dur\u00e9e de lecture estim\u00e9e":"6 minutes"},"schema":{"@context":"https:\/\/schema.org","@graph":[{"@type":"WebPage","@id":"https:\/\/avocoop.com\/fr\/politique-en-matiere-de-cookies\/","url":"https:\/\/avocoop.com\/fr\/politique-en-matiere-de-cookies\/","name":"Politique en mati\u00e8re de cookies | Avocoop","isPartOf":{"@id":"https:\/\/avocoop.com\/fr\/#website"},"datePublished":"2022-09-30T11:48:17+00:00","dateModified":"2026-02-26T17:26:12+00:00","breadcrumb":{"@id":"https:\/\/avocoop.com\/fr\/politique-en-matiere-de-cookies\/#breadcrumb"},"inLanguage":"fr-FR","potentialAction":[{"@type":"ReadAction","target":["https:\/\/avocoop.com\/fr\/politique-en-matiere-de-cookies\/"]}]},{"@type":"BreadcrumbList","@id":"https:\/\/avocoop.com\/fr\/politique-en-matiere-de-cookies\/#breadcrumb","itemListElement":[{"@type":"ListItem","position":1,"name":"Portada","item":"https:\/\/avocoop.com\/fr\/"},{"@type":"ListItem","position":2,"name":"Politique en mati\u00e8re de cookies"}]},{"@type":"WebSite","@id":"https:\/\/avocoop.com\/fr\/#website","url":"https:\/\/avocoop.com\/fr\/","name":"Avocoop","description":"","publisher":{"@id":"https:\/\/avocoop.com\/fr\/#organization"},"potentialAction":[{"@type":"SearchAction","target":{"@type":"EntryPoint","urlTemplate":"https:\/\/avocoop.com\/fr\/?s={search_term_string}"},"query-input":{"@type":"PropertyValueSpecification","valueRequired":true,"valueName":"search_term_string"}}],"inLanguage":"fr-FR"},{"@type":"Organization","@id":"https:\/\/avocoop.com\/fr\/#organization","name":"Avocoop","url":"https:\/\/avocoop.com\/fr\/","logo":{"@type":"ImageObject","inLanguage":"fr-FR","@id":"https:\/\/avocoop.com\/fr\/#\/schema\/logo\/image\/","url":"https:\/\/avocoop.com\/wp-content\/uploads\/2025\/09\/Logo-Verde-Militar.svg","contentUrl":"https:\/\/avocoop.com\/wp-content\/uploads\/2025\/09\/Logo-Verde-Militar.svg","width":"1024","height":"1024","caption":"Avocoop"},"image":{"@id":"https:\/\/avocoop.com\/fr\/#\/schema\/logo\/image\/"}}]}},"_links":{"self":[{"href":"https:\/\/avocoop.com\/fr\/wp-json\/wp\/v2\/pages\/1177","targetHints":{"allow":["GET"]}}],"collection":[{"href":"https:\/\/avocoop.com\/fr\/wp-json\/wp\/v2\/pages"}],"about":[{"href":"https:\/\/avocoop.com\/fr\/wp-json\/wp\/v2\/types\/page"}],"author":[{"embeddable":true,"href":"https:\/\/avocoop.com\/fr\/wp-json\/wp\/v2\/users\/1"}],"replies":[{"embeddable":true,"href":"https:\/\/avocoop.com\/fr\/wp-json\/wp\/v2\/comments?post=1177"}],"version-history":[{"count":10,"href":"https:\/\/avocoop.com\/fr\/wp-json\/wp\/v2\/pages\/1177\/revisions"}],"predecessor-version":[{"id":2868,"href":"https:\/\/avocoop.com\/fr\/wp-json\/wp\/v2\/pages\/1177\/revisions\/2868"}],"wp:attachment":[{"href":"https:\/\/avocoop.com\/fr\/wp-json\/wp\/v2\/media?parent=1177"}],"curies":[{"name":"wp","href":"https:\/\/api.w.org\/{rel}","templated":true}]}}