{"id":1192,"date":"2022-09-30T10:24:42","date_gmt":"2022-09-30T08:24:42","guid":{"rendered":"https:\/\/avocoop.com\/politique-de-confidentialite\/"},"modified":"2026-02-26T19:42:28","modified_gmt":"2026-02-26T17:42:28","slug":"politique-de-confidentialite","status":"publish","type":"page","link":"https:\/\/avocoop.com\/fr\/politique-de-confidentialite\/","title":{"rendered":"Politique de confidentialit\u00e9"},"content":{"rendered":"<section class=\"l-section wpb_row height_medium\"><div class=\"l-section-h i-cf\"><div class=\"g-cols vc_row via_flex valign_top type_default stacking_default\"><div class=\"vc_col-sm-12 wpb_column vc_column_container\"><div class=\"vc_column-inner\"><div class=\"wpb_wrapper\">[vc_custom_heading text=\u00a0\u00bbPolitique de confidentialit\u00e9\u00a0\u00bb font_container=\u00a0\u00bbtag:h1|text_align:left\u00a0\u00bb use_theme_fonts=\u00a0\u00bbyes\u00a0\u00bb]<div class=\"wpb_text_column\"><div class=\"wpb_wrapper\"><p data-start=\"57\" data-end=\"159\"><strong data-start=\"57\" data-end=\"159\">Informations sur notre politique de protection des donn\u00e9es et notre politique de confidentialit\u00e9 :<\/strong><\/p>\n<\/p>\n<p data-start=\"161\" data-end=\"709\">AVOCOOP SL se conforme aux obligations \u00e9tablies par le R\u00e8glement (UE) 2016\/679 du Parlement europ\u00e9en et du Conseil du 27 avril 2016 (RGPD), relatif \u00e0 la protection des personnes physiques, ainsi qu\u2019\u00e0 la Loi organique 3\/2018 du 5 d\u00e9cembre relative \u00e0 la protection des donn\u00e9es personnelles et \u00e0 la garantie des droits num\u00e9riques, et \u00e0 la Loi 34\/2002 du 11 juillet sur les services de la soci\u00e9t\u00e9 de l\u2019information et le commerce \u00e9lectronique (LSSICE), en demandant le consentement pr\u00e9alable de l\u2019utilisateur pour l\u2019envoi de communications commerciales.<\/p>\n<\/p>\n<p data-start=\"711\" data-end=\"986\">AVOCOOP SL garantit le respect de toutes les obligations l\u00e9gales et des droits des utilisateurs concernant le traitement de leurs donn\u00e9es personnelles. Les utilisateurs de ce site web sont inform\u00e9s de la finalit\u00e9 du traitement de leurs donn\u00e9es et de leurs droits \u00e0 cet \u00e9gard.<\/p>\n<h3 data-start=\"993\" data-end=\"1029\"><strong data-start=\"997\" data-end=\"1029\">1. Responsable du traitement<\/strong><\/h3>\n<\/p>\n<p data-start=\"1030\" data-end=\"1220\"><strong data-start=\"1030\" data-end=\"1044\">AVOCOOP SL<\/strong><br data-start=\"1044\" data-end=\"1047\" \/>NIF : B67754119<br data-start=\"1062\" data-end=\"1065\" \/>T\u00e9l\u00e9phone : (+34) 951 20 40 49<br data-start=\"1095\" data-end=\"1098\" \/>Adresse : Calle Juan Cabanilles, 11, 29018, M\u00e1laga (Espagne)<br data-start=\"1158\" data-end=\"1161\" \/>Email : <a class=\"decorated-link cursor-pointer\" rel=\"noopener\" data-start=\"1169\" data-end=\"1185\">info@avocoop.com<span aria-hidden=\"true\" class=\"ms-0.5 inline-block align-middle leading-none\"><\/span><\/a><br data-start=\"1185\" data-end=\"1188\" \/>Site web : <a class=\"decorated-link\" href=\"https:\/\/avocoop.com\/fr\/\" target=\"_new\" rel=\"noopener\" data-start=\"1199\" data-end=\"1218\">https:\/\/avocoop.com<span aria-hidden=\"true\" class=\"ms-0.5 inline-block align-middle leading-none\"><\/span><\/a><\/p>\n<h3 data-start=\"1227\" data-end=\"1272\"><strong data-start=\"1231\" data-end=\"1272\">2. Finalit\u00e9 du traitement des donn\u00e9es<\/strong><\/h3>\n<\/p>\n<p data-start=\"1274\" data-end=\"1536\">La finalit\u00e9 principale du traitement de vos donn\u00e9es personnelles est de permettre la communication avec vous afin de r\u00e9pondre \u00e0 vos demandes d\u2019informations ou de contact effectu\u00e9es via le formulaire web, ainsi que de maintenir la relation commerciale sollicit\u00e9e.<\/p>\n<\/p>\n<p data-start=\"1538\" data-end=\"1772\">De plus, si vous avez donn\u00e9 votre consentement expr\u00e8s, vos donn\u00e9es pourront \u00eatre utilis\u00e9es pour l\u2019envoi de communications commerciales par tout moyen, y compris \u00e9lectronique, relatives aux produits et services propos\u00e9s par AVOCOOP SL.<\/p>\n<\/p>\n<p data-start=\"1774\" data-end=\"1910\">Vous pouvez r\u00e9voquer \u00e0 tout moment les consentements donn\u00e9s en contactant AVOCOOP SL par les moyens indiqu\u00e9s dans la section pr\u00e9c\u00e9dente.<\/p>\n<h3 data-start=\"1917\" data-end=\"1968\"><strong data-start=\"1921\" data-end=\"1968\">3. Base juridique du traitement des donn\u00e9es<\/strong><\/h3>\n<\/p>\n<p data-start=\"1970\" data-end=\"2014\">Le traitement de vos donn\u00e9es est fond\u00e9 sur :<\/p>\n<ul data-start=\"2016\" data-end=\"2227\">\n<li data-start=\"2016\" data-end=\"2121\">\n<p data-start=\"2018\" data-end=\"2121\">La relation contractuelle ou pr\u00e9contractuelle d\u00e9coulant de votre demande de contact ou d\u2019information.<\/p>\n<\/li>\n<li data-start=\"2122\" data-end=\"2227\">\n<p data-start=\"2124\" data-end=\"2227\">Votre consentement expr\u00e8s lors de l\u2019utilisation du formulaire et de l\u2019acceptation de cette politique.<\/p>\n<\/li>\n<\/ul>\n<p data-start=\"2229\" data-end=\"2476\">Les donn\u00e9es personnelles fournies doivent \u00eatre exactes, \u00e0 jour et correspondre \u00e0 votre identit\u00e9. AVOCOOP SL pourra annuler, rectifier ou supprimer les donn\u00e9es inexactes, incompl\u00e8tes ou inutiles \u00e0 la finalit\u00e9 pour laquelle elles ont \u00e9t\u00e9 collect\u00e9es.<\/p>\n<\/p>\n<p data-start=\"2478\" data-end=\"2789\">Les donn\u00e9es seront conserv\u00e9es tant que la relation avec la personne concern\u00e9e persiste, ou pour des raisons l\u00e9gitimes imp\u00e9rieuses, ou pour l\u2019exercice ou la d\u00e9fense de r\u00e9clamations. En cas de traitement \u00e0 des fins commerciales, les donn\u00e9es seront conserv\u00e9es tant que le consentement existe et n\u2019a pas \u00e9t\u00e9 retir\u00e9.<\/p>\n<h3 data-start=\"2796\" data-end=\"2835\"><strong data-start=\"2800\" data-end=\"2835\">4. Destinataires de vos donn\u00e9es<\/strong><\/h3>\n<\/p>\n<p data-start=\"2837\" data-end=\"3300\">Aucune donn\u00e9e personnelle ne sera c\u00e9d\u00e9e \u00e0 des tiers, sauf obligation l\u00e9gale ou lorsque cela s\u2019av\u00e8re n\u00e9cessaire pour la prestation du service demand\u00e9. Aucune transferts de donn\u00e9es hors de l\u2019Union europ\u00e9enne ne sera effectu\u00e9, sauf si AVOCOOP SL fait appel \u00e0 des prestataires situ\u00e9s hors de l\u2019Espace \u00e9conomique europ\u00e9en ; dans ce cas, le respect de la r\u00e9glementation en vigueur sera garanti au moyen de clauses contractuelles types ou d\u2019autres garanties appropri\u00e9es.<\/p>\n<h3 data-start=\"3307\" data-end=\"3349\"><strong data-start=\"3311\" data-end=\"3349\">5. Droits des personnes concern\u00e9es<\/strong><\/h3>\n<\/p>\n<p data-start=\"3351\" data-end=\"3527\">Vous pouvez exercer les droits suivants aupr\u00e8s d\u2019AVOCOOP SL en envoyant une communication \u00e9crite accompagn\u00e9e d\u2019une copie de votre carte d\u2019identit\u00e9 ou d\u2019un document \u00e9quivalent :<\/p>\n<ul data-start=\"3529\" data-end=\"3858\">\n<li data-start=\"3529\" data-end=\"3574\">\n<p data-start=\"3531\" data-end=\"3574\">Droit d\u2019acc\u00e8s \u00e0 vos donn\u00e9es personnelles.<\/p>\n<\/li>\n<li data-start=\"3575\" data-end=\"3620\">\n<p data-start=\"3577\" data-end=\"3620\">Droit de rectification ou de suppression.<\/p>\n<\/li>\n<li data-start=\"3621\" data-end=\"3661\">\n<p data-start=\"3623\" data-end=\"3661\">Droit \u00e0 la limitation du traitement.<\/p>\n<\/li>\n<li data-start=\"3662\" data-end=\"3699\">\n<p data-start=\"3664\" data-end=\"3699\">Droit d\u2019opposition au traitement.<\/p>\n<\/li>\n<li data-start=\"3700\" data-end=\"3742\">\n<p data-start=\"3702\" data-end=\"3742\">Droit \u00e0 la portabilit\u00e9 de vos donn\u00e9es.<\/p>\n<\/li>\n<li data-start=\"3743\" data-end=\"3803\">\n<p data-start=\"3745\" data-end=\"3803\">Droit de ne pas faire l\u2019objet de d\u00e9cisions automatis\u00e9es.<\/p>\n<\/li>\n<li data-start=\"3804\" data-end=\"3858\">\n<p data-start=\"3806\" data-end=\"3858\">Droit de retirer votre consentement \u00e0 tout moment.<\/p>\n<\/li>\n<\/ul>\n<p data-start=\"3860\" data-end=\"4013\">Vous pouvez exercer ces droits directement ou par l\u2019interm\u00e9diaire d\u2019un repr\u00e9sentant l\u00e9gal, en fournissant la documentation prouvant cette repr\u00e9sentation.<\/p>\n<h3 data-start=\"4020\" data-end=\"4043\"><strong data-start=\"4024\" data-end=\"4043\">6. R\u00e9clamations<\/strong><\/h3>\n<\/p>\n<p data-start=\"4045\" data-end=\"4316\">Si vous estimez que le traitement de vos donn\u00e9es personnelles porte atteinte \u00e0 la r\u00e9glementation en vigueur, vous pouvez d\u00e9poser une r\u00e9clamation aupr\u00e8s de l\u2019Agence espagnole de protection des donn\u00e9es (AEPD) via son si\u00e8ge \u00e9lectronique ou son adresse postale (<a class=\"decorated-link\" href=\"http:\/\/www.agpd.es\" target=\"_new\" rel=\"noopener\" data-start=\"4303\" data-end=\"4314\">www.agpd.es<span aria-hidden=\"true\" class=\"ms-0.5 inline-block align-middle leading-none\"><\/span><\/a>).<\/p>\n<\/p>\n<p data-start=\"4323\" data-end=\"4551\"><strong data-start=\"4323\" data-end=\"4340\">Note finale :<\/strong> Si vous n\u2019\u00eates pas d\u2019accord avec les conditions \u00e9nonc\u00e9es dans cette Politique de Confidentialit\u00e9, nous vous prions de ne pas utiliser ce site web. L\u2019utilisation de celui-ci implique l\u2019acceptation de ces termes.<\/p>\n<\/p>\n<p data-start=\"4553\" data-end=\"4699\">AVOCOOP SL se r\u00e9serve le droit de modifier cette Politique de Confidentialit\u00e9 \u00e0 tout moment. Nous vous recommandons de la consulter r\u00e9guli\u00e8rement.<\/p>\n<\/p>\n<p data-start=\"4701\" data-end=\"4860\">L\u2019utilisateur s\u2019engage \u00e0 utiliser le site conform\u00e9ment \u00e0 cette politique et \u00e0 ne pas l\u2019employer \u00e0 des fins illicites ou contraires \u00e0 la l\u00e9gislation en vigueur.<\/p>\n<\/p>\n<p data-start=\"4862\" data-end=\"4944\">Pour plus d\u2019informations, veuillez \u00e9galement consulter notre Politique de Cookies.<\/p>\n<\/div><\/div><\/div><\/div><\/div><\/div><\/div><\/section>\n","protected":false},"excerpt":{"rendered":"[vc_custom_heading text=\"Politique de confidentialit\u00e9\" font_container=\"tag:h1|text_align:left\" use_theme_fonts=\"yes\"]Informations sur notre politique de protection des donn\u00e9es et notre politique de confidentialit\u00e9 : AVOCOOP SL se conforme aux obligations \u00e9tablies par le R\u00e8glement (UE) 2016\/679 du Parlement europ\u00e9en et du Conseil du 27 avril 2016 (RGPD), relatif \u00e0 la protection des personnes physiques, ainsi qu\u2019\u00e0 la Loi organique 3\/2018...","protected":false},"author":1,"featured_media":0,"parent":0,"menu_order":0,"comment_status":"closed","ping_status":"open","template":"","meta":{"_acf_changed":false,"footnotes":""},"class_list":["post-1192","page","type-page","status-publish","hentry"],"acf":[],"yoast_head":"<!-- This site is optimized with the Yoast SEO plugin v27.4 - https:\/\/yoast.com\/product\/yoast-seo-wordpress\/ -->\n<title>Politique de confidentialit\u00e9 | Avocoop<\/title>\n<meta name=\"robots\" content=\"noindex, nofollow\" \/>\n<meta property=\"og:locale\" content=\"fr_FR\" \/>\n<meta property=\"og:type\" content=\"article\" \/>\n<meta property=\"og:title\" content=\"Politique de confidentialit\u00e9 | Avocoop\" \/>\n<meta property=\"og:url\" content=\"https:\/\/avocoop.com\/fr\/politique-de-confidentialite\/\" \/>\n<meta property=\"og:site_name\" content=\"Avocoop\" \/>\n<meta property=\"article:modified_time\" content=\"2026-02-26T17:42:28+00:00\" \/>\n<meta name=\"twitter:card\" content=\"summary_large_image\" \/>\n<meta name=\"twitter:label1\" content=\"Dur\u00e9e de lecture estim\u00e9e\" \/>\n\t<meta name=\"twitter:data1\" content=\"4 minutes\" \/>\n<script type=\"application\/ld+json\" class=\"yoast-schema-graph\">{\"@context\":\"https:\\\/\\\/schema.org\",\"@graph\":[{\"@type\":\"WebPage\",\"@id\":\"https:\\\/\\\/avocoop.com\\\/fr\\\/politique-de-confidentialite\\\/\",\"url\":\"https:\\\/\\\/avocoop.com\\\/fr\\\/politique-de-confidentialite\\\/\",\"name\":\"Politique de confidentialit\u00e9 | Avocoop\",\"isPartOf\":{\"@id\":\"https:\\\/\\\/avocoop.com\\\/fr\\\/#website\"},\"datePublished\":\"2022-09-30T08:24:42+00:00\",\"dateModified\":\"2026-02-26T17:42:28+00:00\",\"breadcrumb\":{\"@id\":\"https:\\\/\\\/avocoop.com\\\/fr\\\/politique-de-confidentialite\\\/#breadcrumb\"},\"inLanguage\":\"fr-FR\",\"potentialAction\":[{\"@type\":\"ReadAction\",\"target\":[\"https:\\\/\\\/avocoop.com\\\/fr\\\/politique-de-confidentialite\\\/\"]}]},{\"@type\":\"BreadcrumbList\",\"@id\":\"https:\\\/\\\/avocoop.com\\\/fr\\\/politique-de-confidentialite\\\/#breadcrumb\",\"itemListElement\":[{\"@type\":\"ListItem\",\"position\":1,\"name\":\"Portada\",\"item\":\"https:\\\/\\\/avocoop.com\\\/fr\\\/\"},{\"@type\":\"ListItem\",\"position\":2,\"name\":\"Politique de confidentialit\u00e9\"}]},{\"@type\":\"WebSite\",\"@id\":\"https:\\\/\\\/avocoop.com\\\/fr\\\/#website\",\"url\":\"https:\\\/\\\/avocoop.com\\\/fr\\\/\",\"name\":\"Avocoop\",\"description\":\"\",\"publisher\":{\"@id\":\"https:\\\/\\\/avocoop.com\\\/fr\\\/#organization\"},\"potentialAction\":[{\"@type\":\"SearchAction\",\"target\":{\"@type\":\"EntryPoint\",\"urlTemplate\":\"https:\\\/\\\/avocoop.com\\\/fr\\\/?s={search_term_string}\"},\"query-input\":{\"@type\":\"PropertyValueSpecification\",\"valueRequired\":true,\"valueName\":\"search_term_string\"}}],\"inLanguage\":\"fr-FR\"},{\"@type\":\"Organization\",\"@id\":\"https:\\\/\\\/avocoop.com\\\/fr\\\/#organization\",\"name\":\"Avocoop\",\"url\":\"https:\\\/\\\/avocoop.com\\\/fr\\\/\",\"logo\":{\"@type\":\"ImageObject\",\"inLanguage\":\"fr-FR\",\"@id\":\"https:\\\/\\\/avocoop.com\\\/fr\\\/#\\\/schema\\\/logo\\\/image\\\/\",\"url\":\"https:\\\/\\\/avocoop.com\\\/wp-content\\\/uploads\\\/2025\\\/09\\\/Logo-Verde-Militar.svg\",\"contentUrl\":\"https:\\\/\\\/avocoop.com\\\/wp-content\\\/uploads\\\/2025\\\/09\\\/Logo-Verde-Militar.svg\",\"width\":\"1024\",\"height\":\"1024\",\"caption\":\"Avocoop\"},\"image\":{\"@id\":\"https:\\\/\\\/avocoop.com\\\/fr\\\/#\\\/schema\\\/logo\\\/image\\\/\"}}]}<\/script>\n<!-- \/ Yoast SEO plugin. -->","yoast_head_json":{"title":"Politique de confidentialit\u00e9 | Avocoop","robots":{"index":"noindex","follow":"nofollow"},"og_locale":"fr_FR","og_type":"article","og_title":"Politique de confidentialit\u00e9 | Avocoop","og_url":"https:\/\/avocoop.com\/fr\/politique-de-confidentialite\/","og_site_name":"Avocoop","article_modified_time":"2026-02-26T17:42:28+00:00","twitter_card":"summary_large_image","twitter_misc":{"Dur\u00e9e de lecture estim\u00e9e":"4 minutes"},"schema":{"@context":"https:\/\/schema.org","@graph":[{"@type":"WebPage","@id":"https:\/\/avocoop.com\/fr\/politique-de-confidentialite\/","url":"https:\/\/avocoop.com\/fr\/politique-de-confidentialite\/","name":"Politique de confidentialit\u00e9 | Avocoop","isPartOf":{"@id":"https:\/\/avocoop.com\/fr\/#website"},"datePublished":"2022-09-30T08:24:42+00:00","dateModified":"2026-02-26T17:42:28+00:00","breadcrumb":{"@id":"https:\/\/avocoop.com\/fr\/politique-de-confidentialite\/#breadcrumb"},"inLanguage":"fr-FR","potentialAction":[{"@type":"ReadAction","target":["https:\/\/avocoop.com\/fr\/politique-de-confidentialite\/"]}]},{"@type":"BreadcrumbList","@id":"https:\/\/avocoop.com\/fr\/politique-de-confidentialite\/#breadcrumb","itemListElement":[{"@type":"ListItem","position":1,"name":"Portada","item":"https:\/\/avocoop.com\/fr\/"},{"@type":"ListItem","position":2,"name":"Politique de confidentialit\u00e9"}]},{"@type":"WebSite","@id":"https:\/\/avocoop.com\/fr\/#website","url":"https:\/\/avocoop.com\/fr\/","name":"Avocoop","description":"","publisher":{"@id":"https:\/\/avocoop.com\/fr\/#organization"},"potentialAction":[{"@type":"SearchAction","target":{"@type":"EntryPoint","urlTemplate":"https:\/\/avocoop.com\/fr\/?s={search_term_string}"},"query-input":{"@type":"PropertyValueSpecification","valueRequired":true,"valueName":"search_term_string"}}],"inLanguage":"fr-FR"},{"@type":"Organization","@id":"https:\/\/avocoop.com\/fr\/#organization","name":"Avocoop","url":"https:\/\/avocoop.com\/fr\/","logo":{"@type":"ImageObject","inLanguage":"fr-FR","@id":"https:\/\/avocoop.com\/fr\/#\/schema\/logo\/image\/","url":"https:\/\/avocoop.com\/wp-content\/uploads\/2025\/09\/Logo-Verde-Militar.svg","contentUrl":"https:\/\/avocoop.com\/wp-content\/uploads\/2025\/09\/Logo-Verde-Militar.svg","width":"1024","height":"1024","caption":"Avocoop"},"image":{"@id":"https:\/\/avocoop.com\/fr\/#\/schema\/logo\/image\/"}}]}},"_links":{"self":[{"href":"https:\/\/avocoop.com\/fr\/wp-json\/wp\/v2\/pages\/1192","targetHints":{"allow":["GET"]}}],"collection":[{"href":"https:\/\/avocoop.com\/fr\/wp-json\/wp\/v2\/pages"}],"about":[{"href":"https:\/\/avocoop.com\/fr\/wp-json\/wp\/v2\/types\/page"}],"author":[{"embeddable":true,"href":"https:\/\/avocoop.com\/fr\/wp-json\/wp\/v2\/users\/1"}],"replies":[{"embeddable":true,"href":"https:\/\/avocoop.com\/fr\/wp-json\/wp\/v2\/comments?post=1192"}],"version-history":[{"count":9,"href":"https:\/\/avocoop.com\/fr\/wp-json\/wp\/v2\/pages\/1192\/revisions"}],"predecessor-version":[{"id":2881,"href":"https:\/\/avocoop.com\/fr\/wp-json\/wp\/v2\/pages\/1192\/revisions\/2881"}],"wp:attachment":[{"href":"https:\/\/avocoop.com\/fr\/wp-json\/wp\/v2\/media?parent=1192"}],"curies":[{"name":"wp","href":"https:\/\/api.w.org\/{rel}","templated":true}]}}