{"id":3068,"date":"2026-02-27T13:19:09","date_gmt":"2026-02-27T11:19:09","guid":{"rendered":"https:\/\/avocoop.com\/origin5\/"},"modified":"2026-04-06T20:47:18","modified_gmt":"2026-04-06T18:47:18","slug":"origin5","status":"publish","type":"page","link":"https:\/\/avocoop.com\/fr\/origin5\/","title":{"rendered":"Origin5"},"content":{"rendered":"<section class=\"l-section wpb_row us_custom_19737bc8 height_medium\"><div class=\"l-section-h i-cf\"><div class=\"g-cols vc_row via_flex valign_top type_default stacking_default\"><div class=\"vc_col-sm-12 wpb_column vc_column_container\"><div class=\"vc_column-inner\"><div class=\"wpb_wrapper\"><div class=\"w-image align_center\"><div class=\"w-image-h\"><img decoding=\"async\" width=\"692\" height=\"236\" src=\"https:\/\/avocoop.com\/wp-content\/uploads\/2026\/02\/Logo-Origin5.png\" class=\"attachment-large size-large\" alt=\"Origin5\" loading=\"lazy\" srcset=\"https:\/\/avocoop.com\/wp-content\/uploads\/2026\/02\/Logo-Origin5.png 692w, https:\/\/avocoop.com\/wp-content\/uploads\/2026\/02\/Logo-Origin5-300x102.png 300w\" sizes=\"auto, (max-width: 692px) 100vw, 692px\" \/><\/div><\/div><\/div><\/div><\/div><\/div><\/div><\/section><section class=\"l-section wpb_row height_auto\"><div class=\"l-section-h i-cf\"><div class=\"g-cols vc_row via_flex valign_top type_default stacking_default\"><div class=\"vc_col-sm-12 wpb_column vc_column_container\"><div class=\"vc_column-inner\"><div class=\"wpb_wrapper\"><div class=\"w-hwrapper valign_middle align_center\" style=\"--hwrapper-gap:0px\"><div data-reveal-offset=\"0.1\" class=\"w-image us_custom_bbdbd1e3 reveal-up has_height align_center\"><div class=\"w-image-h\"><img decoding=\"async\" width=\"864\" height=\"925\" src=\"https:\/\/avocoop.com\/wp-content\/uploads\/2026\/02\/Crecimiento-planta-Origin5-con-flores-e1772193510324.png\" class=\"attachment-full size-full\" alt=\"Crecimiento planta\" loading=\"lazy\" srcset=\"https:\/\/avocoop.com\/wp-content\/uploads\/2026\/02\/Crecimiento-planta-Origin5-con-flores-e1772193510324.png 864w, https:\/\/avocoop.com\/wp-content\/uploads\/2026\/02\/Crecimiento-planta-Origin5-con-flores-e1772193510324-280x300.png 280w\" sizes=\"auto, (max-width: 864px) 100vw, 864px\" \/><\/div><\/div><\/div><\/div><\/div><\/div><\/div><\/div><\/section><section class=\"l-section wpb_row us_custom_f3f68ac4 height_medium\"><div class=\"l-section-h i-cf\"><div class=\"g-cols vc_row via_flex valign_top type_default stacking_default\"><div class=\"vc_col-sm-12 wpb_column vc_column_container\"><div class=\"vc_column-inner\"><div class=\"wpb_wrapper\"><div class=\"w-separator size_medium\"><\/div><div class=\"w-image hide_on_default hide_on_laptops align_center\"><div class=\"w-image-h\"><img decoding=\"async\" width=\"1536\" height=\"1024\" src=\"https:\/\/avocoop.com\/wp-content\/uploads\/2026\/03\/ChatGPT-Image-24-mar-2026-14_38_15-2.png\" class=\"attachment-full size-full\" alt=\"origin5\" loading=\"lazy\" srcset=\"https:\/\/avocoop.com\/wp-content\/uploads\/2026\/03\/ChatGPT-Image-24-mar-2026-14_38_15-2.png 1536w, https:\/\/avocoop.com\/wp-content\/uploads\/2026\/03\/ChatGPT-Image-24-mar-2026-14_38_15-2-300x200.png 300w, https:\/\/avocoop.com\/wp-content\/uploads\/2026\/03\/ChatGPT-Image-24-mar-2026-14_38_15-2-1024x683.png 1024w\" sizes=\"auto, (max-width: 1536px) 100vw, 1536px\" \/><\/div><\/div><div class=\"g-cols wpb_row blocks-animation via_flex valign_top type_default stacking_default\"><div class=\"vc_col-sm-4 wpb_column vc_column_container\"><div class=\"vc_column-inner\"><div class=\"wpb_wrapper\"><div data-us-scroll=\"{&quot;from_initial_position&quot;:&quot;0&quot;,&quot;start_position&quot;:&quot;0%&quot;,&quot;end_position&quot;:&quot;75%&quot;,&quot;delay&quot;:&quot;0.2s&quot;,&quot;translate_y_direction&quot;:&quot;up&quot;,&quot;translate_y_speed&quot;:&quot;0.2x&quot;,&quot;opacity_direction&quot;:&quot;out-in-out&quot;}\" class=\"w-vwrapper us_custom_0b050b5d has_scroll_effects has_translate_y has_opacity align_none valign_top\"><div class=\"wpb_text_column\"><div class=\"wpb_wrapper\"><h3><strong><span class=\"anio-grande\">23% <\/span>Le point exact<\/strong><\/h3>\n<\/div><\/div><div class=\"wpb_text_column\"><div class=\"wpb_wrapper\"><p>Tous les avocats ne deviennent pas des <strong>ORIGIN5<\/strong>.<\/p>\n<p>Seuls ceux qui atteignent au <strong>moins 23% de mati\u00e8re s\u00e8che<\/strong> au moment de la r\u00e9colte sont s\u00e9lectionn\u00e9s.<\/p>\n<p>C&rsquo;est un chiffre.<br \/>\nMais c&rsquo;est aussi une d\u00e9cision.<br \/>\nC&rsquo;est le moment pr\u00e9cis o\u00f9 la nature et le temps s&rsquo;alignent.<\/p>\n<\/div><\/div><\/div><\/div><\/div><\/div><div class=\"vc_col-sm-4 wpb_column vc_column_container\"><div class=\"vc_column-inner\"><div class=\"wpb_wrapper\"><div class=\"w-image us_custom_b21b2c83 hide_on_tablets hide_on_mobiles align_center\"><div class=\"w-image-h\"><img decoding=\"async\" width=\"1536\" height=\"1024\" src=\"https:\/\/avocoop.com\/wp-content\/uploads\/2026\/03\/ChatGPT-Image-24-mar-2026-14_38_15-2.png\" class=\"attachment-full size-full\" alt=\"origin5\" loading=\"lazy\" srcset=\"https:\/\/avocoop.com\/wp-content\/uploads\/2026\/03\/ChatGPT-Image-24-mar-2026-14_38_15-2.png 1536w, https:\/\/avocoop.com\/wp-content\/uploads\/2026\/03\/ChatGPT-Image-24-mar-2026-14_38_15-2-300x200.png 300w, https:\/\/avocoop.com\/wp-content\/uploads\/2026\/03\/ChatGPT-Image-24-mar-2026-14_38_15-2-1024x683.png 1024w\" sizes=\"auto, (max-width: 1536px) 100vw, 1536px\" \/><\/div><\/div><\/div><\/div><\/div><div class=\"vc_col-sm-4 wpb_column vc_column_container\"><div class=\"vc_column-inner\"><div class=\"wpb_wrapper\"><div data-us-scroll=\"{&quot;from_initial_position&quot;:&quot;0&quot;,&quot;start_position&quot;:&quot;20%&quot;,&quot;end_position&quot;:&quot;75%&quot;,&quot;delay&quot;:&quot;0.2s&quot;,&quot;translate_y_direction&quot;:&quot;up&quot;,&quot;translate_y_speed&quot;:&quot;0.2x&quot;,&quot;opacity_direction&quot;:&quot;out-in-out&quot;}\" class=\"w-vwrapper us_custom_0ebe1454 has_scroll_effects has_translate_y has_opacity align_none valign_top\">[vc_custom_heading text=\u00a0\u00bbS\u00e9lection pr\u00e9cise\u00a0\u00bb font_container=\u00a0\u00bbtag:h3|text_align:left\u00a0\u00bb use_theme_fonts=\u00a0\u00bbyes\u00a0\u00bb css=\u00a0\u00bb%7B%22default%22%3A%7B%22font-weight%22%3A%22700%22%7D%7D\u00a0\u00bb]<div class=\"wpb_text_column\"><div class=\"wpb_wrapper\"><p>Derri\u00e8re ces 23%, il y a un contr\u00f4le agronomique, un suivi sur le terrain et une r\u00e9colte au moment opportun.<\/p>\n<p>Dans le respect du rythme naturel de chaque origine.<\/p>\n<\/div><\/div><\/div><\/div><\/div><\/div><\/div><\/div><\/div><\/div><\/div><\/div><\/section><section class=\"l-section wpb_row us_custom_19737bc8 height_small width_full\"><div class=\"l-section-h i-cf\"><div class=\"g-cols vc_row via_flex valign_top type_default stacking_default\"><div class=\"vc_col-sm-12 wpb_column vc_column_container\"><div class=\"vc_column-inner\"><div class=\"wpb_wrapper\"><div class=\"wpb_text_column\"><div class=\"wpb_wrapper\"><div style=\"height: 12px; background: repeating-linear-gradient( 90deg, #0d0d0d 0px, #0d0d0d 18px, #C8973A 18px, #C8973A 30px );\"><\/div>\n<\/div><\/div><div class=\"w-separator size_small\"><\/div><\/div><\/div><\/div><\/div><\/div><\/section><section class=\"l-section wpb_row us_custom_043e4852 height_medium\"><div class=\"l-section-h i-cf\"><div class=\"g-cols vc_row via_flex valign_middle type_default stacking_default\"><div class=\"vc_col-sm-6 wpb_column vc_column_container\"><div class=\"vc_column-inner us_custom_b74f6679 us_animate_this\"><div class=\"wpb_wrapper\">[vc_custom_heading text=\u00a0\u00bbLE MOMENT ID\u00c9AL\u00a0\u00bb use_theme_fonts=\u00a0\u00bbyes\u00a0\u00bb css=\u00a0\u00bb%7B%22default%22%3A%7B%22font-size%22%3A%223.226rem%22%2C%22line-height%22%3A%221.05%22%2C%22letter-spacing%22%3A%220px%22%2C%22font-weight%22%3A%22600%22%7D%7D\u00a0\u00bb]<div class=\"wpb_text_column us_custom_ea76afbe\"><div class=\"wpb_wrapper\"><p style=\"text-align: center;\">Lorsque la pulpe c\u00e8de fermement.<br \/>\nLorsque la texture se r\u00e9v\u00e8le dense, soyeuse et parfaitement cr\u00e9meuse.<\/p>\n<p style=\"text-align: center;\">\u00c0 ce stade, l&rsquo;huile naturelle a atteint son \u00e9quilibre parfait.<br \/>\nLe go\u00fbt est profond, net, doux et persistant.<br \/>\nL&rsquo;exp\u00e9rience s&rsquo;\u00e9l\u00e8ve.<\/p>\n<\/div><\/div><div class=\"w-html\"><div style=\"background:#0d0d0d; padding:40px 48px; border-left:4px solid #C8973A; margin:24px 0;\">\n  <p style=\"font-size:42px; font-weight:700; letter-spacing:.1em; text-transform:uppercase; color:#C8973A; margin:0 0 20px; text-align:center;\">\u00abC'EST LA NORME ORIGIN5\u00bb<\/p>\n  <p style=\"font-size:32px; color:rgba(255,255,255,0.85); line-height:1.6; margin:0; text-align:center;\">\u00c0 23%, l'avocat atteint son plein potentiel et son \u00e9quilibre optimal. Sa teneur optimale en huile naturelle lui conf\u00e8re cette onctuosit\u00e9 enveloppante qui fait toute son identit\u00e9.<\/p>\n<\/div><\/div><\/div><\/div><\/div><div class=\"vc_col-sm-6 wpb_column vc_column_container has_bg_color stretched\"><div class=\"vc_column-inner us_custom_770836b2\"><div class=\"wpb_wrapper\"><\/div><\/div><\/div><\/div><\/div><\/section>\n","protected":false},"excerpt":{"rendered":"23% Le point exact Tous les avocats ne deviennent pas des ORIGIN5. Seuls ceux qui atteignent au moins 23% de mati\u00e8re s\u00e8che au moment de la r\u00e9colte sont s\u00e9lectionn\u00e9s. C&rsquo;est un chiffre. Mais c&rsquo;est aussi une d\u00e9cision. C&rsquo;est le moment pr\u00e9cis o\u00f9 la nature et le temps s&rsquo;alignent. [vc_custom_heading text=\"S\u00e9lection pr\u00e9cise\" font_container=\"tag:h3|text_align:left\" use_theme_fonts=\"yes\" css=\"%7B%22default%22%3A%7B%22font-weight%22%3A%22700%22%7D%7D\"]Derri\u00e8re ces...","protected":false},"author":1,"featured_media":0,"parent":0,"menu_order":0,"comment_status":"closed","ping_status":"closed","template":"","meta":{"_acf_changed":false,"footnotes":""},"class_list":["post-3068","page","type-page","status-publish","hentry"],"acf":[],"yoast_head":"<!-- This site is optimized with the Yoast SEO plugin v27.5 - https:\/\/yoast.com\/product\/yoast-seo-wordpress\/ -->\n<title>Avocat premium \u00e0 la source | Avocat extra et boutique<\/title>\n<meta name=\"description\" content=\"D\u00e9couvrez ORIGIN5, notre avocat haut de gamme provenant d&#039;Espagne, du P\u00e9rou, de Colombie, du Chili et de R\u00e9publique dominicaine. D\u00e9couvrez notre avocat boutique.\" \/>\n<meta name=\"robots\" content=\"index, follow, max-snippet:-1, max-image-preview:large, max-video-preview:-1\" \/>\n<link rel=\"canonical\" href=\"https:\/\/avocoop.com\/fr\/origin5\/\" \/>\n<meta property=\"og:locale\" content=\"fr_FR\" \/>\n<meta property=\"og:type\" content=\"article\" \/>\n<meta property=\"og:title\" content=\"Avocat premium \u00e0 la source | Avocat extra et boutique\" \/>\n<meta property=\"og:description\" content=\"D\u00e9couvrez ORIGIN5, notre avocat haut de gamme provenant d&#039;Espagne, du P\u00e9rou, de Colombie, du Chili et de R\u00e9publique dominicaine. D\u00e9couvrez notre avocat boutique.\" \/>\n<meta property=\"og:url\" content=\"https:\/\/avocoop.com\/fr\/origin5\/\" \/>\n<meta property=\"og:site_name\" content=\"Avocoop\" \/>\n<meta property=\"article:modified_time\" content=\"2026-04-06T18:47:18+00:00\" \/>\n<meta name=\"twitter:card\" content=\"summary_large_image\" \/>\n<meta name=\"twitter:label1\" content=\"Dur\u00e9e de lecture estim\u00e9e\" \/>\n\t<meta name=\"twitter:data1\" content=\"1 minute\" \/>\n<script type=\"application\/ld+json\" class=\"yoast-schema-graph\">{\"@context\":\"https:\\\/\\\/schema.org\",\"@graph\":[{\"@type\":\"WebPage\",\"@id\":\"https:\\\/\\\/avocoop.com\\\/fr\\\/origin5\\\/\",\"url\":\"https:\\\/\\\/avocoop.com\\\/fr\\\/origin5\\\/\",\"name\":\"Avocat premium \u00e0 la source | Avocat extra et boutique\",\"isPartOf\":{\"@id\":\"https:\\\/\\\/avocoop.com\\\/fr\\\/#website\"},\"datePublished\":\"2026-02-27T11:19:09+00:00\",\"dateModified\":\"2026-04-06T18:47:18+00:00\",\"description\":\"D\u00e9couvrez ORIGIN5, notre avocat haut de gamme provenant d'Espagne, du P\u00e9rou, de Colombie, du Chili et de R\u00e9publique dominicaine. D\u00e9couvrez notre avocat boutique.\",\"breadcrumb\":{\"@id\":\"https:\\\/\\\/avocoop.com\\\/fr\\\/origin5\\\/#breadcrumb\"},\"inLanguage\":\"fr-FR\",\"potentialAction\":[{\"@type\":\"ReadAction\",\"target\":[\"https:\\\/\\\/avocoop.com\\\/fr\\\/origin5\\\/\"]}]},{\"@type\":\"BreadcrumbList\",\"@id\":\"https:\\\/\\\/avocoop.com\\\/fr\\\/origin5\\\/#breadcrumb\",\"itemListElement\":[{\"@type\":\"ListItem\",\"position\":1,\"name\":\"Portada\",\"item\":\"https:\\\/\\\/avocoop.com\\\/fr\\\/\"},{\"@type\":\"ListItem\",\"position\":2,\"name\":\"Origin5\"}]},{\"@type\":\"WebSite\",\"@id\":\"https:\\\/\\\/avocoop.com\\\/fr\\\/#website\",\"url\":\"https:\\\/\\\/avocoop.com\\\/fr\\\/\",\"name\":\"Avocoop\",\"description\":\"\",\"publisher\":{\"@id\":\"https:\\\/\\\/avocoop.com\\\/fr\\\/#organization\"},\"potentialAction\":[{\"@type\":\"SearchAction\",\"target\":{\"@type\":\"EntryPoint\",\"urlTemplate\":\"https:\\\/\\\/avocoop.com\\\/fr\\\/?s={search_term_string}\"},\"query-input\":{\"@type\":\"PropertyValueSpecification\",\"valueRequired\":true,\"valueName\":\"search_term_string\"}}],\"inLanguage\":\"fr-FR\"},{\"@type\":\"Organization\",\"@id\":\"https:\\\/\\\/avocoop.com\\\/fr\\\/#organization\",\"name\":\"Avocoop\",\"url\":\"https:\\\/\\\/avocoop.com\\\/fr\\\/\",\"logo\":{\"@type\":\"ImageObject\",\"inLanguage\":\"fr-FR\",\"@id\":\"https:\\\/\\\/avocoop.com\\\/fr\\\/#\\\/schema\\\/logo\\\/image\\\/\",\"url\":\"https:\\\/\\\/avocoop.com\\\/wp-content\\\/uploads\\\/2025\\\/09\\\/Logo-Verde-Militar.svg\",\"contentUrl\":\"https:\\\/\\\/avocoop.com\\\/wp-content\\\/uploads\\\/2025\\\/09\\\/Logo-Verde-Militar.svg\",\"width\":\"1024\",\"height\":\"1024\",\"caption\":\"Avocoop\"},\"image\":{\"@id\":\"https:\\\/\\\/avocoop.com\\\/fr\\\/#\\\/schema\\\/logo\\\/image\\\/\"}}]}<\/script>\n<!-- \/ Yoast SEO plugin. -->","yoast_head_json":{"title":"Avocat premium \u00e0 la source | Avocat extra et boutique","description":"D\u00e9couvrez ORIGIN5, notre avocat haut de gamme provenant d'Espagne, du P\u00e9rou, de Colombie, du Chili et de R\u00e9publique dominicaine. D\u00e9couvrez notre avocat boutique.","robots":{"index":"index","follow":"follow","max-snippet":"max-snippet:-1","max-image-preview":"max-image-preview:large","max-video-preview":"max-video-preview:-1"},"canonical":"https:\/\/avocoop.com\/fr\/origin5\/","og_locale":"fr_FR","og_type":"article","og_title":"Avocat premium \u00e0 la source | Avocat extra et boutique","og_description":"D\u00e9couvrez ORIGIN5, notre avocat haut de gamme provenant d'Espagne, du P\u00e9rou, de Colombie, du Chili et de R\u00e9publique dominicaine. D\u00e9couvrez notre avocat boutique.","og_url":"https:\/\/avocoop.com\/fr\/origin5\/","og_site_name":"Avocoop","article_modified_time":"2026-04-06T18:47:18+00:00","twitter_card":"summary_large_image","twitter_misc":{"Dur\u00e9e de lecture estim\u00e9e":"1 minute"},"schema":{"@context":"https:\/\/schema.org","@graph":[{"@type":"WebPage","@id":"https:\/\/avocoop.com\/fr\/origin5\/","url":"https:\/\/avocoop.com\/fr\/origin5\/","name":"Avocat premium \u00e0 la source | Avocat extra et boutique","isPartOf":{"@id":"https:\/\/avocoop.com\/fr\/#website"},"datePublished":"2026-02-27T11:19:09+00:00","dateModified":"2026-04-06T18:47:18+00:00","description":"D\u00e9couvrez ORIGIN5, notre avocat haut de gamme provenant d'Espagne, du P\u00e9rou, de Colombie, du Chili et de R\u00e9publique dominicaine. D\u00e9couvrez notre avocat boutique.","breadcrumb":{"@id":"https:\/\/avocoop.com\/fr\/origin5\/#breadcrumb"},"inLanguage":"fr-FR","potentialAction":[{"@type":"ReadAction","target":["https:\/\/avocoop.com\/fr\/origin5\/"]}]},{"@type":"BreadcrumbList","@id":"https:\/\/avocoop.com\/fr\/origin5\/#breadcrumb","itemListElement":[{"@type":"ListItem","position":1,"name":"Portada","item":"https:\/\/avocoop.com\/fr\/"},{"@type":"ListItem","position":2,"name":"Origin5"}]},{"@type":"WebSite","@id":"https:\/\/avocoop.com\/fr\/#website","url":"https:\/\/avocoop.com\/fr\/","name":"Avocoop","description":"","publisher":{"@id":"https:\/\/avocoop.com\/fr\/#organization"},"potentialAction":[{"@type":"SearchAction","target":{"@type":"EntryPoint","urlTemplate":"https:\/\/avocoop.com\/fr\/?s={search_term_string}"},"query-input":{"@type":"PropertyValueSpecification","valueRequired":true,"valueName":"search_term_string"}}],"inLanguage":"fr-FR"},{"@type":"Organization","@id":"https:\/\/avocoop.com\/fr\/#organization","name":"Avocoop","url":"https:\/\/avocoop.com\/fr\/","logo":{"@type":"ImageObject","inLanguage":"fr-FR","@id":"https:\/\/avocoop.com\/fr\/#\/schema\/logo\/image\/","url":"https:\/\/avocoop.com\/wp-content\/uploads\/2025\/09\/Logo-Verde-Militar.svg","contentUrl":"https:\/\/avocoop.com\/wp-content\/uploads\/2025\/09\/Logo-Verde-Militar.svg","width":"1024","height":"1024","caption":"Avocoop"},"image":{"@id":"https:\/\/avocoop.com\/fr\/#\/schema\/logo\/image\/"}}]}},"_links":{"self":[{"href":"https:\/\/avocoop.com\/fr\/wp-json\/wp\/v2\/pages\/3068","targetHints":{"allow":["GET"]}}],"collection":[{"href":"https:\/\/avocoop.com\/fr\/wp-json\/wp\/v2\/pages"}],"about":[{"href":"https:\/\/avocoop.com\/fr\/wp-json\/wp\/v2\/types\/page"}],"author":[{"embeddable":true,"href":"https:\/\/avocoop.com\/fr\/wp-json\/wp\/v2\/users\/1"}],"replies":[{"embeddable":true,"href":"https:\/\/avocoop.com\/fr\/wp-json\/wp\/v2\/comments?post=3068"}],"version-history":[{"count":7,"href":"https:\/\/avocoop.com\/fr\/wp-json\/wp\/v2\/pages\/3068\/revisions"}],"predecessor-version":[{"id":3510,"href":"https:\/\/avocoop.com\/fr\/wp-json\/wp\/v2\/pages\/3068\/revisions\/3510"}],"wp:attachment":[{"href":"https:\/\/avocoop.com\/fr\/wp-json\/wp\/v2\/media?parent=3068"}],"curies":[{"name":"wp","href":"https:\/\/api.w.org\/{rel}","templated":true}]}}